{"id":4615,"date":"2020-06-05T11:27:20","date_gmt":"2020-06-05T14:27:20","guid":{"rendered":"http:\/\/nossacasa.net\/nossosriachos\/tiririca\/?page_id=4615"},"modified":"2020-10-10T15:03:27","modified_gmt":"2020-10-10T18:03:27","slug":"grupo-15","status":"publish","type":"page","link":"http:\/\/nossacasa.net\/nossosriachos\/tiririca\/grupo-15\/","title":{"rendered":"Grupo 15"},"content":{"rendered":"<div style=\"text-align: justify;\">\n<hr \/>\n<p>O <strong>Grupo 15<\/strong> \u00e9 formado pelos <strong>ninhos de 131 a 140<\/strong> colocados na margem esquerda do c\u00f3rrego.<\/p>\n<hr \/>\n<p>Os ninhos do grupo 15 foram adotados por <strong>Bia &#038; Borges<\/strong>.<\/p>\n<hr \/>\n<p><strong>ATIVIDADES<\/strong>:<\/p>\n<hr \/>\n<p>Na s\u00e1bado, 10\/10\/2020, Rafael e Pedro Callil estiveram trabalhando nos ninhos. Plantaram um coroa de abacaxi na estaca 135 e sementes de feij\u00e3o-de-porco, pau-ferro e flambyant-mirim. Entre as estacas 135-140.<br \/>\n<strong>FOTOS<\/strong>:<\/p>\n<hr \/>\n<p><img loading=\"lazy\" decoding=\"async\" src=\"http:\/\/nossacasa.net\/nossosriachos\/tiririca\/wp-content\/uploads\/sites\/12\/2020\/10\/Rafael_2020-10-10-at-14.02.15_2.jpeg\" alt=\"\" width=\"962\" height=\"1280\" class=\"aligncenter size-full wp-image-5154\" srcset=\"http:\/\/nossacasa.net\/nossosriachos\/tiririca\/wp-content\/uploads\/sites\/12\/2020\/10\/Rafael_2020-10-10-at-14.02.15_2.jpeg 962w, http:\/\/nossacasa.net\/nossosriachos\/tiririca\/wp-content\/uploads\/sites\/12\/2020\/10\/Rafael_2020-10-10-at-14.02.15_2-225x300.jpeg 225w, http:\/\/nossacasa.net\/nossosriachos\/tiririca\/wp-content\/uploads\/sites\/12\/2020\/10\/Rafael_2020-10-10-at-14.02.15_2-770x1024.jpeg 770w, http:\/\/nossacasa.net\/nossosriachos\/tiririca\/wp-content\/uploads\/sites\/12\/2020\/10\/Rafael_2020-10-10-at-14.02.15_2-768x1022.jpeg 768w\" sizes=\"auto, (max-width: 767px) 89vw, (max-width: 1000px) 54vw, (max-width: 1071px) 543px, 580px\" \/><\/p>\n<p><img loading=\"lazy\" decoding=\"async\" src=\"http:\/\/nossacasa.net\/nossosriachos\/tiririca\/wp-content\/uploads\/sites\/12\/2020\/10\/Rafael_2020-10-10-at-14.02.15.jpeg\" alt=\"\" width=\"960\" height=\"1280\" class=\"aligncenter size-full wp-image-5153\" srcset=\"http:\/\/nossacasa.net\/nossosriachos\/tiririca\/wp-content\/uploads\/sites\/12\/2020\/10\/Rafael_2020-10-10-at-14.02.15.jpeg 960w, http:\/\/nossacasa.net\/nossosriachos\/tiririca\/wp-content\/uploads\/sites\/12\/2020\/10\/Rafael_2020-10-10-at-14.02.15-225x300.jpeg 225w, http:\/\/nossacasa.net\/nossosriachos\/tiririca\/wp-content\/uploads\/sites\/12\/2020\/10\/Rafael_2020-10-10-at-14.02.15-768x1024.jpeg 768w\" sizes=\"auto, (max-width: 767px) 89vw, (max-width: 1000px) 54vw, (max-width: 1071px) 543px, 580px\" \/><\/p>\n<p><img loading=\"lazy\" decoding=\"async\" src=\"http:\/\/nossacasa.net\/nossosriachos\/tiririca\/wp-content\/uploads\/sites\/12\/2020\/10\/Rafael_2020-10-10-at-14.02.17_2.jpeg\" alt=\"\" width=\"960\" height=\"1280\" class=\"aligncenter size-full wp-image-5157\" srcset=\"http:\/\/nossacasa.net\/nossosriachos\/tiririca\/wp-content\/uploads\/sites\/12\/2020\/10\/Rafael_2020-10-10-at-14.02.17_2.jpeg 960w, http:\/\/nossacasa.net\/nossosriachos\/tiririca\/wp-content\/uploads\/sites\/12\/2020\/10\/Rafael_2020-10-10-at-14.02.17_2-225x300.jpeg 225w, http:\/\/nossacasa.net\/nossosriachos\/tiririca\/wp-content\/uploads\/sites\/12\/2020\/10\/Rafael_2020-10-10-at-14.02.17_2-768x1024.jpeg 768w\" sizes=\"auto, (max-width: 767px) 89vw, (max-width: 1000px) 54vw, (max-width: 1071px) 543px, 580px\" \/><\/p>\n<p><img loading=\"lazy\" decoding=\"async\" src=\"http:\/\/nossacasa.net\/nossosriachos\/tiririca\/wp-content\/uploads\/sites\/12\/2020\/10\/Rafael_2020-10-10-at-14.02.18.jpeg\" alt=\"\" width=\"960\" height=\"1280\" class=\"aligncenter size-full wp-image-5158\" srcset=\"http:\/\/nossacasa.net\/nossosriachos\/tiririca\/wp-content\/uploads\/sites\/12\/2020\/10\/Rafael_2020-10-10-at-14.02.18.jpeg 960w, http:\/\/nossacasa.net\/nossosriachos\/tiririca\/wp-content\/uploads\/sites\/12\/2020\/10\/Rafael_2020-10-10-at-14.02.18-225x300.jpeg 225w, http:\/\/nossacasa.net\/nossosriachos\/tiririca\/wp-content\/uploads\/sites\/12\/2020\/10\/Rafael_2020-10-10-at-14.02.18-768x1024.jpeg 768w\" sizes=\"auto, (max-width: 767px) 89vw, (max-width: 1000px) 54vw, (max-width: 1071px) 543px, 580px\" \/><\/p>\n<p><img loading=\"lazy\" decoding=\"async\" src=\"http:\/\/nossacasa.net\/nossosriachos\/tiririca\/wp-content\/uploads\/sites\/12\/2020\/10\/Rafael_2020-10-10-at-14.02.17.jpeg\" alt=\"\" width=\"960\" height=\"1280\" class=\"aligncenter size-full wp-image-5156\" srcset=\"http:\/\/nossacasa.net\/nossosriachos\/tiririca\/wp-content\/uploads\/sites\/12\/2020\/10\/Rafael_2020-10-10-at-14.02.17.jpeg 960w, http:\/\/nossacasa.net\/nossosriachos\/tiririca\/wp-content\/uploads\/sites\/12\/2020\/10\/Rafael_2020-10-10-at-14.02.17-225x300.jpeg 225w, http:\/\/nossacasa.net\/nossosriachos\/tiririca\/wp-content\/uploads\/sites\/12\/2020\/10\/Rafael_2020-10-10-at-14.02.17-768x1024.jpeg 768w\" sizes=\"auto, (max-width: 767px) 89vw, (max-width: 1000px) 54vw, (max-width: 1071px) 543px, 580px\" \/><\/p>\n<p><img loading=\"lazy\" decoding=\"async\" src=\"http:\/\/nossacasa.net\/nossosriachos\/tiririca\/wp-content\/uploads\/sites\/12\/2020\/10\/Rafael_2020-10-10-at-14.02.16.jpeg\" alt=\"\" width=\"960\" height=\"1280\" class=\"aligncenter size-full wp-image-5155\" srcset=\"http:\/\/nossacasa.net\/nossosriachos\/tiririca\/wp-content\/uploads\/sites\/12\/2020\/10\/Rafael_2020-10-10-at-14.02.16.jpeg 960w, http:\/\/nossacasa.net\/nossosriachos\/tiririca\/wp-content\/uploads\/sites\/12\/2020\/10\/Rafael_2020-10-10-at-14.02.16-225x300.jpeg 225w, http:\/\/nossacasa.net\/nossosriachos\/tiririca\/wp-content\/uploads\/sites\/12\/2020\/10\/Rafael_2020-10-10-at-14.02.16-768x1024.jpeg 768w\" sizes=\"auto, (max-width: 767px) 89vw, (max-width: 1000px) 54vw, (max-width: 1071px) 543px, 580px\" \/><\/p>\n<hr \/>\n<p><strong>ATIVIDADES<\/strong>:<\/p>\n<hr \/>\n<p>Na segunda-feira, 7\/09\/2020, Rafael e Bia estiveram trabalhando nos ninhos. Plantaram duas mudas de Cara-do-ar\/Cara-moela (<em>Dioscorea bulbifera<\/em>) (no p\u00e9 das \u00e1rvores das estacas 122 e 124); suculentas diversas e sementes de lavanda, mam\u00e3o e feij\u00e3o de porco entre as estacas 120-140; ro\u00e7amos um pouco do mato com a enxada e jogamos tb um pouco de material.<br \/>\n<strong>FOTOS<\/strong>:<\/p>\n<hr \/>\n<p><img loading=\"lazy\" decoding=\"async\" src=\"http:\/\/nossacasa.net\/nossosriachos\/tiririca\/wp-content\/uploads\/sites\/12\/2020\/09\/Borges_2020-09-07-at-17.33.53.jpeg\" alt=\"\" width=\"726\" height=\"1280\" class=\"aligncenter size-full wp-image-5060\" srcset=\"http:\/\/nossacasa.net\/nossosriachos\/tiririca\/wp-content\/uploads\/sites\/12\/2020\/09\/Borges_2020-09-07-at-17.33.53.jpeg 726w, http:\/\/nossacasa.net\/nossosriachos\/tiririca\/wp-content\/uploads\/sites\/12\/2020\/09\/Borges_2020-09-07-at-17.33.53-170x300.jpeg 170w, http:\/\/nossacasa.net\/nossosriachos\/tiririca\/wp-content\/uploads\/sites\/12\/2020\/09\/Borges_2020-09-07-at-17.33.53-581x1024.jpeg 581w\" sizes=\"auto, (max-width: 726px) 100vw, 726px\" \/><\/p>\n<p><img loading=\"lazy\" decoding=\"async\" src=\"http:\/\/nossacasa.net\/nossosriachos\/tiririca\/wp-content\/uploads\/sites\/12\/2020\/09\/Borges_2020-09-07-at-17.34.06.jpeg\" alt=\"\" width=\"960\" height=\"1280\" class=\"aligncenter size-full wp-image-5061\" srcset=\"http:\/\/nossacasa.net\/nossosriachos\/tiririca\/wp-content\/uploads\/sites\/12\/2020\/09\/Borges_2020-09-07-at-17.34.06.jpeg 960w, http:\/\/nossacasa.net\/nossosriachos\/tiririca\/wp-content\/uploads\/sites\/12\/2020\/09\/Borges_2020-09-07-at-17.34.06-225x300.jpeg 225w, http:\/\/nossacasa.net\/nossosriachos\/tiririca\/wp-content\/uploads\/sites\/12\/2020\/09\/Borges_2020-09-07-at-17.34.06-768x1024.jpeg 768w\" sizes=\"auto, (max-width: 767px) 89vw, (max-width: 1000px) 54vw, (max-width: 1071px) 543px, 580px\" \/><\/p>\n<p><img loading=\"lazy\" decoding=\"async\" src=\"http:\/\/nossacasa.net\/nossosriachos\/tiririca\/wp-content\/uploads\/sites\/12\/2020\/09\/Borges_2020-09-07-at-17.34.28.jpeg\" alt=\"\" width=\"960\" height=\"1280\" class=\"aligncenter size-full wp-image-5062\" srcset=\"http:\/\/nossacasa.net\/nossosriachos\/tiririca\/wp-content\/uploads\/sites\/12\/2020\/09\/Borges_2020-09-07-at-17.34.28.jpeg 960w, http:\/\/nossacasa.net\/nossosriachos\/tiririca\/wp-content\/uploads\/sites\/12\/2020\/09\/Borges_2020-09-07-at-17.34.28-225x300.jpeg 225w, http:\/\/nossacasa.net\/nossosriachos\/tiririca\/wp-content\/uploads\/sites\/12\/2020\/09\/Borges_2020-09-07-at-17.34.28-768x1024.jpeg 768w\" sizes=\"auto, (max-width: 767px) 89vw, (max-width: 1000px) 54vw, (max-width: 1071px) 543px, 580px\" \/><\/p>\n<p><img loading=\"lazy\" decoding=\"async\" src=\"http:\/\/nossacasa.net\/nossosriachos\/tiririca\/wp-content\/uploads\/sites\/12\/2020\/09\/Borges_2020-09-07-at-17.34.37.jpeg\" alt=\"\" width=\"960\" height=\"1280\" class=\"aligncenter size-full wp-image-5063\" srcset=\"http:\/\/nossacasa.net\/nossosriachos\/tiririca\/wp-content\/uploads\/sites\/12\/2020\/09\/Borges_2020-09-07-at-17.34.37.jpeg 960w, http:\/\/nossacasa.net\/nossosriachos\/tiririca\/wp-content\/uploads\/sites\/12\/2020\/09\/Borges_2020-09-07-at-17.34.37-225x300.jpeg 225w, http:\/\/nossacasa.net\/nossosriachos\/tiririca\/wp-content\/uploads\/sites\/12\/2020\/09\/Borges_2020-09-07-at-17.34.37-768x1024.jpeg 768w\" sizes=\"auto, (max-width: 767px) 89vw, (max-width: 1000px) 54vw, (max-width: 1071px) 543px, 580px\" \/><\/p>\n<p><img loading=\"lazy\" decoding=\"async\" src=\"http:\/\/nossacasa.net\/nossosriachos\/tiririca\/wp-content\/uploads\/sites\/12\/2020\/09\/Borges_2020-09-07-at-17.34.48.jpeg\" alt=\"\" width=\"960\" height=\"1280\" class=\"aligncenter size-full wp-image-5064\" srcset=\"http:\/\/nossacasa.net\/nossosriachos\/tiririca\/wp-content\/uploads\/sites\/12\/2020\/09\/Borges_2020-09-07-at-17.34.48.jpeg 960w, http:\/\/nossacasa.net\/nossosriachos\/tiririca\/wp-content\/uploads\/sites\/12\/2020\/09\/Borges_2020-09-07-at-17.34.48-225x300.jpeg 225w, http:\/\/nossacasa.net\/nossosriachos\/tiririca\/wp-content\/uploads\/sites\/12\/2020\/09\/Borges_2020-09-07-at-17.34.48-768x1024.jpeg 768w\" sizes=\"auto, (max-width: 767px) 89vw, (max-width: 1000px) 54vw, (max-width: 1071px) 543px, 580px\" \/><\/p>\n<p><img loading=\"lazy\" decoding=\"async\" src=\"http:\/\/nossacasa.net\/nossosriachos\/tiririca\/wp-content\/uploads\/sites\/12\/2020\/09\/Borges_2020-09-07-at-17.35.06.jpeg\" alt=\"\" width=\"960\" height=\"1280\" class=\"aligncenter size-full wp-image-5065\" srcset=\"http:\/\/nossacasa.net\/nossosriachos\/tiririca\/wp-content\/uploads\/sites\/12\/2020\/09\/Borges_2020-09-07-at-17.35.06.jpeg 960w, http:\/\/nossacasa.net\/nossosriachos\/tiririca\/wp-content\/uploads\/sites\/12\/2020\/09\/Borges_2020-09-07-at-17.35.06-225x300.jpeg 225w, http:\/\/nossacasa.net\/nossosriachos\/tiririca\/wp-content\/uploads\/sites\/12\/2020\/09\/Borges_2020-09-07-at-17.35.06-768x1024.jpeg 768w\" sizes=\"auto, (max-width: 767px) 89vw, (max-width: 1000px) 54vw, (max-width: 1071px) 543px, 580px\" \/><\/p>\n<p><img loading=\"lazy\" decoding=\"async\" src=\"http:\/\/nossacasa.net\/nossosriachos\/tiririca\/wp-content\/uploads\/sites\/12\/2020\/09\/Borges_2020-09-07-at-17.35.19.jpeg\" alt=\"\" width=\"960\" height=\"1280\" class=\"aligncenter size-full wp-image-5066\" srcset=\"http:\/\/nossacasa.net\/nossosriachos\/tiririca\/wp-content\/uploads\/sites\/12\/2020\/09\/Borges_2020-09-07-at-17.35.19.jpeg 960w, http:\/\/nossacasa.net\/nossosriachos\/tiririca\/wp-content\/uploads\/sites\/12\/2020\/09\/Borges_2020-09-07-at-17.35.19-225x300.jpeg 225w, http:\/\/nossacasa.net\/nossosriachos\/tiririca\/wp-content\/uploads\/sites\/12\/2020\/09\/Borges_2020-09-07-at-17.35.19-768x1024.jpeg 768w\" sizes=\"auto, (max-width: 767px) 89vw, (max-width: 1000px) 54vw, (max-width: 1071px) 543px, 580px\" \/><\/p>\n<hr \/>\n<p><strong>ATIVIDADES<\/strong>:<br \/>\nNo domingo, 16\/08\/2020, Bia e Borges estiveram trabalhando nos ninhos. Foram colocadas prote\u00e7\u00f5es em todas as estacas, exceto as mais finas. V\u00e3o providenciar outro tipo de garrafa. Foi identificada a falta da estaca 140.<\/p>\n<hr \/>\n<p><strong>FOTOS<\/strong>:<\/p>\n<hr \/>\n<figure id=\"attachment_4973\" aria-describedby=\"caption-attachment-4973\" style=\"width: 962px\" class=\"wp-caption aligncenter\"><img loading=\"lazy\" decoding=\"async\" src=\"http:\/\/nossacasa.net\/nossosriachos\/tiririca\/wp-content\/uploads\/sites\/12\/2020\/08\/Borges-Bia-2020-08-16-at-10.14.10.jpg\" alt=\"\" width=\"962\" height=\"1280\" class=\"size-full wp-image-4973\" srcset=\"http:\/\/nossacasa.net\/nossosriachos\/tiririca\/wp-content\/uploads\/sites\/12\/2020\/08\/Borges-Bia-2020-08-16-at-10.14.10.jpg 962w, http:\/\/nossacasa.net\/nossosriachos\/tiririca\/wp-content\/uploads\/sites\/12\/2020\/08\/Borges-Bia-2020-08-16-at-10.14.10-225x300.jpg 225w, http:\/\/nossacasa.net\/nossosriachos\/tiririca\/wp-content\/uploads\/sites\/12\/2020\/08\/Borges-Bia-2020-08-16-at-10.14.10-770x1024.jpg 770w, http:\/\/nossacasa.net\/nossosriachos\/tiririca\/wp-content\/uploads\/sites\/12\/2020\/08\/Borges-Bia-2020-08-16-at-10.14.10-768x1022.jpg 768w\" sizes=\"auto, (max-width: 767px) 89vw, (max-width: 1000px) 54vw, (max-width: 1071px) 543px, 580px\" \/><figcaption id=\"caption-attachment-4973\" class=\"wp-caption-text\">Bia &#038; Borges<\/figcaption><\/figure>\n<hr \/>\n<figure id=\"attachment_4974\" aria-describedby=\"caption-attachment-4974\" style=\"width: 960px\" class=\"wp-caption aligncenter\"><img loading=\"lazy\" decoding=\"async\" src=\"http:\/\/nossacasa.net\/nossosriachos\/tiririca\/wp-content\/uploads\/sites\/12\/2020\/08\/Material-de-trabalho-2020-08-16.jpg\" alt=\"\" width=\"960\" height=\"1280\" class=\"size-full wp-image-4974\" srcset=\"http:\/\/nossacasa.net\/nossosriachos\/tiririca\/wp-content\/uploads\/sites\/12\/2020\/08\/Material-de-trabalho-2020-08-16.jpg 960w, http:\/\/nossacasa.net\/nossosriachos\/tiririca\/wp-content\/uploads\/sites\/12\/2020\/08\/Material-de-trabalho-2020-08-16-225x300.jpg 225w, http:\/\/nossacasa.net\/nossosriachos\/tiririca\/wp-content\/uploads\/sites\/12\/2020\/08\/Material-de-trabalho-2020-08-16-768x1024.jpg 768w\" sizes=\"auto, (max-width: 767px) 89vw, (max-width: 1000px) 54vw, (max-width: 1071px) 543px, 580px\" \/><figcaption id=\"caption-attachment-4974\" class=\"wp-caption-text\">Material de trabalho<\/figcaption><\/figure>\n<hr \/>\n<p><strong><a href=\"http:\/\/nossacasa.net\/nossosriachos\/tiririca\/grupo-15-ninhos-de-130-a-139\/\">Composi\u00e7\u00e3o bot\u00e2nica dos ninhos e entre ninhos do Grupo 15<\/a><\/strong><\/p>\n<hr \/>\n<\/div>\n","protected":false},"excerpt":{"rendered":"<p>O Grupo 15 \u00e9 formado pelos ninhos de 131 a 140 colocados na margem esquerda do c\u00f3rrego. Os ninhos do grupo 15 foram adotados por Bia &#038; Borges. ATIVIDADES: Na s\u00e1bado, 10\/10\/2020, Rafael e Pedro Callil estiveram trabalhando nos ninhos. Plantaram um coroa de abacaxi na estaca 135 e sementes de feij\u00e3o-de-porco, pau-ferro e flambyant-mirim. &hellip; <\/p>\n<p class=\"link-more\"><a href=\"http:\/\/nossacasa.net\/nossosriachos\/tiririca\/grupo-15\/\" class=\"more-link\">Continue lendo<span class=\"screen-reader-text\"> &#8220;Grupo 15&#8221;<\/span><\/a><\/p>\n","protected":false},"author":1,"featured_media":0,"parent":0,"menu_order":0,"comment_status":"closed","ping_status":"closed","template":"","meta":{"footnotes":""},"class_list":["post-4615","page","type-page","status-publish","hentry"],"_links":{"self":[{"href":"http:\/\/nossacasa.net\/nossosriachos\/tiririca\/wp-json\/wp\/v2\/pages\/4615","targetHints":{"allow":["GET"]}}],"collection":[{"href":"http:\/\/nossacasa.net\/nossosriachos\/tiririca\/wp-json\/wp\/v2\/pages"}],"about":[{"href":"http:\/\/nossacasa.net\/nossosriachos\/tiririca\/wp-json\/wp\/v2\/types\/page"}],"author":[{"embeddable":true,"href":"http:\/\/nossacasa.net\/nossosriachos\/tiririca\/wp-json\/wp\/v2\/users\/1"}],"replies":[{"embeddable":true,"href":"http:\/\/nossacasa.net\/nossosriachos\/tiririca\/wp-json\/wp\/v2\/comments?post=4615"}],"version-history":[{"count":8,"href":"http:\/\/nossacasa.net\/nossosriachos\/tiririca\/wp-json\/wp\/v2\/pages\/4615\/revisions"}],"predecessor-version":[{"id":5160,"href":"http:\/\/nossacasa.net\/nossosriachos\/tiririca\/wp-json\/wp\/v2\/pages\/4615\/revisions\/5160"}],"wp:attachment":[{"href":"http:\/\/nossacasa.net\/nossosriachos\/tiririca\/wp-json\/wp\/v2\/media?parent=4615"}],"curies":[{"name":"wp","href":"https:\/\/api.w.org\/{rel}","templated":true}]}}