{"id":5032,"date":"2020-08-26T17:06:30","date_gmt":"2020-08-26T20:06:30","guid":{"rendered":"http:\/\/nossacasa.net\/nossosriachos\/tiririca\/?page_id=5032"},"modified":"2020-08-26T17:09:44","modified_gmt":"2020-08-26T20:09:44","slug":"grupo-18","status":"publish","type":"page","link":"http:\/\/nossacasa.net\/nossosriachos\/tiririca\/grupo-18\/","title":{"rendered":"Grupo 18"},"content":{"rendered":"<div style=\"text-align: justify;\">\n<hr \/>\n<p>O <strong>Grupo 18<\/strong> \u00e9 formado pelos <strong>ninhos de 161 a 170<\/strong> colocados na margem esquerda do c\u00f3rrego.<\/p>\n<hr \/>\n<p>Os ninhos do grupo 18 ainda n\u00e3o adotados.<\/p>\n<hr \/>\n<p><strong><a href=\"http:\/\/nossacasa.net\/nossosriachos\/tiririca\/grupo-18-ninhos-de-161-a-170\/\">Composi\u00e7\u00e3o bot\u00e2nica dos ninhos e entre ninhos do Grupo 18<\/a><\/strong><\/p>\n<hr \/>\n<\/div>\n","protected":false},"excerpt":{"rendered":"<p>O Grupo 18 \u00e9 formado pelos ninhos de 161 a 170 colocados na margem esquerda do c\u00f3rrego. Os ninhos do grupo 18 ainda n\u00e3o adotados. Composi\u00e7\u00e3o bot\u00e2nica dos ninhos e entre ninhos do Grupo 18<\/p>\n","protected":false},"author":1,"featured_media":0,"parent":0,"menu_order":0,"comment_status":"closed","ping_status":"closed","template":"","meta":{"footnotes":""},"class_list":["post-5032","page","type-page","status-publish","hentry"],"_links":{"self":[{"href":"http:\/\/nossacasa.net\/nossosriachos\/tiririca\/wp-json\/wp\/v2\/pages\/5032","targetHints":{"allow":["GET"]}}],"collection":[{"href":"http:\/\/nossacasa.net\/nossosriachos\/tiririca\/wp-json\/wp\/v2\/pages"}],"about":[{"href":"http:\/\/nossacasa.net\/nossosriachos\/tiririca\/wp-json\/wp\/v2\/types\/page"}],"author":[{"embeddable":true,"href":"http:\/\/nossacasa.net\/nossosriachos\/tiririca\/wp-json\/wp\/v2\/users\/1"}],"replies":[{"embeddable":true,"href":"http:\/\/nossacasa.net\/nossosriachos\/tiririca\/wp-json\/wp\/v2\/comments?post=5032"}],"version-history":[{"count":3,"href":"http:\/\/nossacasa.net\/nossosriachos\/tiririca\/wp-json\/wp\/v2\/pages\/5032\/revisions"}],"predecessor-version":[{"id":5035,"href":"http:\/\/nossacasa.net\/nossosriachos\/tiririca\/wp-json\/wp\/v2\/pages\/5032\/revisions\/5035"}],"wp:attachment":[{"href":"http:\/\/nossacasa.net\/nossosriachos\/tiririca\/wp-json\/wp\/v2\/media?parent=5032"}],"curies":[{"name":"wp","href":"https:\/\/api.w.org\/{rel}","templated":true}]}}