{"id":5036,"date":"2020-08-26T17:10:17","date_gmt":"2020-08-26T20:10:17","guid":{"rendered":"http:\/\/nossacasa.net\/nossosriachos\/tiririca\/?page_id=5036"},"modified":"2020-08-26T17:29:04","modified_gmt":"2020-08-26T20:29:04","slug":"grupo-19","status":"publish","type":"page","link":"http:\/\/nossacasa.net\/nossosriachos\/tiririca\/grupo-19\/","title":{"rendered":"Grupo 19"},"content":{"rendered":"<div style=\"text-align: justify;\">\n<hr \/>\n<p>O <strong>Grupo 19<\/strong> \u00e9 formado pelos <strong>ninhos de 171 a 180<\/strong> colocados na margem esquerda do c\u00f3rrego.<\/p>\n<hr \/>\n<p>Os ninhos do grupo 19 est\u00e3o sendo cuidados por Luisa &#038; Ronaldo.<\/p>\n<hr \/>\n<p><strong>ATIVIDADES<\/strong>:<\/p>\n<hr \/>\n<p>At\u00e9 o dia 26\/08\/2020 foi plantada sementes de feij\u00e3o de porco em todos os ninhos. Foi distribu\u00edda uma boa quantidade de material picado. Nos ninhos 175 a 180 foram plantadas novas mudas.<\/p>\n<hr \/>\n<p><strong>FOTOS<\/strong>:<\/p>\n<hr>\n<figure id=\"attachment_5043\" aria-describedby=\"caption-attachment-5043\" style=\"width: 581px\" class=\"wp-caption aligncenter\"><img loading=\"lazy\" decoding=\"async\" src=\"http:\/\/nossacasa.net\/nossosriachos\/tiririca\/wp-content\/uploads\/sites\/12\/2020\/08\/WhatsApp-Image-2020-08-26-at-16.02.16.jpeg\" alt=\"\" width=\"581\" height=\"1032\" class=\"size-full wp-image-5043\" srcset=\"http:\/\/nossacasa.net\/nossosriachos\/tiririca\/wp-content\/uploads\/sites\/12\/2020\/08\/WhatsApp-Image-2020-08-26-at-16.02.16.jpeg 581w, http:\/\/nossacasa.net\/nossosriachos\/tiririca\/wp-content\/uploads\/sites\/12\/2020\/08\/WhatsApp-Image-2020-08-26-at-16.02.16-169x300.jpeg 169w, http:\/\/nossacasa.net\/nossosriachos\/tiririca\/wp-content\/uploads\/sites\/12\/2020\/08\/WhatsApp-Image-2020-08-26-at-16.02.16-576x1024.jpeg 576w\" sizes=\"auto, (max-width: 581px) 100vw, 581px\" \/><figcaption id=\"caption-attachment-5043\" class=\"wp-caption-text\">Ninho 175 &#8211; Maracuj\u00e1 (<i>Passiflora edulis<\/i><\/figcaption><\/figure>\n<hr>\n<figure id=\"attachment_5044\" aria-describedby=\"caption-attachment-5044\" style=\"width: 581px\" class=\"wp-caption aligncenter\"><img loading=\"lazy\" decoding=\"async\" src=\"http:\/\/nossacasa.net\/nossosriachos\/tiririca\/wp-content\/uploads\/sites\/12\/2020\/08\/WhatsApp-Image-2020-08-26-at-16.02.16_.jpeg\" alt=\"\" width=\"581\" height=\"1032\" class=\"size-full wp-image-5044\" srcset=\"http:\/\/nossacasa.net\/nossosriachos\/tiririca\/wp-content\/uploads\/sites\/12\/2020\/08\/WhatsApp-Image-2020-08-26-at-16.02.16_.jpeg 581w, http:\/\/nossacasa.net\/nossosriachos\/tiririca\/wp-content\/uploads\/sites\/12\/2020\/08\/WhatsApp-Image-2020-08-26-at-16.02.16_-169x300.jpeg 169w, http:\/\/nossacasa.net\/nossosriachos\/tiririca\/wp-content\/uploads\/sites\/12\/2020\/08\/WhatsApp-Image-2020-08-26-at-16.02.16_-576x1024.jpeg 576w\" sizes=\"auto, (max-width: 581px) 100vw, 581px\" \/><figcaption id=\"caption-attachment-5044\" class=\"wp-caption-text\"><strong>Ninho 176<\/strong> &#8211; Tento-vermelho (Adenanthera pavonina)<\/figcaption><\/figure>\n<hr>\n<figure id=\"attachment_5042\" aria-describedby=\"caption-attachment-5042\" style=\"width: 581px\" class=\"wp-caption aligncenter\"><img loading=\"lazy\" decoding=\"async\" src=\"http:\/\/nossacasa.net\/nossosriachos\/tiririca\/wp-content\/uploads\/sites\/12\/2020\/08\/WhatsApp-Image-2020-08-26-at-16.02.14_.jpeg\" alt=\"\" width=\"581\" height=\"1032\" class=\"size-full wp-image-5042\" srcset=\"http:\/\/nossacasa.net\/nossosriachos\/tiririca\/wp-content\/uploads\/sites\/12\/2020\/08\/WhatsApp-Image-2020-08-26-at-16.02.14_.jpeg 581w, http:\/\/nossacasa.net\/nossosriachos\/tiririca\/wp-content\/uploads\/sites\/12\/2020\/08\/WhatsApp-Image-2020-08-26-at-16.02.14_-169x300.jpeg 169w, http:\/\/nossacasa.net\/nossosriachos\/tiririca\/wp-content\/uploads\/sites\/12\/2020\/08\/WhatsApp-Image-2020-08-26-at-16.02.14_-576x1024.jpeg 576w\" sizes=\"auto, (max-width: 581px) 100vw, 581px\" \/><figcaption id=\"caption-attachment-5042\" class=\"wp-caption-text\"><strong>Ninho 177<\/strong> &#8211; Jabuticabeira (Plinia cauliflora) e Mamoeiro (Carica papaya)<br \/><\/figcaption><\/figure>\n<hr>\n<figure id=\"attachment_5041\" aria-describedby=\"caption-attachment-5041\" style=\"width: 581px\" class=\"wp-caption aligncenter\"><img loading=\"lazy\" decoding=\"async\" src=\"http:\/\/nossacasa.net\/nossosriachos\/tiririca\/wp-content\/uploads\/sites\/12\/2020\/08\/WhatsApp-Image-2020-08-26-at-16.02.14.jpeg\" alt=\"\" width=\"581\" height=\"1032\" class=\"size-full wp-image-5041\" srcset=\"http:\/\/nossacasa.net\/nossosriachos\/tiririca\/wp-content\/uploads\/sites\/12\/2020\/08\/WhatsApp-Image-2020-08-26-at-16.02.14.jpeg 581w, http:\/\/nossacasa.net\/nossosriachos\/tiririca\/wp-content\/uploads\/sites\/12\/2020\/08\/WhatsApp-Image-2020-08-26-at-16.02.14-169x300.jpeg 169w, http:\/\/nossacasa.net\/nossosriachos\/tiririca\/wp-content\/uploads\/sites\/12\/2020\/08\/WhatsApp-Image-2020-08-26-at-16.02.14-576x1024.jpeg 576w\" sizes=\"auto, (max-width: 581px) 100vw, 581px\" \/><figcaption id=\"caption-attachment-5041\" class=\"wp-caption-text\"><strong>Ninho 178<\/strong> &#8211; Pitangueira (Eugenia uniflora)<\/figcaption><\/figure>\n<hr>\n<figure id=\"attachment_5040\" aria-describedby=\"caption-attachment-5040\" style=\"width: 581px\" class=\"wp-caption aligncenter\"><img loading=\"lazy\" decoding=\"async\" src=\"http:\/\/nossacasa.net\/nossosriachos\/tiririca\/wp-content\/uploads\/sites\/12\/2020\/08\/WhatsApp-Image-2020-08-26-at-16.02.13_.jpeg\" alt=\"\" width=\"581\" height=\"1032\" class=\"size-full wp-image-5040\" srcset=\"http:\/\/nossacasa.net\/nossosriachos\/tiririca\/wp-content\/uploads\/sites\/12\/2020\/08\/WhatsApp-Image-2020-08-26-at-16.02.13_.jpeg 581w, http:\/\/nossacasa.net\/nossosriachos\/tiririca\/wp-content\/uploads\/sites\/12\/2020\/08\/WhatsApp-Image-2020-08-26-at-16.02.13_-169x300.jpeg 169w, http:\/\/nossacasa.net\/nossosriachos\/tiririca\/wp-content\/uploads\/sites\/12\/2020\/08\/WhatsApp-Image-2020-08-26-at-16.02.13_-576x1024.jpeg 576w\" sizes=\"auto, (max-width: 581px) 100vw, 581px\" \/><figcaption id=\"caption-attachment-5040\" class=\"wp-caption-text\"><strong>Ninho 179<\/strong> &#8211; Mertiolate (Jatropha multifida)<\/figcaption><\/figure>\n<hr>\n<figure id=\"attachment_5039\" aria-describedby=\"caption-attachment-5039\" style=\"width: 581px\" class=\"wp-caption aligncenter\"><img loading=\"lazy\" decoding=\"async\" src=\"http:\/\/nossacasa.net\/nossosriachos\/tiririca\/wp-content\/uploads\/sites\/12\/2020\/08\/WhatsApp-Image-2020-08-26-at-16.02.13.jpeg\" alt=\"\" width=\"581\" height=\"1032\" class=\"size-full wp-image-5039\" srcset=\"http:\/\/nossacasa.net\/nossosriachos\/tiririca\/wp-content\/uploads\/sites\/12\/2020\/08\/WhatsApp-Image-2020-08-26-at-16.02.13.jpeg 581w, http:\/\/nossacasa.net\/nossosriachos\/tiririca\/wp-content\/uploads\/sites\/12\/2020\/08\/WhatsApp-Image-2020-08-26-at-16.02.13-169x300.jpeg 169w, http:\/\/nossacasa.net\/nossosriachos\/tiririca\/wp-content\/uploads\/sites\/12\/2020\/08\/WhatsApp-Image-2020-08-26-at-16.02.13-576x1024.jpeg 576w\" sizes=\"auto, (max-width: 581px) 100vw, 581px\" \/><figcaption id=\"caption-attachment-5039\" class=\"wp-caption-text\"><strong>Ninho 180<\/strong> &#8211; Maracuj\u00e1 (Passiflora edulis)<\/figcaption><\/figure>\n<hr \/>\n<p><strong><a href=\"http:\/\/nossacasa.net\/nossosriachos\/tiririca\/grupo-19-ninhos-de-171-a-180\/\">Composi\u00e7\u00e3o bot\u00e2nica dos ninhos e entre ninhos do Grupo 19<\/a><\/strong><\/p>\n<hr \/>\n<\/div>\n","protected":false},"excerpt":{"rendered":"<p>O Grupo 19 \u00e9 formado pelos ninhos de 171 a 180 colocados na margem esquerda do c\u00f3rrego. Os ninhos do grupo 19 est\u00e3o sendo cuidados por Luisa &#038; Ronaldo. ATIVIDADES: At\u00e9 o dia 26\/08\/2020 foi plantada sementes de feij\u00e3o de porco em todos os ninhos. Foi distribu\u00edda uma boa quantidade de material picado. Nos ninhos &hellip; <\/p>\n<p class=\"link-more\"><a href=\"http:\/\/nossacasa.net\/nossosriachos\/tiririca\/grupo-19\/\" class=\"more-link\">Continue lendo<span class=\"screen-reader-text\"> &#8220;Grupo 19&#8221;<\/span><\/a><\/p>\n","protected":false},"author":1,"featured_media":0,"parent":0,"menu_order":0,"comment_status":"closed","ping_status":"closed","template":"","meta":{"footnotes":""},"class_list":["post-5036","page","type-page","status-publish","hentry"],"_links":{"self":[{"href":"http:\/\/nossacasa.net\/nossosriachos\/tiririca\/wp-json\/wp\/v2\/pages\/5036","targetHints":{"allow":["GET"]}}],"collection":[{"href":"http:\/\/nossacasa.net\/nossosriachos\/tiririca\/wp-json\/wp\/v2\/pages"}],"about":[{"href":"http:\/\/nossacasa.net\/nossosriachos\/tiririca\/wp-json\/wp\/v2\/types\/page"}],"author":[{"embeddable":true,"href":"http:\/\/nossacasa.net\/nossosriachos\/tiririca\/wp-json\/wp\/v2\/users\/1"}],"replies":[{"embeddable":true,"href":"http:\/\/nossacasa.net\/nossosriachos\/tiririca\/wp-json\/wp\/v2\/comments?post=5036"}],"version-history":[{"count":3,"href":"http:\/\/nossacasa.net\/nossosriachos\/tiririca\/wp-json\/wp\/v2\/pages\/5036\/revisions"}],"predecessor-version":[{"id":5045,"href":"http:\/\/nossacasa.net\/nossosriachos\/tiririca\/wp-json\/wp\/v2\/pages\/5036\/revisions\/5045"}],"wp:attachment":[{"href":"http:\/\/nossacasa.net\/nossosriachos\/tiririca\/wp-json\/wp\/v2\/media?parent=5036"}],"curies":[{"name":"wp","href":"https:\/\/api.w.org\/{rel}","templated":true}]}}