{"id":5218,"date":"2022-03-06T14:20:20","date_gmt":"2022-03-06T17:20:20","guid":{"rendered":"http:\/\/nossacasa.net\/nossosriachos\/tiririca\/?page_id=5218"},"modified":"2026-03-05T07:54:48","modified_gmt":"2026-03-05T10:54:48","slug":"publicacoes","status":"publish","type":"page","link":"http:\/\/nossacasa.net\/nossosriachos\/tiririca\/publicacoes\/","title":{"rendered":"Publica\u00e7\u00f5es"},"content":{"rendered":"<div style=\"text-align: justify;\"\n<strong>Publica\u00e7\u00f5es<\/strong><\/p>\n<hr\/>\n<hr\/>\n<p><strong>2026<\/strong><\/p>\n<hr\/>\n<p>10. <strong>The \u2018C\u00f3rregos da Tiririca\u2019 Collective: Replicating the Experience of Restoration of an Urban Stream with Syntropic Agriculture-Oceanic Region of Niter\u00f3i-Rio de Janeiro-Brazil<\/strong> Luisa Maria Sarmento-Soares, Fernando S\u00e3o Thiago Tanscheidt, Felipe Silva Lima Queiroz and Ronaldo Fernando Martins-Pinheiro.(<a href=\"http:\/\/www.nossacasa.net\/biblioteca\/2026_Sarmento_Soares-Martins_Pinheiro.pdf\" target=\"_blank\" rel=\"noopener noreferrer\">pdf)<\/a>.<\/p>\n<hr\/>\n<p>9. <strong>O &#8220;Coletivo \u2018C\u00f3rregos da Tiririca&#8221;: Replicando a Experi\u00eancia de Restaura\u00e7\u00e3o de um Riacho Urbano com Agricultura Sintr\u00f3pica &#8211; Regi\u00e3o Oce\u00e2nica de Niter\u00f3i-Rio de Janeiro-Brasil<\/strong> Luisa Maria Sarmento-Soares, Fernando S\u00e3o Thiago Tanscheidt, Felipe Silva Lima Queiroz and Ronaldo Fernando Martins-Pinheiro.(<a href=\"http:\/\/www.nossacasa.net\/biblioteca\/2026_Sarmento_Soares-Martins_Pinheiro_IA.pdf\" target=\"_blank\" rel=\"noopener noreferrer\">pdf)<\/a>.<br \/>\n<strong>Nota<\/strong>: Esta tradu\u00e7\u00e3o foi organizada a partir da tradu\u00e7\u00e3o realizada por IA.<\/p>\n<hr\/>\n<hr\/>\n<p><strong>2025<\/strong><\/p>\n<hr\/>\n<hr\/>\n<p>8. <strong>Licen\u00e7a Ambiental<\/strong>. SMARHS-Niter\u00f3i, 24 de mar\u00e7o de 2025 (<a href=\"http:\/\/www.nossacasa.net\/biblioteca\/Licen\u00e7a Ambiental.pdf\" target=\"_blank\" rel=\"noopener noreferrer\">pdf)<\/a><\/p>\n<hr\/>\n<hr\/>\n<p><strong>2024<\/strong><\/p>\n<hr\/>\n<p>7. <strong>Coletivo C\u00f3rregos da Tiririca- Restaura\u00e7\u00e3o da mata ciliar de contribuinte da lagoa de<br \/>\nItaipu \u2013Niter\u00f3i- RJ<\/strong> Luisa Maria Sarmento Soares, Ronaldo Fernando Martins-Pinheiro, Fernando S\u00e3o Tiago Tanscheidt (<a href=\"http:\/\/www.nossacasa.net\/biblioteca\/2024_Sarmento-Soares_et_al_pt.pdf\" target=\"_blank\" rel=\"noopener noreferrer\">pdf)<\/a><\/p>\n<p>6. <strong>Collective C\u00f3rregos Da Tiririca- Restoration of Riparian Forest in a Stream Contributor of Itaipu Lagoon \u2013 Niter\u00f3i- RJ<\/strong> Luisa Maria Sarmento Soares, Ronaldo Fernando Martins-Pinheiro, Fernando S\u00e3o Tiago Tanscheidt (<a href=\"https:\/\/www.qeios.com\/read\/IA72E0\" target=\"_blank\" rel=\"noopener noreferrer\">pdf1)<\/a> ou <a href=\"http:\/\/www.nossacasa.net\/biblioteca\/2024_Sarmento-Soares_et_al_pt.pdf\" target=\"_blank\" rel=\"noopener noreferrer\">pdf2)<\/a><\/p>\n<p>5. <strong>Relat\u00f3rio &#8211; Projeto C\u00f3rrego dos Colibris 2019-2024 e propostas para os pr\u00f3ximos anos<\/strong>Luisa Maria Sarmento Soares e Ronaldo Fernando Martins Pinheiro. Apresentado a Secretaria de Meio Ambiente, Recursos H\u00eddricos e Sustentabilidade-SMARHS de Niter\u00f3i para obten\u00e7\u00e3o de Licen\u00e7a Ambiental- Processo no 9900086260\/2024 (<a href=\"2024_Relat\u00f3rio_ Projeto C\u00f3rrego dos Colibris.pdf\" target=\"_blank\" rel=\"noopener noreferrer\">pdf)<\/a><\/p>\n<hr\/>\n<hr\/>\n<p><strong>2023<\/strong><\/p>\n<hr\/>\n<p>4. <strong>Diagn\u00f3stico e Sugest\u00f5es para Melhoria da Infraestrutura Sanit\u00e1ria na \u00c1rea do C\u00f3rrego dos Colibris<\/strong> Julia da Costa Sena Gueiros (<a href=\"http:\/\/www.nossacasa.net\/biblioteca\/2012_Gueiros.pdf\" target=\"_blank\" rel=\"noopener noreferrer\">pdf)<\/a><\/p>\n<hr\/>\n<p><strong>2022<\/strong><\/p>\n<hr\/>\n<p>3. <strong>Gest\u00e3o participativa dos recursos h\u00eddricos:  um estudo de caso sobre o C\u00f3rrego dos Colibris \u2013 Sistema lagunar de Itaipu \u2013 Niter\u00f3i &#8211; RJ<\/strong> Jana\u00edna Neves de Medeiros Pontes, S\u00e9rgio de Sousa Montalv\u00e3o &#038; Luisa Maria Sarmento-Soares, no cap\u00edtulo 7 de Gest\u00e3o P\u00fablica Municipal: Pol\u00edticas P\u00fablicas e Pr\u00e1ticas de Gest\u00e3o. Org.:Martius Vicente Rodriguez y Rodriguez, S\u00e9rgio de Sousa Montalv\u00e3o, Isabela de Jesus da Silva e Ana Raquel Coelho Rocha (<a href=\"http:\/\/www.nossacasa.net\/biblioteca\/Gestao participativa dos recursos hidricos.pdf\" target=\"_blank\" rel=\"noopener noreferrer\">pdf)<\/a><\/p>\n<p>2. <strong>Gest\u00e3o P\u00fablica Municipal: Pol\u00edticas P\u00fablicas e Pr\u00e1ticas de Gest\u00e3o<\/strong>. Org.:Martius Vicente Rodriguez y Rodriguez, S\u00e9rgio de Sousa Montalv\u00e3o, Isabela de Jesus da Silva e Ana Raquel Coelho Rocha (<a href=\"http:\/\/www.nossacasa.net\/biblioteca\/Ebook.pdf\" target=\"_blank\" rel=\"noopener noreferrer\">pdf)<\/a><\/p>\n<hr\/>\n<p><strong>2022<\/strong><\/p>\n<hr\/>\n<p>1. <strong>PROJETO C\u00d3RREGO DA TIRIRICA<\/strong> Cria\u00e7\u00e3o do Coletivo C\u00f3rregos da Tiririca em 10 de maio de 2019, com apresenta\u00e7\u00e3o do projeto e solicita\u00e7\u00e3o a Secretaria de Meio Ambiente, Recursos H\u00eddricos e Sustentabilidade-SMARHS de Niter\u00f3i (Protocolo no. 2500004100\/2019 &#8211; no.de controle: 2408859). (<a href=\"http:\/\/www.nossacasa.net\/biblioteca\/Projeto Colibris.pdf\" target=\"_blank\" rel=\"noopener noreferrer\">pdf)<\/a><\/p>\n<hr\/>\n<\/div>\n","protected":false},"excerpt":{"rendered":"","protected":false},"author":1,"featured_media":5219,"parent":0,"menu_order":0,"comment_status":"closed","ping_status":"closed","template":"","meta":{"footnotes":""},"class_list":["post-5218","page","type-page","status-publish","has-post-thumbnail","hentry"],"_links":{"self":[{"href":"http:\/\/nossacasa.net\/nossosriachos\/tiririca\/wp-json\/wp\/v2\/pages\/5218","targetHints":{"allow":["GET"]}}],"collection":[{"href":"http:\/\/nossacasa.net\/nossosriachos\/tiririca\/wp-json\/wp\/v2\/pages"}],"about":[{"href":"http:\/\/nossacasa.net\/nossosriachos\/tiririca\/wp-json\/wp\/v2\/types\/page"}],"author":[{"embeddable":true,"href":"http:\/\/nossacasa.net\/nossosriachos\/tiririca\/wp-json\/wp\/v2\/users\/1"}],"replies":[{"embeddable":true,"href":"http:\/\/nossacasa.net\/nossosriachos\/tiririca\/wp-json\/wp\/v2\/comments?post=5218"}],"version-history":[{"count":15,"href":"http:\/\/nossacasa.net\/nossosriachos\/tiririca\/wp-json\/wp\/v2\/pages\/5218\/revisions"}],"predecessor-version":[{"id":9812,"href":"http:\/\/nossacasa.net\/nossosriachos\/tiririca\/wp-json\/wp\/v2\/pages\/5218\/revisions\/9812"}],"wp:featuredmedia":[{"embeddable":true,"href":"http:\/\/nossacasa.net\/nossosriachos\/tiririca\/wp-json\/wp\/v2\/media\/5219"}],"wp:attachment":[{"href":"http:\/\/nossacasa.net\/nossosriachos\/tiririca\/wp-json\/wp\/v2\/media?parent=5218"}],"curies":[{"name":"wp","href":"https:\/\/api.w.org\/{rel}","templated":true}]}}