{"id":5558,"date":"2023-04-02T10:38:05","date_gmt":"2023-04-02T13:38:05","guid":{"rendered":"http:\/\/nossacasa.net\/nossosriachos\/tiririca\/?page_id=5558"},"modified":"2023-04-02T11:34:32","modified_gmt":"2023-04-02T14:34:32","slug":"caminho-boa-vista","status":"publish","type":"page","link":"http:\/\/nossacasa.net\/nossosriachos\/tiririca\/caminho-boa-vista\/","title":{"rendered":"Caminho Boa Vista"},"content":{"rendered":"<div style=\"text-align: justify;\">\nO Projeto de recupera\u00e7\u00e3o vegetal da margem esquerda do c\u00f3rrego dos Colibris, realizado pelo Coletivo C\u00f3rregos da Tiririca ficou limitado em seu trecho final pela obstru\u00e7\u00e3o da Av. Boa Vista. (Figura 1)<br \/>\n<figure id=\"attachment_5559\" aria-describedby=\"caption-attachment-5559\" style=\"width: 1162px\" class=\"wp-caption aligncenter\"><img loading=\"lazy\" decoding=\"async\" src=\"http:\/\/nossacasa.net\/nossosriachos\/tiririca\/wp-content\/uploads\/sites\/12\/2023\/04\/Trecho-a-ser-recuperado.jpg\" alt=\"\" width=\"1162\" height=\"635\" class=\"size-full wp-image-5559\" srcset=\"http:\/\/nossacasa.net\/nossosriachos\/tiririca\/wp-content\/uploads\/sites\/12\/2023\/04\/Trecho-a-ser-recuperado.jpg 1162w, http:\/\/nossacasa.net\/nossosriachos\/tiririca\/wp-content\/uploads\/sites\/12\/2023\/04\/Trecho-a-ser-recuperado-300x164.jpg 300w, http:\/\/nossacasa.net\/nossosriachos\/tiririca\/wp-content\/uploads\/sites\/12\/2023\/04\/Trecho-a-ser-recuperado-1024x560.jpg 1024w, http:\/\/nossacasa.net\/nossosriachos\/tiririca\/wp-content\/uploads\/sites\/12\/2023\/04\/Trecho-a-ser-recuperado-768x420.jpg 768w\" sizes=\"auto, (max-width: 767px) 89vw, (max-width: 1000px) 54vw, (max-width: 1071px) 543px, 580px\" \/><figcaption id=\"caption-attachment-5559\" class=\"wp-caption-text\">Figura 1 &#8211; Vista do Caminho Boa Vista<\/figcaption><\/figure><\/p>\n<p>Em Mar\u00e7o de 2023, na visita da equipe do Pr\u00f3-Sustent\u00e1vel, o representante da AMADARCY sugeriu um parceria com coletivo para cria\u00e7\u00e3o do Caminho do Boa Vista que percorreria a parte obstru\u00edda at\u00e9 uma Pra\u00e7a final que poderia ser usada para programas de Educa\u00e7\u00e3o Ambiental.<\/p>\n<p>Ap\u00f3s conversas com a CLIN se estabeleceu o dia 4 de mar\u00e7o, uma ter\u00e7a-feira para um mutir\u00e3o de limpeza do local e o dia 12 de mar\u00e7o para a realiza\u00e7\u00e3o do oitavo mutir\u00e3o do Coletivo C\u00f3rregos da Tiririca para o in\u00edcio do plantio da \u00e1rea e inaugura\u00e7\u00e3o de uma placa do Projeto.<\/p>\n<p><strong>FOTOS<\/strong><\/p>\n<script type=\"text\/javascript\">\r\ndocument.addEventListener(\"DOMContentLoaded\", function(event) { \r\n\tjQuery( '#slider-pro-3-5572' ).sliderPro({\r\n\t\t\/\/width\r\n\t\t\t\twidth: 1000,\r\n\t\t\t\t\r\n\t\t\/\/height\r\n\t\t\t\theight: 500,\r\n\t\t\t\t\r\n\t\t\/\/auto play\r\n\t\t\t\tautoplay:  true,\r\n\t\tautoplayOnHover: 'none',\r\n\t\t\t\t\t\t\t\tautoplayDelay: 5000,\r\n\t\t\r\n\t\t\r\n\t\tarrows: true,\r\n\t\tbuttons: true,\r\n\t\tsmallSize: 500,\r\n\t\tmediumSize: 1000,\r\n\t\tlargeSize: 3000,\r\n\t\tfade: true,\r\n\t\t\r\n\t\t\/\/thumbnail\r\n\t\tthumbnailArrows: true,\r\n\t\tthumbnailWidth: 120,\r\n\t\tthumbnailHeight: 120,\r\n\t\t\t\t\t\tthumbnailsPosition: 'bottom',\r\n\t\t\t\t\t\tcenterImage: true,\r\n\t\timageScaleMode: 'cover',\r\n\t\tallowScaleUp: true,\r\n\t\t\t\tstartSlide: 0,\r\n\t\tloop: true,\r\n\t\tslideDistance: 5,\r\n\t\tautoplayDirection: 'normal',\r\n\t\ttouchSwipe: true,\r\n\t\tfullScreen: true,\r\n\t});\r\n});\r\n<\/script>\r\n\r\n<div id=\"uris-slider-title\">\r\n\t<h3 class=\"uris-slider-post-title\">Fotos de 2023<\/h3>\r\n<\/div>\r\n\t\t<div id=\"slider-pro-3-5572\" class=\"slider-pro\">\r\n\t\t\t<!---- slides div start ---->\r\n\t\t\t<div class=\"sp-slides\">\r\n\t\t\t\t\t\t\t\t\t\t<div class=\"sp-slide\">\r\n\t\t\t\t\t\t\t<img decoding=\"async\" class=\"sp-image\" loading=\"lazy\" alt=\"1 de abril de 2023\" src=\"http:\/\/nossacasa.net\/nossosriachos\/tiririca\/wp-content\/plugins\/ultimate-responsive-image-slider\/assets\/css\/images\/blank.gif\" data-src=\"http:\/\/nossacasa.net\/nossosriachos\/tiririca\/wp-content\/uploads\/sites\/12\/2023\/04\/Mutirao-de-Limpeza-2023-04-02-at-07.32.25.jpeg\" \/>\r\n\r\n\t\t\t\t\t\t\t\t\t\t\t\t\t\t<p class=\"sp-layer sp-white sp-padding title-in title-in-bg hide-small-screen\"\r\n\t\t\t\t\t\t\t\tdata-position=\"bottomCenter\"\r\n\t\t\t\t\t\t\t\tdata-vertical=\"12%\"\r\n\t\t\t\t\t\t\t\tdata-show-transition=\"left\" data-show-delay=\"500\">\r\n\t\t\t\t\t\t\t\t1 de abril de 2023\t\t\t\t\t\t\t<\/p>\r\n\t\t\t\t\t\t\t\r\n\t\t\t\t\t\t\t\t\t\t\t\t\t\t<p class=\"sp-layer sp-black sp-padding desc-in desc-in-bg hide-medium-screen\"\r\n\t\t\t\t\t\t\t\tdata-position=\"bottomCenter\"\r\n\t\t\t\t\t\t\t\tdata-vertical=\"0%\"\r\n\t\t\t\t\t\t\t\tdata-show-transition=\"right\" data-show-delay=\"500\">\r\n\t\t\t\t\t\t\t\tPr\u00e9via do mutir\u00e3o de limpeza do dia 4 de abril de 2023\t\t\t\t\t\t\t<\/p>\r\n\t\t\t\t\t\t\t\t\t\t\t\t\t<\/div>\r\n\t\t\t\t\t\t\t\t\t\t\t\t<div class=\"sp-slide\">\r\n\t\t\t\t\t\t\t<img decoding=\"async\" class=\"sp-image\" loading=\"lazy\" alt=\"1 de abril de 2023\" src=\"http:\/\/nossacasa.net\/nossosriachos\/tiririca\/wp-content\/plugins\/ultimate-responsive-image-slider\/assets\/css\/images\/blank.gif\" data-src=\"http:\/\/nossacasa.net\/nossosriachos\/tiririca\/wp-content\/uploads\/sites\/12\/2023\/04\/Mutirao-de-Limpeza-2023-04-02-at-07.32.24.jpeg\" \/>\r\n\r\n\t\t\t\t\t\t\t\t\t\t\t\t\t\t<p class=\"sp-layer sp-white sp-padding title-in title-in-bg hide-small-screen\"\r\n\t\t\t\t\t\t\t\tdata-position=\"bottomCenter\"\r\n\t\t\t\t\t\t\t\tdata-vertical=\"12%\"\r\n\t\t\t\t\t\t\t\tdata-show-transition=\"left\" data-show-delay=\"500\">\r\n\t\t\t\t\t\t\t\t1 de abril de 2023\t\t\t\t\t\t\t<\/p>\r\n\t\t\t\t\t\t\t\r\n\t\t\t\t\t\t\t\t\t\t\t\t\t\t<p class=\"sp-layer sp-black sp-padding desc-in desc-in-bg hide-medium-screen\"\r\n\t\t\t\t\t\t\t\tdata-position=\"bottomCenter\"\r\n\t\t\t\t\t\t\t\tdata-vertical=\"0%\"\r\n\t\t\t\t\t\t\t\tdata-show-transition=\"right\" data-show-delay=\"500\">\r\n\t\t\t\t\t\t\t\tPr\u00e9via do mutir\u00e3o de limpeza do dia 4 de abril de 2023\t\t\t\t\t\t\t<\/p>\r\n\t\t\t\t\t\t\t\t\t\t\t\t\t<\/div>\r\n\t\t\t\t\t\t\t\t\t\t\t\t<div class=\"sp-slide\">\r\n\t\t\t\t\t\t\t<img decoding=\"async\" class=\"sp-image\" loading=\"lazy\" alt=\"3 de fevereiro de 2023\" src=\"http:\/\/nossacasa.net\/nossosriachos\/tiririca\/wp-content\/plugins\/ultimate-responsive-image-slider\/assets\/css\/images\/blank.gif\" data-src=\"http:\/\/nossacasa.net\/nossosriachos\/tiririca\/wp-content\/uploads\/sites\/12\/2023\/04\/Projeto_ciclovia-2023-04-02-at-11.11.32.jpeg\" \/>\r\n\r\n\t\t\t\t\t\t\t\t\t\t\t\t\t\t<p class=\"sp-layer sp-white sp-padding title-in title-in-bg hide-small-screen\"\r\n\t\t\t\t\t\t\t\tdata-position=\"bottomCenter\"\r\n\t\t\t\t\t\t\t\tdata-vertical=\"12%\"\r\n\t\t\t\t\t\t\t\tdata-show-transition=\"left\" data-show-delay=\"500\">\r\n\t\t\t\t\t\t\t\t3 de fevereiro de 2023\t\t\t\t\t\t\t<\/p>\r\n\t\t\t\t\t\t\t\r\n\t\t\t\t\t\t\t\t\t\t\t\t\t\t<p class=\"sp-layer sp-black sp-padding desc-in desc-in-bg hide-medium-screen\"\r\n\t\t\t\t\t\t\t\tdata-position=\"bottomCenter\"\r\n\t\t\t\t\t\t\t\tdata-vertical=\"0%\"\r\n\t\t\t\t\t\t\t\tdata-show-transition=\"right\" data-show-delay=\"500\">\r\n\t\t\t\t\t\t\t\tVisita do cons\u00f3rcio de constru\u00e7\u00e3o da ciclovia\t\t\t\t\t\t\t<\/p>\r\n\t\t\t\t\t\t\t\t\t\t\t\t\t<\/div>\r\n\t\t\t\t\t\t\t\t\t\t\t\t<div class=\"sp-slide\">\r\n\t\t\t\t\t\t\t<img decoding=\"async\" class=\"sp-image\" loading=\"lazy\" alt=\"3 de fevereiro de 2023\" src=\"http:\/\/nossacasa.net\/nossosriachos\/tiririca\/wp-content\/plugins\/ultimate-responsive-image-slider\/assets\/css\/images\/blank.gif\" data-src=\"http:\/\/nossacasa.net\/nossosriachos\/tiririca\/wp-content\/uploads\/sites\/12\/2023\/04\/Projeto_ciclovia-2023-04-02-at-11.10.56.jpeg\" \/>\r\n\r\n\t\t\t\t\t\t\t\t\t\t\t\t\t\t<p class=\"sp-layer sp-white sp-padding title-in title-in-bg hide-small-screen\"\r\n\t\t\t\t\t\t\t\tdata-position=\"bottomCenter\"\r\n\t\t\t\t\t\t\t\tdata-vertical=\"12%\"\r\n\t\t\t\t\t\t\t\tdata-show-transition=\"left\" data-show-delay=\"500\">\r\n\t\t\t\t\t\t\t\t3 de fevereiro de 2023\t\t\t\t\t\t\t<\/p>\r\n\t\t\t\t\t\t\t\r\n\t\t\t\t\t\t\t\t\t\t\t\t\t\t<p class=\"sp-layer sp-black sp-padding desc-in desc-in-bg hide-medium-screen\"\r\n\t\t\t\t\t\t\t\tdata-position=\"bottomCenter\"\r\n\t\t\t\t\t\t\t\tdata-vertical=\"0%\"\r\n\t\t\t\t\t\t\t\tdata-show-transition=\"right\" data-show-delay=\"500\">\r\n\t\t\t\t\t\t\t\tVisita do cons\u00f3rcio de constru\u00e7\u00e3o da ciclovia\t\t\t\t\t\t\t<\/p>\r\n\t\t\t\t\t\t\t\t\t\t\t\t\t<\/div>\r\n\t\t\t\t\t\t\t\t\t\t\t\t<div class=\"sp-slide\">\r\n\t\t\t\t\t\t\t<img decoding=\"async\" class=\"sp-image\" loading=\"lazy\" alt=\"3 de fevereiro de 2023\" src=\"http:\/\/nossacasa.net\/nossosriachos\/tiririca\/wp-content\/plugins\/ultimate-responsive-image-slider\/assets\/css\/images\/blank.gif\" data-src=\"http:\/\/nossacasa.net\/nossosriachos\/tiririca\/wp-content\/uploads\/sites\/12\/2023\/04\/Projeto_ciclovia-2023-04-02-at-11.10.00.jpeg\" \/>\r\n\r\n\t\t\t\t\t\t\t\t\t\t\t\t\t\t<p class=\"sp-layer sp-white sp-padding title-in title-in-bg hide-small-screen\"\r\n\t\t\t\t\t\t\t\tdata-position=\"bottomCenter\"\r\n\t\t\t\t\t\t\t\tdata-vertical=\"12%\"\r\n\t\t\t\t\t\t\t\tdata-show-transition=\"left\" data-show-delay=\"500\">\r\n\t\t\t\t\t\t\t\t3 de fevereiro de 2023\t\t\t\t\t\t\t<\/p>\r\n\t\t\t\t\t\t\t\r\n\t\t\t\t\t\t\t\t\t\t\t\t\t\t<p class=\"sp-layer sp-black sp-padding desc-in desc-in-bg hide-medium-screen\"\r\n\t\t\t\t\t\t\t\tdata-position=\"bottomCenter\"\r\n\t\t\t\t\t\t\t\tdata-vertical=\"0%\"\r\n\t\t\t\t\t\t\t\tdata-show-transition=\"right\" data-show-delay=\"500\">\r\n\t\t\t\t\t\t\t\tVisita do cons\u00f3rcio de constru\u00e7\u00e3o da ciclovia\t\t\t\t\t\t\t<\/p>\r\n\t\t\t\t\t\t\t\t\t\t\t\t\t<\/div>\r\n\t\t\t\t\t\t\t\t\t<\/div>\r\n\t\t\t\r\n\t\t\t<!---- slides div end ---->\r\n\t\t\t\t\t\t<!-- slides thumbnails div start -->\r\n\t\t\t<div class=\"sp-thumbnails\">\r\n\t\t\t\t\t\t\t\t\t\t<img decoding=\"async\" class=\"sp-thumbnail\" loading=\"lazy\" src=\"http:\/\/nossacasa.net\/nossosriachos\/tiririca\/wp-content\/plugins\/ultimate-responsive-image-slider\/assets\/img\/loading.gif\" data-src=\"http:\/\/nossacasa.net\/nossosriachos\/tiririca\/wp-content\/uploads\/sites\/12\/2023\/04\/Mutirao-de-Limpeza-2023-04-02-at-07.32.25-300x300.jpeg\" alt=\"1 de abril de 2023\"\/>\r\n\t\t\t\t\t\t\t\t\t\t\t<img decoding=\"async\" class=\"sp-thumbnail\" loading=\"lazy\" src=\"http:\/\/nossacasa.net\/nossosriachos\/tiririca\/wp-content\/plugins\/ultimate-responsive-image-slider\/assets\/img\/loading.gif\" data-src=\"http:\/\/nossacasa.net\/nossosriachos\/tiririca\/wp-content\/uploads\/sites\/12\/2023\/04\/Mutirao-de-Limpeza-2023-04-02-at-07.32.24-300x300.jpeg\" alt=\"1 de abril de 2023\"\/>\r\n\t\t\t\t\t\t\t\t\t\t\t<img decoding=\"async\" class=\"sp-thumbnail\" loading=\"lazy\" src=\"http:\/\/nossacasa.net\/nossosriachos\/tiririca\/wp-content\/plugins\/ultimate-responsive-image-slider\/assets\/img\/loading.gif\" data-src=\"http:\/\/nossacasa.net\/nossosriachos\/tiririca\/wp-content\/uploads\/sites\/12\/2023\/04\/Projeto_ciclovia-2023-04-02-at-11.11.32-300x169.jpeg\" alt=\"3 de fevereiro de 2023\"\/>\r\n\t\t\t\t\t\t\t\t\t\t\t<img decoding=\"async\" class=\"sp-thumbnail\" loading=\"lazy\" src=\"http:\/\/nossacasa.net\/nossosriachos\/tiririca\/wp-content\/plugins\/ultimate-responsive-image-slider\/assets\/img\/loading.gif\" data-src=\"http:\/\/nossacasa.net\/nossosriachos\/tiririca\/wp-content\/uploads\/sites\/12\/2023\/04\/Projeto_ciclovia-2023-04-02-at-11.10.56-169x300.jpeg\" alt=\"3 de fevereiro de 2023\"\/>\r\n\t\t\t\t\t\t\t\t\t\t\t<img decoding=\"async\" class=\"sp-thumbnail\" loading=\"lazy\" src=\"http:\/\/nossacasa.net\/nossosriachos\/tiririca\/wp-content\/plugins\/ultimate-responsive-image-slider\/assets\/img\/loading.gif\" data-src=\"http:\/\/nossacasa.net\/nossosriachos\/tiririca\/wp-content\/uploads\/sites\/12\/2023\/04\/Projeto_ciclovia-2023-04-02-at-11.10.00-300x169.jpeg\" alt=\"3 de fevereiro de 2023\"\/>\r\n\t\t\t\t\t\t\t\t<\/div>\r\n\t\t\t\t\t\t<!-- slides thumbnails div end -->\r\n\t\t<\/div>\r\n\t\t<style>\r\n\/* Layout 3 *\/\r\n\/* border *\/\r\n#slider-pro-3-5572 .sp-selected-thumbnail {\r\n\tborder: 4px solid #000000;\r\n}\r\n\r\n\/* font + color *\/\r\n.title-in  {\r\n\tfont-family: Arial !important;\r\n\tcolor: #ffffff !important;\r\n\tbackground-color: #ffffff !important;\r\n\topacity: 0.7 !important;\r\n}\r\n.desc-in  {\r\n\tfont-family: Arial !important;\r\n\tcolor: #000000 !important;\r\n\tbackground-color: #ffffff !important;\r\n\topacity: 0.7 !important;\r\n}\r\n\r\n\/* bullets color *\/\r\n.sp-button  {\r\n\tborder: 2px solid #000000 !important;\r\n}\r\n.sp-selected-button  {\r\n\tbackground-color: #000000 !important;\r\n}\r\n\r\n\/* pointer color - bottom *\/\r\n.sp-selected-thumbnail::before {\r\n\tborder-bottom: 5px solid #000000 !important;\r\n}\r\n.sp-selected-thumbnail::after {\r\n\tborder-bottom: 13px solid #000000 !important;\r\n}\r\n\r\n\/* pointer color - top *\/\r\n\r\n\/* full screen icon *\/\r\n.sp-full-screen-button::before {\r\n    color: #FFFFFF !important;\r\n}\r\n\r\n\/* hover navigation icon color *\/\r\n.sp-next-arrow::after, .sp-next-arrow::before {\r\n\tbackground-color: #FFFFFF !important;\r\n}\r\n.sp-previous-arrow::after, .sp-previous-arrow::before {\r\n\tbackground-color: #FFFFFF !important;\r\n}\r\n\r\n#slider-pro-3-5572 .title-in {\r\n\tcolor: #ffffff !important;\r\n\tfont-weight: bolder;\r\n\ttext-align: center;\r\n}\r\n\r\n#slider-pro-3-5572 .title-in-bg {\r\n\tbackground: rgba(255, 255, 255, 0.7); !important;\r\n\twhite-space: unset !important;\r\n\ttransform: initial !important;\r\n\t-webkit-transform: initial !important;\r\n\tfont-size: 14px !important;\r\n}\r\n\r\n#slider-pro-3-5572 .desc-in {\r\n\tcolor: #000000 !important;\r\n\ttext-align: center;\r\n}\r\n#slider-pro-3-5572 .desc-in-bg {\r\n\tbackground: rgba(#ffffff, 0.7) !important;\r\n\twhite-space: unset !important;\r\n\ttransform: initial !important;\r\n\t-webkit-transform: initial !important;\r\n\tfont-size: 13px !important;\r\n}\r\n\r\n@media (max-width: 640px) {\r\n\t#slider-pro-3-5572 .hide-small-screen {\r\n\t\tdisplay: none;\r\n\t}\r\n}\r\n\r\n@media (max-width: 860px) {\r\n\t#slider-pro-3-5572 .sp-layer {\r\n\t\tfont-size: 18px;\r\n\t}\r\n\t\r\n\t#slider-pro-3-5572 .hide-medium-screen {\r\n\t\tdisplay: none;\r\n\t}\r\n}\r\n.slides-not-found {\r\n\tbackground-color: #a92929;\r\n\tborder-radius: 5px;\r\n\tcolor: #fff;\r\n\tfont-family: initial;\r\n\ttext-align: center;\r\n\tpadding:12px;\r\n}\r\n\/* Custom CSS *\/\r\n<\/style>\r\n\n<script type=\"text\/javascript\">\r\ndocument.addEventListener(\"DOMContentLoaded\", function(event) { \r\n\tjQuery( '#slider-pro-3-5563' ).sliderPro({\r\n\t\t\/\/width\r\n\t\t\t\twidth: 1000,\r\n\t\t\t\t\r\n\t\t\/\/height\r\n\t\t\t\theight: 500,\r\n\t\t\t\t\r\n\t\t\/\/auto play\r\n\t\t\t\tautoplay:  true,\r\n\t\tautoplayOnHover: 'none',\r\n\t\t\t\t\t\t\t\tautoplayDelay: 5000,\r\n\t\t\r\n\t\t\r\n\t\tarrows: true,\r\n\t\tbuttons: true,\r\n\t\tsmallSize: 500,\r\n\t\tmediumSize: 1000,\r\n\t\tlargeSize: 3000,\r\n\t\tfade: true,\r\n\t\t\r\n\t\t\/\/thumbnail\r\n\t\tthumbnailArrows: true,\r\n\t\tthumbnailWidth: 120,\r\n\t\tthumbnailHeight: 120,\r\n\t\t\t\t\t\tthumbnailsPosition: 'bottom',\r\n\t\t\t\t\t\tcenterImage: true,\r\n\t\timageScaleMode: 'cover',\r\n\t\tallowScaleUp: true,\r\n\t\t\t\tstartSlide: 0,\r\n\t\tloop: true,\r\n\t\tslideDistance: 5,\r\n\t\tautoplayDirection: 'normal',\r\n\t\ttouchSwipe: true,\r\n\t\tfullScreen: true,\r\n\t});\r\n});\r\n<\/script>\r\n\r\n<div id=\"uris-slider-title\">\r\n\t<h3 class=\"uris-slider-post-title\">Fotos de 2019<\/h3>\r\n<\/div>\r\n\t\t<div id=\"slider-pro-3-5563\" class=\"slider-pro\">\r\n\t\t\t<!---- slides div start ---->\r\n\t\t\t<div class=\"sp-slides\">\r\n\t\t\t\t\t\t\t\t\t\t<div class=\"sp-slide\">\r\n\t\t\t\t\t\t\t<img decoding=\"async\" class=\"sp-image\" loading=\"lazy\" alt=\"7 de maio de 2019\" src=\"http:\/\/nossacasa.net\/nossosriachos\/tiririca\/wp-content\/plugins\/ultimate-responsive-image-slider\/assets\/css\/images\/blank.gif\" data-src=\"http:\/\/nossacasa.net\/nossosriachos\/tiririca\/wp-content\/uploads\/sites\/12\/2023\/04\/20190407-22-scaled.jpg\" \/>\r\n\r\n\t\t\t\t\t\t\t\r\n\t\t\t\t\t\t\t\t\t\t\t\t\t<\/div>\r\n\t\t\t\t\t\t\t\t\t\t\t\t<div class=\"sp-slide\">\r\n\t\t\t\t\t\t\t<img decoding=\"async\" class=\"sp-image\" loading=\"lazy\" alt=\"5 de junho de 2019\" src=\"http:\/\/nossacasa.net\/nossosriachos\/tiririca\/wp-content\/plugins\/ultimate-responsive-image-slider\/assets\/css\/images\/blank.gif\" data-src=\"http:\/\/nossacasa.net\/nossosriachos\/tiririca\/wp-content\/uploads\/sites\/12\/2023\/04\/020-20190605-30-scaled.jpg\" \/>\r\n\r\n\t\t\t\t\t\t\t\r\n\t\t\t\t\t\t\t\t\t\t\t\t\t<\/div>\r\n\t\t\t\t\t\t\t\t\t\t\t\t<div class=\"sp-slide\">\r\n\t\t\t\t\t\t\t<img decoding=\"async\" class=\"sp-image\" loading=\"lazy\" alt=\"5 de junho de 2019\" src=\"http:\/\/nossacasa.net\/nossosriachos\/tiririca\/wp-content\/plugins\/ultimate-responsive-image-slider\/assets\/css\/images\/blank.gif\" data-src=\"http:\/\/nossacasa.net\/nossosriachos\/tiririca\/wp-content\/uploads\/sites\/12\/2023\/04\/015-20190605-25-scaled.jpg\" \/>\r\n\r\n\t\t\t\t\t\t\t\r\n\t\t\t\t\t\t\t\t\t\t\t\t\t<\/div>\r\n\t\t\t\t\t\t\t\t\t\t\t\t<div class=\"sp-slide\">\r\n\t\t\t\t\t\t\t<img decoding=\"async\" class=\"sp-image\" loading=\"lazy\" alt=\"5 de junho de 2019\" src=\"http:\/\/nossacasa.net\/nossosriachos\/tiririca\/wp-content\/plugins\/ultimate-responsive-image-slider\/assets\/css\/images\/blank.gif\" data-src=\"http:\/\/nossacasa.net\/nossosriachos\/tiririca\/wp-content\/uploads\/sites\/12\/2023\/04\/022-20190605-32-scaled.jpg\" \/>\r\n\r\n\t\t\t\t\t\t\t\r\n\t\t\t\t\t\t\t\t\t\t\t\t\t<\/div>\r\n\t\t\t\t\t\t\t\t\t\t\t\t<div class=\"sp-slide\">\r\n\t\t\t\t\t\t\t<img decoding=\"async\" class=\"sp-image\" loading=\"lazy\" alt=\"5 de junho de 2019\" src=\"http:\/\/nossacasa.net\/nossosriachos\/tiririca\/wp-content\/plugins\/ultimate-responsive-image-slider\/assets\/css\/images\/blank.gif\" data-src=\"http:\/\/nossacasa.net\/nossosriachos\/tiririca\/wp-content\/uploads\/sites\/12\/2023\/04\/019-20190605-29-scaled.jpg\" \/>\r\n\r\n\t\t\t\t\t\t\t\r\n\t\t\t\t\t\t\t\t\t\t\t\t\t<\/div>\r\n\t\t\t\t\t\t\t\t\t\t\t\t<div class=\"sp-slide\">\r\n\t\t\t\t\t\t\t<img decoding=\"async\" class=\"sp-image\" loading=\"lazy\" alt=\"5 de junho de 2019\" src=\"http:\/\/nossacasa.net\/nossosriachos\/tiririca\/wp-content\/plugins\/ultimate-responsive-image-slider\/assets\/css\/images\/blank.gif\" data-src=\"http:\/\/nossacasa.net\/nossosriachos\/tiririca\/wp-content\/uploads\/sites\/12\/2023\/04\/021-20190605-31-scaled.jpg\" \/>\r\n\r\n\t\t\t\t\t\t\t\r\n\t\t\t\t\t\t\t\t\t\t\t\t\t<\/div>\r\n\t\t\t\t\t\t\t\t\t\t\t\t<div class=\"sp-slide\">\r\n\t\t\t\t\t\t\t<img decoding=\"async\" class=\"sp-image\" loading=\"lazy\" alt=\"5 de junho de 2019\" src=\"http:\/\/nossacasa.net\/nossosriachos\/tiririca\/wp-content\/plugins\/ultimate-responsive-image-slider\/assets\/css\/images\/blank.gif\" data-src=\"http:\/\/nossacasa.net\/nossosriachos\/tiririca\/wp-content\/uploads\/sites\/12\/2023\/04\/014-20190605-24-scaled.jpg\" \/>\r\n\r\n\t\t\t\t\t\t\t\r\n\t\t\t\t\t\t\t\t\t\t\t\t\t<\/div>\r\n\t\t\t\t\t\t\t\t\t<\/div>\r\n\t\t\t\r\n\t\t\t<!---- slides div end ---->\r\n\t\t\t\t\t\t<!-- slides thumbnails div start -->\r\n\t\t\t<div class=\"sp-thumbnails\">\r\n\t\t\t\t\t\t\t\t\t\t<img decoding=\"async\" class=\"sp-thumbnail\" loading=\"lazy\" src=\"http:\/\/nossacasa.net\/nossosriachos\/tiririca\/wp-content\/plugins\/ultimate-responsive-image-slider\/assets\/img\/loading.gif\" data-src=\"http:\/\/nossacasa.net\/nossosriachos\/tiririca\/wp-content\/uploads\/sites\/12\/2023\/04\/20190407-22-300x169.jpg\" alt=\"7 de maio de 2019\"\/>\r\n\t\t\t\t\t\t\t\t\t\t\t<img decoding=\"async\" class=\"sp-thumbnail\" loading=\"lazy\" src=\"http:\/\/nossacasa.net\/nossosriachos\/tiririca\/wp-content\/plugins\/ultimate-responsive-image-slider\/assets\/img\/loading.gif\" data-src=\"http:\/\/nossacasa.net\/nossosriachos\/tiririca\/wp-content\/uploads\/sites\/12\/2023\/04\/020-20190605-30-300x169.jpg\" alt=\"5 de junho de 2019\"\/>\r\n\t\t\t\t\t\t\t\t\t\t\t<img decoding=\"async\" class=\"sp-thumbnail\" loading=\"lazy\" src=\"http:\/\/nossacasa.net\/nossosriachos\/tiririca\/wp-content\/plugins\/ultimate-responsive-image-slider\/assets\/img\/loading.gif\" data-src=\"http:\/\/nossacasa.net\/nossosriachos\/tiririca\/wp-content\/uploads\/sites\/12\/2023\/04\/015-20190605-25-300x169.jpg\" alt=\"5 de junho de 2019\"\/>\r\n\t\t\t\t\t\t\t\t\t\t\t<img decoding=\"async\" class=\"sp-thumbnail\" loading=\"lazy\" src=\"http:\/\/nossacasa.net\/nossosriachos\/tiririca\/wp-content\/plugins\/ultimate-responsive-image-slider\/assets\/img\/loading.gif\" data-src=\"http:\/\/nossacasa.net\/nossosriachos\/tiririca\/wp-content\/uploads\/sites\/12\/2023\/04\/022-20190605-32-300x169.jpg\" alt=\"5 de junho de 2019\"\/>\r\n\t\t\t\t\t\t\t\t\t\t\t<img decoding=\"async\" class=\"sp-thumbnail\" loading=\"lazy\" src=\"http:\/\/nossacasa.net\/nossosriachos\/tiririca\/wp-content\/plugins\/ultimate-responsive-image-slider\/assets\/img\/loading.gif\" data-src=\"http:\/\/nossacasa.net\/nossosriachos\/tiririca\/wp-content\/uploads\/sites\/12\/2023\/04\/019-20190605-29-300x169.jpg\" alt=\"5 de junho de 2019\"\/>\r\n\t\t\t\t\t\t\t\t\t\t\t<img decoding=\"async\" class=\"sp-thumbnail\" loading=\"lazy\" src=\"http:\/\/nossacasa.net\/nossosriachos\/tiririca\/wp-content\/plugins\/ultimate-responsive-image-slider\/assets\/img\/loading.gif\" data-src=\"http:\/\/nossacasa.net\/nossosriachos\/tiririca\/wp-content\/uploads\/sites\/12\/2023\/04\/021-20190605-31-300x169.jpg\" alt=\"5 de junho de 2019\"\/>\r\n\t\t\t\t\t\t\t\t\t\t\t<img decoding=\"async\" class=\"sp-thumbnail\" loading=\"lazy\" src=\"http:\/\/nossacasa.net\/nossosriachos\/tiririca\/wp-content\/plugins\/ultimate-responsive-image-slider\/assets\/img\/loading.gif\" data-src=\"http:\/\/nossacasa.net\/nossosriachos\/tiririca\/wp-content\/uploads\/sites\/12\/2023\/04\/014-20190605-24-300x169.jpg\" alt=\"5 de junho de 2019\"\/>\r\n\t\t\t\t\t\t\t\t<\/div>\r\n\t\t\t\t\t\t<!-- slides thumbnails div end -->\r\n\t\t<\/div>\r\n\t\t<style>\r\n\/* Layout 3 *\/\r\n\/* border *\/\r\n#slider-pro-3-5563 .sp-selected-thumbnail {\r\n\tborder: 4px solid #000000;\r\n}\r\n\r\n\/* font + color *\/\r\n.title-in  {\r\n\tfont-family: Arial !important;\r\n\tcolor: #FFFFFF !important;\r\n\tbackground-color: #000000 !important;\r\n\topacity: 0.7 !important;\r\n}\r\n.desc-in  {\r\n\tfont-family: Arial !important;\r\n\tcolor: #FFFFFF !important;\r\n\tbackground-color: #00000 !important;\r\n\topacity: 0.7 !important;\r\n}\r\n\r\n\/* bullets color *\/\r\n.sp-button  {\r\n\tborder: 2px solid #000000 !important;\r\n}\r\n.sp-selected-button  {\r\n\tbackground-color: #000000 !important;\r\n}\r\n\r\n\/* pointer color - bottom *\/\r\n.sp-selected-thumbnail::before {\r\n\tborder-bottom: 5px solid #000000 !important;\r\n}\r\n.sp-selected-thumbnail::after {\r\n\tborder-bottom: 13px solid #000000 !important;\r\n}\r\n\r\n\/* pointer color - top *\/\r\n\r\n\/* full screen icon *\/\r\n.sp-full-screen-button::before {\r\n    color: #FFFFFF !important;\r\n}\r\n\r\n\/* hover navigation icon color *\/\r\n.sp-next-arrow::after, .sp-next-arrow::before {\r\n\tbackground-color: #FFFFFF !important;\r\n}\r\n.sp-previous-arrow::after, .sp-previous-arrow::before {\r\n\tbackground-color: #FFFFFF !important;\r\n}\r\n\r\n#slider-pro-3-5563 .title-in {\r\n\tcolor: #FFFFFF !important;\r\n\tfont-weight: bolder;\r\n\ttext-align: center;\r\n}\r\n\r\n#slider-pro-3-5563 .title-in-bg {\r\n\tbackground: rgba(255, 255, 255, 0.7); !important;\r\n\twhite-space: unset !important;\r\n\ttransform: initial !important;\r\n\t-webkit-transform: initial !important;\r\n\tfont-size: 14px !important;\r\n}\r\n\r\n#slider-pro-3-5563 .desc-in {\r\n\tcolor: #FFFFFF !important;\r\n\ttext-align: center;\r\n}\r\n#slider-pro-3-5563 .desc-in-bg {\r\n\tbackground: rgba(#00000, 0.7) !important;\r\n\twhite-space: unset !important;\r\n\ttransform: initial !important;\r\n\t-webkit-transform: initial !important;\r\n\tfont-size: 13px !important;\r\n}\r\n\r\n@media (max-width: 640px) {\r\n\t#slider-pro-3-5563 .hide-small-screen {\r\n\t\tdisplay: none;\r\n\t}\r\n}\r\n\r\n@media (max-width: 860px) {\r\n\t#slider-pro-3-5563 .sp-layer {\r\n\t\tfont-size: 18px;\r\n\t}\r\n\t\r\n\t#slider-pro-3-5563 .hide-medium-screen {\r\n\t\tdisplay: none;\r\n\t}\r\n}\r\n.slides-not-found {\r\n\tbackground-color: #a92929;\r\n\tborder-radius: 5px;\r\n\tcolor: #fff;\r\n\tfont-family: initial;\r\n\ttext-align: center;\r\n\tpadding:12px;\r\n}\r\n\/* Custom CSS *\/\r\n<\/style>\r\n<\/div>\n","protected":false},"excerpt":{"rendered":"<p>O Projeto de recupera\u00e7\u00e3o vegetal da margem esquerda do c\u00f3rrego dos Colibris, realizado pelo Coletivo C\u00f3rregos da Tiririca ficou limitado em seu trecho final pela obstru\u00e7\u00e3o da Av. Boa Vista. (Figura 1) Em Mar\u00e7o de 2023, na visita da equipe do Pr\u00f3-Sustent\u00e1vel, o representante da AMADARCY sugeriu um parceria com coletivo para cria\u00e7\u00e3o do Caminho &hellip; <\/p>\n<p class=\"link-more\"><a href=\"http:\/\/nossacasa.net\/nossosriachos\/tiririca\/?p=5563\" class=\"more-link\">Continue lendo<span class=\"screen-reader-text\"> &#8220;Fotos de 2019&#8221;<\/span><\/a><\/p>\n","protected":false},"author":1,"featured_media":0,"parent":0,"menu_order":0,"comment_status":"closed","ping_status":"closed","template":"","meta":{"footnotes":""},"class_list":["post-5558","page","type-page","status-publish","hentry"],"_links":{"self":[{"href":"http:\/\/nossacasa.net\/nossosriachos\/tiririca\/wp-json\/wp\/v2\/pages\/5558","targetHints":{"allow":["GET"]}}],"collection":[{"href":"http:\/\/nossacasa.net\/nossosriachos\/tiririca\/wp-json\/wp\/v2\/pages"}],"about":[{"href":"http:\/\/nossacasa.net\/nossosriachos\/tiririca\/wp-json\/wp\/v2\/types\/page"}],"author":[{"embeddable":true,"href":"http:\/\/nossacasa.net\/nossosriachos\/tiririca\/wp-json\/wp\/v2\/users\/1"}],"replies":[{"embeddable":true,"href":"http:\/\/nossacasa.net\/nossosriachos\/tiririca\/wp-json\/wp\/v2\/comments?post=5558"}],"version-history":[{"count":4,"href":"http:\/\/nossacasa.net\/nossosriachos\/tiririca\/wp-json\/wp\/v2\/pages\/5558\/revisions"}],"predecessor-version":[{"id":5576,"href":"http:\/\/nossacasa.net\/nossosriachos\/tiririca\/wp-json\/wp\/v2\/pages\/5558\/revisions\/5576"}],"wp:attachment":[{"href":"http:\/\/nossacasa.net\/nossosriachos\/tiririca\/wp-json\/wp\/v2\/media?parent=5558"}],"curies":[{"name":"wp","href":"https:\/\/api.w.org\/{rel}","templated":true}]}}