{"id":581,"date":"2019-07-28T13:15:28","date_gmt":"2019-07-28T16:15:28","guid":{"rendered":"http:\/\/nossacasa.net\/nossosriachos\/tiririca\/?page_id=581"},"modified":"2019-07-28T13:17:03","modified_gmt":"2019-07-28T16:17:03","slug":"coletivo","status":"publish","type":"page","link":"http:\/\/nossacasa.net\/nossosriachos\/tiririca\/coletivo\/","title":{"rendered":"Coletivo"},"content":{"rendered":"<div style=\"text-align: justify;\">\n<strong>COLETIVO C\u00d3RREGO DA TIRIRICA<\/strong><\/p>\n<p><strong>Nome completo dos iniciadores<\/strong>: Beatriz Silva Cecchetti Figueiredo; Benigna Glicerina da Silva Gomes; Cl\u00f3vis Jos\u00e9 Wotzasek; Eny Hertz Bittencourt; Fernando S\u00e3o Thiago Tanscheit; Lucas Silveira Curi; Luisa Maria Sarmento Soares Filho; Maria Aglae Pereira Lima; Maria Christina Domingues Krug; Maria Aglae Pereira Lima; Maria Izabel Campos Pantale\u00e3o; Maria Nazareth Dias Coelho; Mariliza Bastos Rodrigues da Silva; Regina Vidal; Ronaldo Fernando; Ronaldo Fernando Martins Pinheiro e Waldo Vieira Costa. <\/p>\n<p><strong>E-mail para contato<\/strong>: pinheiro.martins@gmail.com<br \/>\n<strong>Telefone de contato<\/strong>: (21)97983-9847<br \/>\n<strong>Nome do projeto<\/strong>: C\u00d3RREGO DA TIRIRICA<br \/>\n<strong>Relev\u00e2ncia do projeto<\/strong>: Ambiental, Educacional e Social<br \/>\n<strong>Institui\u00e7\u00f5es envolvidas<\/strong>: Instituto nossosriachos, CARPE Projetos Socioambientais, Secretaria Municipal de Meio Ambiente, Recursos H\u00eddricos e Sustentabilidade \u2013 SMARHS, Parque Estadual da Serra da Tiririca (PSET). <\/p>\n<p><strong>Objetivo\/ finalidade do Projeto<\/strong>: Recomposi\u00e7\u00e3o com uso de Agricultura Sintr\u00f3pica da Faixa Marginal de Prote\u00e7\u00e3o da margem esquerda do trecho final C\u00f3rrego da Tiririca.<br \/>\n<strong>Proposta do projeto<\/strong>: Recomposi\u00e7\u00e3o de aproximadamente 800 m da margem esquerda do C\u00f3rrego da Tiririca, na Faixa Marginal de Prote\u00e7\u00e3o que separa este da Av. Boa Vista (antiga Alameda A). Para esta recomposi\u00e7\u00e3o seria usada a metodologia da Agricultura Sintr\u00f3pica, adaptada para as condi\u00e7\u00f5es e exig\u00eancias do local. Com envolvimento da popula\u00e7\u00e3o local e institui\u00e7\u00f5es de ensino.<br \/>\n<strong>Dura\u00e7\u00e3o do projeto<\/strong>: Trata-se de um projeto permanente, pois al\u00e9m da implanta\u00e7\u00e3o, tem a manuten\u00e7\u00e3o e acompanhamento da evolu\u00e7\u00e3o da vegeta\u00e7\u00e3o na \u00e1rea.<br \/>\n<strong>Cronograma<\/strong>: Ser\u00e3o realizadas as a\u00e7\u00f5es por mutir\u00f5es peri\u00f3dicos<br \/>\n<strong>Custo Total do projeto<\/strong>: Ser\u00e1 realizado por a\u00e7\u00f5es e doa\u00e7\u00f5es volunt\u00e1rias.<\/p>\n<p><strong>Registro na SMARHS<\/strong>: Protocolo no. 2500004100\/2019 &#8211; no.de controle: 2408859\n<\/div>\n","protected":false},"excerpt":{"rendered":"<p>COLETIVO C\u00d3RREGO DA TIRIRICA Nome completo dos iniciadores: Beatriz Silva Cecchetti Figueiredo; Benigna Glicerina da Silva Gomes; Cl\u00f3vis Jos\u00e9 Wotzasek; Eny Hertz Bittencourt; Fernando S\u00e3o Thiago Tanscheit; Lucas Silveira Curi; Luisa Maria Sarmento Soares Filho; Maria Aglae Pereira Lima; Maria Christina Domingues Krug; Maria Aglae Pereira Lima; Maria Izabel Campos Pantale\u00e3o; Maria Nazareth Dias Coelho; &hellip; <\/p>\n<p class=\"link-more\"><a href=\"http:\/\/nossacasa.net\/nossosriachos\/tiririca\/coletivo\/\" class=\"more-link\">Continue lendo<span class=\"screen-reader-text\"> &#8220;Coletivo&#8221;<\/span><\/a><\/p>\n","protected":false},"author":1,"featured_media":0,"parent":0,"menu_order":0,"comment_status":"closed","ping_status":"closed","template":"","meta":{"footnotes":""},"class_list":["post-581","page","type-page","status-publish","hentry"],"_links":{"self":[{"href":"http:\/\/nossacasa.net\/nossosriachos\/tiririca\/wp-json\/wp\/v2\/pages\/581","targetHints":{"allow":["GET"]}}],"collection":[{"href":"http:\/\/nossacasa.net\/nossosriachos\/tiririca\/wp-json\/wp\/v2\/pages"}],"about":[{"href":"http:\/\/nossacasa.net\/nossosriachos\/tiririca\/wp-json\/wp\/v2\/types\/page"}],"author":[{"embeddable":true,"href":"http:\/\/nossacasa.net\/nossosriachos\/tiririca\/wp-json\/wp\/v2\/users\/1"}],"replies":[{"embeddable":true,"href":"http:\/\/nossacasa.net\/nossosriachos\/tiririca\/wp-json\/wp\/v2\/comments?post=581"}],"version-history":[{"count":2,"href":"http:\/\/nossacasa.net\/nossosriachos\/tiririca\/wp-json\/wp\/v2\/pages\/581\/revisions"}],"predecessor-version":[{"id":583,"href":"http:\/\/nossacasa.net\/nossosriachos\/tiririca\/wp-json\/wp\/v2\/pages\/581\/revisions\/583"}],"wp:attachment":[{"href":"http:\/\/nossacasa.net\/nossosriachos\/tiririca\/wp-json\/wp\/v2\/media?parent=581"}],"curies":[{"name":"wp","href":"https:\/\/api.w.org\/{rel}","templated":true}]}}