{"id":587,"date":"2019-07-28T13:26:34","date_gmt":"2019-07-28T16:26:34","guid":{"rendered":"http:\/\/nossacasa.net\/nossosriachos\/tiririca\/?page_id=587"},"modified":"2019-07-28T13:35:17","modified_gmt":"2019-07-28T16:35:17","slug":"introducao","status":"publish","type":"page","link":"http:\/\/nossacasa.net\/nossosriachos\/tiririca\/introducao\/","title":{"rendered":"Introdu\u00e7\u00e3o"},"content":{"rendered":"<div style=\"text-align: justify;\">\nDe acordo com Oliveira (1948) quatro c\u00f3rregos desembocavam na Lagoa de Piratininga: Tamboat\u00e1, Aperta-Cinta, Jacar\u00e9 e Piratininga. A lagoa de Itaipu era alimentada pelo Rio Jo\u00e3o Mendes e outros quatro c\u00f3rregos Boa-Vista, Vala, Candobe e Itaipu (figura 1)<br \/>\n<figure id=\"attachment_588\" aria-describedby=\"caption-attachment-588\" style=\"width: 1200px\" class=\"wp-caption aligncenter\"><img loading=\"lazy\" decoding=\"async\" src=\"http:\/\/nossacasa.net\/nossosriachos\/tiririca\/wp-content\/uploads\/sites\/12\/2019\/07\/figura1.jpg\" alt=\"\" width=\"1200\" height=\"837\" class=\"size-full wp-image-588\" srcset=\"http:\/\/nossacasa.net\/nossosriachos\/tiririca\/wp-content\/uploads\/sites\/12\/2019\/07\/figura1.jpg 1200w, http:\/\/nossacasa.net\/nossosriachos\/tiririca\/wp-content\/uploads\/sites\/12\/2019\/07\/figura1-300x209.jpg 300w, http:\/\/nossacasa.net\/nossosriachos\/tiririca\/wp-content\/uploads\/sites\/12\/2019\/07\/figura1-768x536.jpg 768w, http:\/\/nossacasa.net\/nossosriachos\/tiririca\/wp-content\/uploads\/sites\/12\/2019\/07\/figura1-1024x714.jpg 1024w\" sizes=\"auto, (max-width: 767px) 89vw, (max-width: 1000px) 54vw, (max-width: 1071px) 543px, 580px\" \/><figcaption id=\"caption-attachment-588\" class=\"wp-caption-text\">Figura 1. Mapa publicado em Oliveira, 1948<\/figcaption><\/figure><\/p>\n<p>Rodrigues (2004) cita Tinoco (1995): \u201cA Lagoa de Piratininga \u00e9 a receptora dos rios Arrozal e Jacar\u00e9; e dos c\u00f3rregos da Vira\u00e7\u00e3o e do Cafub\u00e1. A Lagoa de Itaipu \u00e9 receptora dos Rios Jo\u00e3o Mendes e dos c\u00f3rregos da Tiririca e de Itacoatiara. Estes cursos d\u2019\u00e1gua \u00e9 que formam a Macrobacia da Regi\u00e3o Oce\u00e2nica do Sistema Lagunar Piratininga \u2013 Itaipu\u201d (figura 2).<br \/>\n<figure id=\"attachment_590\" aria-describedby=\"caption-attachment-590\" style=\"width: 1267px\" class=\"wp-caption aligncenter\"><img loading=\"lazy\" decoding=\"async\" src=\"http:\/\/nossacasa.net\/nossosriachos\/tiririca\/wp-content\/uploads\/sites\/12\/2019\/07\/figura2.jpg\" alt=\"\" width=\"1267\" height=\"1003\" class=\"size-full wp-image-590\" srcset=\"http:\/\/nossacasa.net\/nossosriachos\/tiririca\/wp-content\/uploads\/sites\/12\/2019\/07\/figura2.jpg 1267w, http:\/\/nossacasa.net\/nossosriachos\/tiririca\/wp-content\/uploads\/sites\/12\/2019\/07\/figura2-300x237.jpg 300w, http:\/\/nossacasa.net\/nossosriachos\/tiririca\/wp-content\/uploads\/sites\/12\/2019\/07\/figura2-768x608.jpg 768w, http:\/\/nossacasa.net\/nossosriachos\/tiririca\/wp-content\/uploads\/sites\/12\/2019\/07\/figura2-1024x811.jpg 1024w\" sizes=\"auto, (max-width: 767px) 89vw, (max-width: 1000px) 54vw, (max-width: 1071px) 543px, 580px\" \/><figcaption id=\"caption-attachment-590\" class=\"wp-caption-text\">Figura 2. Macrobacia da Regi\u00e3o Oce\u00e2nica do Sistema Lagunar Piratininga \u2013 Itaipu (segundo Tinoco, 1995).<\/figcaption><\/figure><\/p>\n<p>As Microbacias da Lagoa de Itaipu para efeito deste projeto foram consideradas conforme a figura 3. Esta figura foi constru\u00edda por nossa equipe, tomando como refer\u00eancia a Carta Topogr\u00e1fica da Ba\u00eda de Guanabara (SF-23-Z-B-IV-4) na escala de 1:50.000 e ajustado usando o Google Earth e ajustado em campo com a ajuda de GPS. Os nomes dos c\u00f3rregos foram usados conforme Tinoco (1995).<br \/>\n<figure id=\"attachment_592\" aria-describedby=\"caption-attachment-592\" style=\"width: 948px\" class=\"wp-caption aligncenter\"><img loading=\"lazy\" decoding=\"async\" src=\"http:\/\/nossacasa.net\/nossosriachos\/tiririca\/wp-content\/uploads\/sites\/12\/2019\/07\/figura3.jpg\" alt=\"\" width=\"948\" height=\"592\" class=\"size-full wp-image-592\" srcset=\"http:\/\/nossacasa.net\/nossosriachos\/tiririca\/wp-content\/uploads\/sites\/12\/2019\/07\/figura3.jpg 948w, http:\/\/nossacasa.net\/nossosriachos\/tiririca\/wp-content\/uploads\/sites\/12\/2019\/07\/figura3-300x187.jpg 300w, http:\/\/nossacasa.net\/nossosriachos\/tiririca\/wp-content\/uploads\/sites\/12\/2019\/07\/figura3-768x480.jpg 768w\" sizes=\"auto, (max-width: 767px) 89vw, (max-width: 1000px) 54vw, (max-width: 1071px) 543px, 580px\" \/><figcaption id=\"caption-attachment-592\" class=\"wp-caption-text\">Figura 3. Microbacias da Lagoa de Itaipu. Baseado na Carta Topogr\u00e1fica Matricial Ba\u00eda de Guanabara SF-23-Z-B-IV-4 de 1:50.000 e os nomes adotados de Tinoco, 1995.<\/figcaption><\/figure><\/p>\n<p><strong>C\u00f3rrego da Tiririca.<\/strong> Nasce na Serra da Tiririca, no contraforte do Morro do Tel\u00e9grafo, a 200 metros de altitude. Com o nome de c\u00f3rrego dos Colibris, desce da nascente, pelo Parque Estadual da Serra da Tiririca, at\u00e9 seus limites na Rua Scylla Souza Ribeiro. A partir deste trecho segue por canaliza\u00e7\u00e3o subterr\u00e2nea, passando pelo Bairro Peixoto at\u00e9 a Escola Professora Alcina, onde desaguava inicialmente. Deste ponto segue canalizado (figura 4), por aproximadamente 800m at\u00e9 seu novo ponto de des\u00e1gue na Lagoa. Este desvio foi constru\u00eddo para dar lugar a constru\u00e7\u00e3o do Bairro Boa Vista. \u00c9 um c\u00f3rrego tempor\u00e1rio, ou seja depende do regime de chuvas. No total tem um percurso de 2.500 m at\u00e9 desembocar na Lagoa da Itaipu.<br \/>\n<figure id=\"attachment_595\" aria-describedby=\"caption-attachment-595\" style=\"width: 800px\" class=\"wp-caption aligncenter\"><img loading=\"lazy\" decoding=\"async\" src=\"http:\/\/nossacasa.net\/nossosriachos\/tiririca\/wp-content\/uploads\/sites\/12\/2019\/07\/figura4.jpg\" alt=\"\" width=\"800\" height=\"450\" class=\"size-full wp-image-595\" srcset=\"http:\/\/nossacasa.net\/nossosriachos\/tiririca\/wp-content\/uploads\/sites\/12\/2019\/07\/figura4.jpg 800w, http:\/\/nossacasa.net\/nossosriachos\/tiririca\/wp-content\/uploads\/sites\/12\/2019\/07\/figura4-300x169.jpg 300w, http:\/\/nossacasa.net\/nossosriachos\/tiririca\/wp-content\/uploads\/sites\/12\/2019\/07\/figura4-768x432.jpg 768w\" sizes=\"auto, (max-width: 767px) 89vw, (max-width: 1000px) 54vw, (max-width: 1071px) 543px, 580px\" \/><figcaption id=\"caption-attachment-595\" class=\"wp-caption-text\">Figura 4 \u2013 Inicio do canal aberto do c\u00f3rrego da Tiririca.<\/figcaption><\/figure><\/p>\n<p><strong>Agricultura Sintr\u00f3pica.<\/strong> A recupera\u00e7\u00e3o da \u00e1rea tem como objetivo, segundo a Lei Federal n\u00ba 9985\/2000 a \u201c(&#8230;) a restitui\u00e7\u00e3o de um ecossistema ou de uma popula\u00e7\u00e3o silvestre degradada a uma condi\u00e7\u00e3o n\u00e3o degradada, que pode ser diferente de sua condi\u00e7\u00e3o original\u201d. Os sistemas de produ\u00e7\u00e3o agroecol\u00f3gicos s\u00e3o baseados na sucess\u00e3o natural de esp\u00e9cies, na complexifica\u00e7\u00e3o do ambiente (cons\u00f3rcios) e na sintropia. Cada interven\u00e7\u00e3o no sistema deve deixar um saldo positivo no balan\u00e7o energ\u00e9tico, econ\u00f4mico, na quantidade e na qualidade de esp\u00e9cies como ocorre na natureza (Vaz, 2001). A agricultura sintr\u00f3pica re\u00fane estas caracter\u00edsticas e usa a poda e a capina, como forma de acelerar a reciclagem da mat\u00e9ria org\u00e2nica, sendo de grande efici\u00eancia para a recupera\u00e7\u00e3o em \u00e1reas degradadas com inclus\u00e3o do ser humano atrav\u00e9s da produtividade dos arranjos sintr\u00f3picos.<br \/>\n<figure id=\"attachment_596\" aria-describedby=\"caption-attachment-596\" style=\"width: 886px\" class=\"wp-caption aligncenter\"><img loading=\"lazy\" decoding=\"async\" src=\"http:\/\/nossacasa.net\/nossosriachos\/tiririca\/wp-content\/uploads\/sites\/12\/2019\/07\/agroflorestas.jpg\" alt=\"\" width=\"886\" height=\"665\" class=\"size-full wp-image-596\" srcset=\"http:\/\/nossacasa.net\/nossosriachos\/tiririca\/wp-content\/uploads\/sites\/12\/2019\/07\/agroflorestas.jpg 886w, http:\/\/nossacasa.net\/nossosriachos\/tiririca\/wp-content\/uploads\/sites\/12\/2019\/07\/agroflorestas-300x225.jpg 300w, http:\/\/nossacasa.net\/nossosriachos\/tiririca\/wp-content\/uploads\/sites\/12\/2019\/07\/agroflorestas-768x576.jpg 768w\" sizes=\"auto, (max-width: 767px) 89vw, (max-width: 1000px) 54vw, (max-width: 1071px) 543px, 580px\" \/><figcaption id=\"caption-attachment-596\" class=\"wp-caption-text\">Agricultura sintr\u00f3pica<\/figcaption><\/figure>\n<\/div>\n","protected":false},"excerpt":{"rendered":"<p>De acordo com Oliveira (1948) quatro c\u00f3rregos desembocavam na Lagoa de Piratininga: Tamboat\u00e1, Aperta-Cinta, Jacar\u00e9 e Piratininga. A lagoa de Itaipu era alimentada pelo Rio Jo\u00e3o Mendes e outros quatro c\u00f3rregos Boa-Vista, Vala, Candobe e Itaipu (figura 1) Rodrigues (2004) cita Tinoco (1995): \u201cA Lagoa de Piratininga \u00e9 a receptora dos rios Arrozal e Jacar\u00e9; &hellip; <\/p>\n<p class=\"link-more\"><a href=\"http:\/\/nossacasa.net\/nossosriachos\/tiririca\/introducao\/\" class=\"more-link\">Continue lendo<span class=\"screen-reader-text\"> &#8220;Introdu\u00e7\u00e3o&#8221;<\/span><\/a><\/p>\n","protected":false},"author":1,"featured_media":0,"parent":0,"menu_order":0,"comment_status":"closed","ping_status":"closed","template":"","meta":{"footnotes":""},"class_list":["post-587","page","type-page","status-publish","hentry"],"_links":{"self":[{"href":"http:\/\/nossacasa.net\/nossosriachos\/tiririca\/wp-json\/wp\/v2\/pages\/587","targetHints":{"allow":["GET"]}}],"collection":[{"href":"http:\/\/nossacasa.net\/nossosriachos\/tiririca\/wp-json\/wp\/v2\/pages"}],"about":[{"href":"http:\/\/nossacasa.net\/nossosriachos\/tiririca\/wp-json\/wp\/v2\/types\/page"}],"author":[{"embeddable":true,"href":"http:\/\/nossacasa.net\/nossosriachos\/tiririca\/wp-json\/wp\/v2\/users\/1"}],"replies":[{"embeddable":true,"href":"http:\/\/nossacasa.net\/nossosriachos\/tiririca\/wp-json\/wp\/v2\/comments?post=587"}],"version-history":[{"count":5,"href":"http:\/\/nossacasa.net\/nossosriachos\/tiririca\/wp-json\/wp\/v2\/pages\/587\/revisions"}],"predecessor-version":[{"id":597,"href":"http:\/\/nossacasa.net\/nossosriachos\/tiririca\/wp-json\/wp\/v2\/pages\/587\/revisions\/597"}],"wp:attachment":[{"href":"http:\/\/nossacasa.net\/nossosriachos\/tiririca\/wp-json\/wp\/v2\/media?parent=587"}],"curies":[{"name":"wp","href":"https:\/\/api.w.org\/{rel}","templated":true}]}}