{"id":599,"date":"2019-07-28T13:36:54","date_gmt":"2019-07-28T16:36:54","guid":{"rendered":"http:\/\/nossacasa.net\/nossosriachos\/tiririca\/?page_id=599"},"modified":"2019-07-28T14:13:58","modified_gmt":"2019-07-28T17:13:58","slug":"proposta","status":"publish","type":"page","link":"http:\/\/nossacasa.net\/nossosriachos\/tiririca\/proposta\/","title":{"rendered":"Proposta"},"content":{"rendered":"<div style=\"text-align: justify;\">\n<strong>Objetivo.<\/strong> Recomposi\u00e7\u00e3o de aproximadamente 800 m da margem esquerda do C\u00f3rrego da Tiririca, na Faixa Marginal de Prote\u00e7\u00e3o que separa este da Av. Boa Vista (antiga Alameda A). Para esta recomposi\u00e7\u00e3o seria usada a metodologia da Agricultura Sintr\u00f3pica, adaptada para as condi\u00e7\u00f5es e exig\u00eancias do local.<\/p>\n<p><strong>Situa\u00e7\u00e3o atual.<\/strong> Para efeito do projeto, a margem direita do c\u00f3rrego foi dividida em cinco trechos (Tabela 1 e Figura 5 e 6). <\/p>\n<h2 id=\"tablepress-1-name\" class=\"tablepress-table-name tablepress-table-name-id-1\">Tabela 1- Divis\u00e3o da margem esquerda do c\u00f3rrego em cinco trechos<\/h2>\n\n<table id=\"tablepress-1\" class=\"tablepress tablepress-id-1\" aria-labelledby=\"tablepress-1-name\">\n<thead>\n<tr class=\"row-1\">\n\t<th class=\"column-1\">Trecho<\/th><th class=\"column-2\">Comprimento<\/th><th class=\"column-3\">\u00c1rea<\/th><th class=\"column-4\">Coordenada <\/th><th class=\"column-5\">inicial<\/th><th class=\"column-6\">Coordenada <\/th><th class=\"column-7\">final<\/th><th class=\"column-8\">Caracter\u00edsticas<\/th>\n<\/tr>\n<\/thead>\n<tbody class=\"row-striping row-hover\">\n<tr class=\"row-2\">\n\t<td class=\"column-1\"><\/td><td class=\"column-2\">m<\/td><td class=\"column-3\">m2<\/td><td class=\"column-4\">Latitude<\/td><td class=\"column-5\">Latitude<\/td><td class=\"column-6\">Latitude<\/td><td class=\"column-7\">Latitude<\/td><td class=\"column-8\"><\/td>\n<\/tr>\n<tr class=\"row-3\">\n\t<td class=\"column-1\">1<\/td><td class=\"column-2\">178<\/td><td class=\"column-3\">890<\/td><td class=\"column-4\">-22,9539<\/td><td class=\"column-5\">-43,0289<\/td><td class=\"column-6\">-22,9549<\/td><td class=\"column-7\">-43,0303<\/td><td class=\"column-8\">Mato alto sem \u00e1rvores<\/td>\n<\/tr>\n<tr class=\"row-4\">\n\t<td class=\"column-1\">2<\/td><td class=\"column-2\">169<\/td><td class=\"column-3\">845<\/td><td class=\"column-4\">-22,9549<\/td><td class=\"column-5\">-43,0303<\/td><td class=\"column-6\">-22,9558<\/td><td class=\"column-7\">-43,0316<\/td><td class=\"column-8\">Bem arborizado com \u00e1rvores de porte alto<\/td>\n<\/tr>\n<tr class=\"row-5\">\n\t<td class=\"column-1\">3<\/td><td class=\"column-2\">74<\/td><td class=\"column-3\">370<\/td><td class=\"column-4\">-22,9558<\/td><td class=\"column-5\">-43,0316<\/td><td class=\"column-6\">-22,9563<\/td><td class=\"column-7\">-43,0321<\/td><td class=\"column-8\">Mato e algumas \u00e1rvores de porte alto<\/td>\n<\/tr>\n<tr class=\"row-6\">\n\t<td class=\"column-1\">4<\/td><td class=\"column-2\">187<\/td><td class=\"column-3\">935<\/td><td class=\"column-4\">-22,9563<\/td><td class=\"column-5\">-43,0321<\/td><td class=\"column-6\">-22,9572<\/td><td class=\"column-7\">-43,0337<\/td><td class=\"column-8\">Mato alto e algumas frut\u00edferas de porte m\u00e9dio<\/td>\n<\/tr>\n<tr class=\"row-7\">\n\t<td class=\"column-1\">5<\/td><td class=\"column-2\">188<\/td><td class=\"column-3\">940<\/td><td class=\"column-4\">-22,9572<\/td><td class=\"column-5\">-43,0337<\/td><td class=\"column-6\">-22,9581<\/td><td class=\"column-7\">-43,0351<\/td><td class=\"column-8\">Mato alto e sem acesso a \u00e1rea de mangue da lagoa<\/td>\n<\/tr>\n<tr class=\"row-8\">\n\t<td class=\"column-1\">TOTAL<\/td><td class=\"column-2\">796<\/td><td class=\"column-3\">3.980<\/td><td class=\"column-4\">-22,9539<\/td><td class=\"column-5\">-43,0289<\/td><td class=\"column-6\">-22,9581<\/td><td class=\"column-7\">-43,0351<\/td><td class=\"column-8\"><\/td>\n<\/tr>\n<\/tbody>\n<\/table>\n\n<p>FMP &#8211; Faixa Marginal de Prote\u00e7\u00e3o<\/p>\n<figure id=\"attachment_608\" aria-describedby=\"caption-attachment-608\" style=\"width: 1006px\" class=\"wp-caption aligncenter\"><img loading=\"lazy\" decoding=\"async\" src=\"http:\/\/nossacasa.net\/nossosriachos\/tiririca\/wp-content\/uploads\/sites\/12\/2019\/07\/figura5.jpg\" alt=\"\" width=\"1006\" height=\"587\" class=\"size-full wp-image-608\" srcset=\"http:\/\/nossacasa.net\/nossosriachos\/tiririca\/wp-content\/uploads\/sites\/12\/2019\/07\/figura5.jpg 1006w, http:\/\/nossacasa.net\/nossosriachos\/tiririca\/wp-content\/uploads\/sites\/12\/2019\/07\/figura5-300x175.jpg 300w, http:\/\/nossacasa.net\/nossosriachos\/tiririca\/wp-content\/uploads\/sites\/12\/2019\/07\/figura5-768x448.jpg 768w\" sizes=\"auto, (max-width: 767px) 89vw, (max-width: 1000px) 54vw, (max-width: 1071px) 543px, 580px\" \/><figcaption id=\"caption-attachment-608\" class=\"wp-caption-text\">Figura 5 \u2013 Representa\u00e7\u00e3o em planta dos trechos do c\u00f3rrego<\/figcaption><\/figure>\n<figure id=\"attachment_609\" aria-describedby=\"caption-attachment-609\" style=\"width: 1283px\" class=\"wp-caption aligncenter\"><img loading=\"lazy\" decoding=\"async\" src=\"http:\/\/nossacasa.net\/nossosriachos\/tiririca\/wp-content\/uploads\/sites\/12\/2019\/07\/figura6.jpg\" alt=\"\" width=\"1283\" height=\"633\" class=\"size-full wp-image-609\" srcset=\"http:\/\/nossacasa.net\/nossosriachos\/tiririca\/wp-content\/uploads\/sites\/12\/2019\/07\/figura6.jpg 1283w, http:\/\/nossacasa.net\/nossosriachos\/tiririca\/wp-content\/uploads\/sites\/12\/2019\/07\/figura6-300x148.jpg 300w, http:\/\/nossacasa.net\/nossosriachos\/tiririca\/wp-content\/uploads\/sites\/12\/2019\/07\/figura6-768x379.jpg 768w, http:\/\/nossacasa.net\/nossosriachos\/tiririca\/wp-content\/uploads\/sites\/12\/2019\/07\/figura6-1024x505.jpg 1024w\" sizes=\"auto, (max-width: 767px) 89vw, (max-width: 1000px) 54vw, (max-width: 1071px) 543px, 580px\" \/><figcaption id=\"caption-attachment-609\" class=\"wp-caption-text\">Figura 6 \u2013 Representa\u00e7\u00e3o em vista a\u00e9rea dos trechos do c\u00f3rrego.<\/figcaption><\/figure>\n<p><strong>Trecho 1<\/strong>. O primeiro trecho de aproximadamente 180 m est\u00e1 quase totalmente tomado por mato alto (figura 7). Neste trecho ser\u00e1 necess\u00e1rio antes do plantio das mudas a capina e incorpora\u00e7\u00e3o do mato ao terreno. Algumas partes com amea\u00e7a de desbarrancamento precisar\u00e3o de tratamento especial.<br \/>\n<figure id=\"attachment_612\" aria-describedby=\"caption-attachment-612\" style=\"width: 587px\" class=\"wp-caption aligncenter\"><img loading=\"lazy\" decoding=\"async\" src=\"http:\/\/nossacasa.net\/nossosriachos\/tiririca\/wp-content\/uploads\/sites\/12\/2019\/07\/figura7.jpg\" alt=\"\" width=\"587\" height=\"440\" class=\"size-full wp-image-612\" srcset=\"http:\/\/nossacasa.net\/nossosriachos\/tiririca\/wp-content\/uploads\/sites\/12\/2019\/07\/figura7.jpg 587w, http:\/\/nossacasa.net\/nossosriachos\/tiririca\/wp-content\/uploads\/sites\/12\/2019\/07\/figura7-300x225.jpg 300w\" sizes=\"auto, (max-width: 587px) 100vw, 587px\" \/><figcaption id=\"caption-attachment-612\" class=\"wp-caption-text\">Figura 7 \u2013 Trecho 1 ocupado quase totalmente por mato, visto do final do trecho para a Av. Francisco Nunes.<\/figcaption><\/figure><\/p>\n<p><strong>Trecho 2<\/strong>.O segundo trecho de aproximadamente 170 m est\u00e1 bastante arborizado com \u00e1rvores j\u00e1 bem desenvolvidas (figura 8). Neste trecho entre outras \u00e1rvores haviam mangueiras, jambeiro, amendoeira e sombreiro. Ser\u00e1 necess\u00e1rio a poda das \u00e1rvores, capina e plantio de esp\u00e9cies de extratos m\u00e9dio e baixo.<br \/>\n<figure id=\"attachment_613\" aria-describedby=\"caption-attachment-613\" style=\"width: 800px\" class=\"wp-caption aligncenter\"><img loading=\"lazy\" decoding=\"async\" src=\"http:\/\/nossacasa.net\/nossosriachos\/tiririca\/wp-content\/uploads\/sites\/12\/2019\/07\/figura8.jpg\" alt=\"\" width=\"800\" height=\"450\" class=\"size-full wp-image-613\" srcset=\"http:\/\/nossacasa.net\/nossosriachos\/tiririca\/wp-content\/uploads\/sites\/12\/2019\/07\/figura8.jpg 800w, http:\/\/nossacasa.net\/nossosriachos\/tiririca\/wp-content\/uploads\/sites\/12\/2019\/07\/figura8-300x169.jpg 300w, http:\/\/nossacasa.net\/nossosriachos\/tiririca\/wp-content\/uploads\/sites\/12\/2019\/07\/figura8-768x432.jpg 768w\" sizes=\"auto, (max-width: 767px) 89vw, (max-width: 1000px) 54vw, (max-width: 1071px) 543px, 580px\" \/><figcaption id=\"caption-attachment-613\" class=\"wp-caption-text\">Figura 8 \u2013 Trecho 2 j\u00e1 bem arborizado com plantas bem desenvolvidas.<\/figcaption><\/figure><\/p>\n<p><strong>Trecho 3<\/strong>. O terceiro trecho com aproximadamente 70 est\u00e1 tamb\u00e9m coberto com mato, mas apresenta algumas \u00e1rvores de extrato alto com bom desenvolvimento (figura 9). Ser\u00e1 necess\u00e1rio a capina e plantio de esp\u00e9cies de extratos m\u00e9dio e baixo.<br \/>\n<figure id=\"attachment_615\" aria-describedby=\"caption-attachment-615\" style=\"width: 800px\" class=\"wp-caption aligncenter\"><img loading=\"lazy\" decoding=\"async\" src=\"http:\/\/nossacasa.net\/nossosriachos\/tiririca\/wp-content\/uploads\/sites\/12\/2019\/07\/figura9.jpg\" alt=\"\" width=\"800\" height=\"450\" class=\"size-full wp-image-615\" srcset=\"http:\/\/nossacasa.net\/nossosriachos\/tiririca\/wp-content\/uploads\/sites\/12\/2019\/07\/figura9.jpg 800w, http:\/\/nossacasa.net\/nossosriachos\/tiririca\/wp-content\/uploads\/sites\/12\/2019\/07\/figura9-300x169.jpg 300w, http:\/\/nossacasa.net\/nossosriachos\/tiririca\/wp-content\/uploads\/sites\/12\/2019\/07\/figura9-768x432.jpg 768w\" sizes=\"auto, (max-width: 767px) 89vw, (max-width: 1000px) 54vw, (max-width: 1071px) 543px, 580px\" \/><figcaption id=\"caption-attachment-615\" class=\"wp-caption-text\">Trecho 3 com mato e \u00e1rvores isoladas.<\/figcaption><\/figure><\/p>\n<p><strong>Trecho 4<\/strong>. O quarto trecho com aproximadamente 190 m vai at\u00e9 o final da Av. Boa Vista. Neste trecho registramos a presen\u00e7a de bananeiras, acerola e coqueiro, e mato alto. (figura 10). Ser\u00e1 necess\u00e1rio a poda das \u00e1rvores, capina e plantio de esp\u00e9cies de extratos alto e baixo.<br \/>\n<figure id=\"attachment_617\" aria-describedby=\"caption-attachment-617\" style=\"width: 800px\" class=\"wp-caption aligncenter\"><img loading=\"lazy\" decoding=\"async\" src=\"http:\/\/nossacasa.net\/nossosriachos\/tiririca\/wp-content\/uploads\/sites\/12\/2019\/07\/figura10.jpg\" alt=\"\" width=\"800\" height=\"450\" class=\"size-full wp-image-617\" srcset=\"http:\/\/nossacasa.net\/nossosriachos\/tiririca\/wp-content\/uploads\/sites\/12\/2019\/07\/figura10.jpg 800w, http:\/\/nossacasa.net\/nossosriachos\/tiririca\/wp-content\/uploads\/sites\/12\/2019\/07\/figura10-300x169.jpg 300w, http:\/\/nossacasa.net\/nossosriachos\/tiririca\/wp-content\/uploads\/sites\/12\/2019\/07\/figura10-768x432.jpg 768w\" sizes=\"auto, (max-width: 767px) 89vw, (max-width: 1000px) 54vw, (max-width: 1071px) 543px, 580px\" \/><figcaption id=\"caption-attachment-617\" class=\"wp-caption-text\">Figura 10 \u2013 Trecho 4 com mato alto e algumas esp\u00e9cies frut\u00edferas.<\/figcaption><\/figure><\/p>\n<p><strong>Trecho 5<\/strong>. O quinto trecho com aproximadamente 190 m vai at\u00e9 a lagoa. Este trecho est\u00e1 inacess\u00edvel pela falta de caminho e mato alto (figura 12). Ser\u00e1 necess\u00e1rio liberar o caminho para avaliar a \u00e1rea em que come\u00e7a a vegeta\u00e7\u00e3o de mangue.<br \/>\n<figure id=\"attachment_619\" aria-describedby=\"caption-attachment-619\" style=\"width: 1299px\" class=\"wp-caption aligncenter\"><img loading=\"lazy\" decoding=\"async\" src=\"http:\/\/nossacasa.net\/nossosriachos\/tiririca\/wp-content\/uploads\/sites\/12\/2019\/07\/figura11.jpg\" alt=\"\" width=\"1299\" height=\"731\" class=\"size-full wp-image-619\" srcset=\"http:\/\/nossacasa.net\/nossosriachos\/tiririca\/wp-content\/uploads\/sites\/12\/2019\/07\/figura11.jpg 1299w, http:\/\/nossacasa.net\/nossosriachos\/tiririca\/wp-content\/uploads\/sites\/12\/2019\/07\/figura11-300x169.jpg 300w, http:\/\/nossacasa.net\/nossosriachos\/tiririca\/wp-content\/uploads\/sites\/12\/2019\/07\/figura11-768x432.jpg 768w, http:\/\/nossacasa.net\/nossosriachos\/tiririca\/wp-content\/uploads\/sites\/12\/2019\/07\/figura11-1024x576.jpg 1024w\" sizes=\"auto, (max-width: 767px) 89vw, (max-width: 1000px) 54vw, (max-width: 1071px) 543px, 580px\" \/><figcaption id=\"caption-attachment-619\" class=\"wp-caption-text\">Figura 11 \u2013 Trecho 5 com mato cerrado impedindo o acesso at\u00e9 a Lagoa.<\/figcaption><\/figure>\n<\/div>\n","protected":false},"excerpt":{"rendered":"<p>Objetivo. Recomposi\u00e7\u00e3o de aproximadamente 800 m da margem esquerda do C\u00f3rrego da Tiririca, na Faixa Marginal de Prote\u00e7\u00e3o que separa este da Av. Boa Vista (antiga Alameda A). Para esta recomposi\u00e7\u00e3o seria usada a metodologia da Agricultura Sintr\u00f3pica, adaptada para as condi\u00e7\u00f5es e exig\u00eancias do local. Situa\u00e7\u00e3o atual. Para efeito do projeto, a margem direita &hellip; <\/p>\n<p class=\"link-more\"><a href=\"http:\/\/nossacasa.net\/nossosriachos\/tiririca\/proposta\/\" class=\"more-link\">Continue lendo<span class=\"screen-reader-text\"> &#8220;Proposta&#8221;<\/span><\/a><\/p>\n","protected":false},"author":1,"featured_media":0,"parent":0,"menu_order":0,"comment_status":"closed","ping_status":"closed","template":"","meta":{"footnotes":""},"class_list":["post-599","page","type-page","status-publish","hentry"],"_links":{"self":[{"href":"http:\/\/nossacasa.net\/nossosriachos\/tiririca\/wp-json\/wp\/v2\/pages\/599","targetHints":{"allow":["GET"]}}],"collection":[{"href":"http:\/\/nossacasa.net\/nossosriachos\/tiririca\/wp-json\/wp\/v2\/pages"}],"about":[{"href":"http:\/\/nossacasa.net\/nossosriachos\/tiririca\/wp-json\/wp\/v2\/types\/page"}],"author":[{"embeddable":true,"href":"http:\/\/nossacasa.net\/nossosriachos\/tiririca\/wp-json\/wp\/v2\/users\/1"}],"replies":[{"embeddable":true,"href":"http:\/\/nossacasa.net\/nossosriachos\/tiririca\/wp-json\/wp\/v2\/comments?post=599"}],"version-history":[{"count":10,"href":"http:\/\/nossacasa.net\/nossosriachos\/tiririca\/wp-json\/wp\/v2\/pages\/599\/revisions"}],"predecessor-version":[{"id":604,"href":"http:\/\/nossacasa.net\/nossosriachos\/tiririca\/wp-json\/wp\/v2\/pages\/599\/revisions\/604"}],"wp:attachment":[{"href":"http:\/\/nossacasa.net\/nossosriachos\/tiririca\/wp-json\/wp\/v2\/media?parent=599"}],"curies":[{"name":"wp","href":"https:\/\/api.w.org\/{rel}","templated":true}]}}