{"id":622,"date":"2019-07-28T15:04:59","date_gmt":"2019-07-28T18:04:59","guid":{"rendered":"http:\/\/nossacasa.net\/nossosriachos\/tiririca\/?page_id=622"},"modified":"2019-07-28T20:02:05","modified_gmt":"2019-07-28T23:02:05","slug":"objetivos-especificos","status":"publish","type":"page","link":"http:\/\/nossacasa.net\/nossosriachos\/tiririca\/objetivos-especificos\/","title":{"rendered":"Objetivos Espec\u00edficos"},"content":{"rendered":"<div style=\"text-align: justify;\">\n<strong>Objetivo especifico 1<\/strong>. Estabelecer apoios.<br \/>\nMeta 1.1. Apoio de institui\u00e7\u00f5es p\u00fablicas.<\/p>\n<ul>\n<li>A\u00e7\u00e3o 1.1.1. <a href=\"http:\/\/nossacasa.net\/nossosriachos\/tiririca\/acao-1-1-1\/\">Parceria com a Secretaria Municipal de Meio Ambiente, Recursos H\u00eddricos e Sustentabilidade &#8211; SMARHS<\/a><\/li>\n<li>A\u00e7\u00e3o 1.1.2. <a href=\"http:\/\/nossacasa.net\/nossosriachos\/tiririca\/acao-1-1-2\/\">Apoio do Corpo de Bombeiro 4\u00ba GMar \u2013Itaipu<\/a><\/li>\n<li>A\u00e7\u00e3o 1.1.3. Apoio do Administra\u00e7\u00e3o Regional da Regi\u00e3o Oce\u00e2nica.<\/li>\n<\/ul>\n<p>Meta 1.2. Parcerias com institui\u00e7\u00f5es de ensino.<\/p>\n<ul>\n<li>A\u00e7\u00e3o 1.2.1 Parceria com Escola Estadual Professora Alcina Rodrigues Lima &#8211; Ainda pendente de contato.<\/li>\n<li>A\u00e7\u00e3o 1.2.2 Parceria com Col\u00e9gio Paulo Freire &#8211; Os contatos para esta parceria est\u00e3o sendo encaminhados pela representante do Coletivo C\u00f3rrego da Tiririca Beatriz Silva Cecchetti Figueiredo.<\/li>\n<li>A\u00e7\u00e3o 1.2.3 Parceria com Remanso Fraterno \u2013 Os contatos para esta parceria est\u00e3o sendo encaminhados pela representante do Coletivo C\u00f3rrego da Tiririca Fernando S\u00e3o Thiago Tanscheit<\/li>\n<\/ul>\n<p><strong>Objetivo especifico 2<\/strong>.<a href=\"http:\/\/nossacasa.net\/nossosriachos\/tiririca\/objetivo-especifico-2\/\"> Realiza\u00e7\u00e3o de mutir\u00f5es para plantio pelo sistema da Agricultura Sintr\u00f3pica<\/a>.<br \/>\nMeta 2.1. Realiza\u00e7\u00e3o do mutir\u00e3o.<\/p>\n<ul>\n<li>A\u00e7\u00e3o 2.2.1. Acerto da data de cada mutir\u00e3o pelo grupo.<\/li>\n<li>A\u00e7\u00e3o 2.2.2. Campanha de mobiliza\u00e7\u00e3o e preparo dos mutir\u00f5es.<\/li>\n<li>A\u00e7\u00e3o 2.2.3. Plantio das mudas com supervis\u00e3o e orienta\u00e7\u00e3o de especialista em Agricultura Sintr\u00f3pica.<\/li>\n<\/ul>\n<p><strong>Objetivo especifico 3.<\/strong> Cuidados com os ninhos<br \/>\nMeta 3.1. Manuten\u00e7\u00e3o dos ninhos at\u00e9 o desenvolvimento inicial das mudas.<\/p>\n<ul>\n<li>A\u00e7\u00e3o 3.1.1 Articula\u00e7\u00e3o entre os participantes do projeto para as medidas necess\u00e1rias para garantir o desenvolvimento das mudas.<\/li>\n<\/ul>\n<p>Meta 3.2. Plantio da \u00e1rea<\/p>\n<ul>\n<li>A\u00e7\u00e3o 3.2.1 Organiza\u00e7\u00e3o de mutir\u00e3o para plantio.<\/li>\n<li>A\u00e7\u00e3o 3.2.2 Plantio de mudas, estacas e sementes.<\/li>\n<\/ul>\n<p><strong>Objetivo especifico 4.<\/strong> Realiza\u00e7\u00e3o de mutir\u00f5es para a Manuten\u00e7\u00e3o do Sistema<br \/>\nMeta 4.1. Realiza\u00e7\u00e3o do mutir\u00e3o.<\/p>\n<ul>\n<li>A\u00e7\u00e3o 4.2.1. Acero da data de cada mutir\u00e3o pelo grupo.<\/li>\n<li>A\u00e7\u00e3o 4.2.2. Campanha de mobiliza\u00e7\u00e3o e preparo dos mutir\u00f5es.<\/li>\n<li>A\u00e7\u00e3o 4.2.3. Realiza\u00e7\u00e3o de podas e capinas com supervis\u00e3o e orienta\u00e7\u00e3o de especialistas em Agricultura Sintr\u00f3pica.<\/li>\n<\/ul>\n<p><strong>Objetivo especifico 5<\/strong>. An\u00e1lise da \u00e1gua do C\u00f3rrego da Tiririca.<\/p>\n<p><em>Realizar amostragem trimestrais da \u00e1gua do c\u00f3rrego para verifica\u00e7\u00e3o da presen\u00e7a de contaminantes em pelo menos dois pontos. (In\u00edcio do trecho em recupera\u00e7\u00e3o e ap\u00f3s a ponte do bairro Boa Vista.<\/em><\/p>\n<p><strong>Objetivo especifico 6<\/strong>. Ci\u00eancia na Escola (<em>Em aberto Itens a serem desenvolvidos com professores e escolas &#8211; Avaliar possibilidades de envolvimento de escolas, professores e alunos para usar a \u00e1rea recuperada como um laborat\u00f3rio vivo<\/em>.)<\/p>\n<p>Sugest\u00f5es:<\/p>\n<ul>\n<li>Biologia \u2013 Identifica\u00e7\u00e3o das esp\u00e9cies de fauna e flora.<\/li>\n<li>F\u00edsica \u2013 Efeito da Mata Ciliar na prote\u00e7\u00e3o dos rios.<\/li>\n<li>Portugu\u00eas \u2013 Reda\u00e7\u00f5es sobre a \u00e1rea e o processo de recupera\u00e7\u00e3o.<\/li>\n<li>Artes \u2013 Usar a fotografia para ver como os estudantes percebem a \u00e1rea.<\/li>\n<li>Qu\u00edmica \u2013 Acompanhamento dos par\u00e2metros da \u00e1gua.<\/li>\n<li>Geografia \u2013 Compreens\u00e3o do contexto social ambiental.<\/li>\n<li>Hist\u00f3ria &#8211; pesquisar como o rio e o entorno eram em determinadas \u00e9pocas, quais as transforma\u00e7\u00f5es sofridas, com suas causas e consequ\u00eancias.<\/li>\n<li>Conserva\u00e7\u00e3o \u2013 Acompanhamento de esp\u00e9cies bioindicadoras<\/li>\n<li>Plantas medicinais e temperos \u2013<\/li>\n<\/ul>\n<p><strong>Objetivo especifico 7.<\/strong> Montagem de um sistema de gera\u00e7\u00e3o de recursos para as necessidades operacionais do sistema a longo prazo.<br \/>\n<em>Em aberto para ser elaborado por algum participante que entenda do assunto.<\/em>]\n<\/div>\n","protected":false},"excerpt":{"rendered":"<p>Objetivo especifico 1. Estabelecer apoios. Meta 1.1. Apoio de institui\u00e7\u00f5es p\u00fablicas. A\u00e7\u00e3o 1.1.1. Parceria com a Secretaria Municipal de Meio Ambiente, Recursos H\u00eddricos e Sustentabilidade &#8211; SMARHS A\u00e7\u00e3o 1.1.2. Apoio do Corpo de Bombeiro 4\u00ba GMar \u2013Itaipu A\u00e7\u00e3o 1.1.3. Apoio do Administra\u00e7\u00e3o Regional da Regi\u00e3o Oce\u00e2nica. Meta 1.2. Parcerias com institui\u00e7\u00f5es de ensino. A\u00e7\u00e3o 1.2.1 &hellip; <\/p>\n<p class=\"link-more\"><a href=\"http:\/\/nossacasa.net\/nossosriachos\/tiririca\/objetivos-especificos\/\" class=\"more-link\">Continue lendo<span class=\"screen-reader-text\"> &#8220;Objetivos Espec\u00edficos&#8221;<\/span><\/a><\/p>\n","protected":false},"author":1,"featured_media":0,"parent":0,"menu_order":0,"comment_status":"closed","ping_status":"closed","template":"","meta":{"footnotes":""},"class_list":["post-622","page","type-page","status-publish","hentry"],"_links":{"self":[{"href":"http:\/\/nossacasa.net\/nossosriachos\/tiririca\/wp-json\/wp\/v2\/pages\/622","targetHints":{"allow":["GET"]}}],"collection":[{"href":"http:\/\/nossacasa.net\/nossosriachos\/tiririca\/wp-json\/wp\/v2\/pages"}],"about":[{"href":"http:\/\/nossacasa.net\/nossosriachos\/tiririca\/wp-json\/wp\/v2\/types\/page"}],"author":[{"embeddable":true,"href":"http:\/\/nossacasa.net\/nossosriachos\/tiririca\/wp-json\/wp\/v2\/users\/1"}],"replies":[{"embeddable":true,"href":"http:\/\/nossacasa.net\/nossosriachos\/tiririca\/wp-json\/wp\/v2\/comments?post=622"}],"version-history":[{"count":6,"href":"http:\/\/nossacasa.net\/nossosriachos\/tiririca\/wp-json\/wp\/v2\/pages\/622\/revisions"}],"predecessor-version":[{"id":661,"href":"http:\/\/nossacasa.net\/nossosriachos\/tiririca\/wp-json\/wp\/v2\/pages\/622\/revisions\/661"}],"wp:attachment":[{"href":"http:\/\/nossacasa.net\/nossosriachos\/tiririca\/wp-json\/wp\/v2\/media?parent=622"}],"curies":[{"name":"wp","href":"https:\/\/api.w.org\/{rel}","templated":true}]}}