{"id":628,"date":"2019-07-28T15:08:30","date_gmt":"2019-07-28T18:08:30","guid":{"rendered":"http:\/\/nossacasa.net\/nossosriachos\/tiririca\/?page_id=628"},"modified":"2019-08-19T14:31:06","modified_gmt":"2019-08-19T17:31:06","slug":"bibliografia","status":"publish","type":"page","link":"http:\/\/nossacasa.net\/nossosriachos\/tiririca\/bibliografia\/","title":{"rendered":"Bibliografia"},"content":{"rendered":"<div style=\"text-align: justify;\">\n<strong><a href=\"http:\/\/www.nossacasa.net\/pdf\/tomo46(f4)_673-718.pdf\" target=\"_blank\" rel=\"noopener noreferrer\">Oliveira, Lejeune P. H. de. 1948<\/a><\/strong> Estudo hidrobiol\u00f3gico das lag\u00f4as de Piratininga e Itaipu. Mem. Inst. Oswaldo Cruz,  Rio de Janeiro ,  v. 46, n. 4, p. 673-718,  Dec.  1948 .   Dispon\u00edvel em:http:\/\/www.scielo.br\/scielo.php?script=sci_arttext&#038;pid=S0074-02761948000400003&#038;lng=en&#038;nrm=iso>. Acessado em  12  Abr.  2019.  http:\/\/dx.doi.org\/10.1590\/S0074-02761948000400003. <\/p>\n<p><strong><a href=\"http:\/\/www.nossacasa.net\/pdf\/Rodrigues_2004.pdf\" target=\"_blank\" rel=\"noopener noreferrer\">Rodrigues, R. de C. 2004<\/a><\/strong> Caracteriza\u00e7\u00e3o da Cobertura Vegetal e do Uso do Solo da Bacia Hidrogr\u00e1fica do Sistema Lagunar Piratininga, Itaipu, Niter\u00f3i, RJ. Monografia apresentada ao curso de p\u00f3s- gradua\u00e7\u00e3o em Geotecnologias Aplicadas \u00e0 An\u00e1lise Ambiental de Bacias Hidrogr\u00e1ficas. UFF.<\/p>\n<p><strong>Tinoco, T. et al. 1995<\/strong>. Caracteriza\u00e7\u00e3o da Regi\u00e3o Oce\u00e2nica, Niter\u00f3i RJ, Prefeitura Municipal de Niter\u00f3i, Secretaria de Urbanismo e Meio Ambiente.<\/p>\n<p><strong><a href=\"http:\/\/nossacasa.net\/nossosriachos\/tiririca\/wp-content\/uploads\/sites\/12\/2019\/08\/viagem_por_mg_com_ernst_gotsch.pdf\" target=\"_blank\" rel=\"noopener noreferrer\">Vaz, P.<\/strong><\/a> Viagem por Minas Gerais com Ernst G\u00f6tsch.\n<\/div>\n","protected":false},"excerpt":{"rendered":"<p>Oliveira, Lejeune P. H. de. 1948 Estudo hidrobiol\u00f3gico das lag\u00f4as de Piratininga e Itaipu. Mem. Inst. Oswaldo Cruz, Rio de Janeiro , v. 46, n. 4, p. 673-718, Dec. 1948 . Dispon\u00edvel em:http:\/\/www.scielo.br\/scielo.php?script=sci_arttext&#038;pid=S0074-02761948000400003&#038;lng=en&#038;nrm=iso>. Acessado em 12 Abr. 2019. http:\/\/dx.doi.org\/10.1590\/S0074-02761948000400003. Rodrigues, R. de C. 2004 Caracteriza\u00e7\u00e3o da Cobertura Vegetal e do Uso do Solo da Bacia &hellip; <\/p>\n<p class=\"link-more\"><a href=\"http:\/\/nossacasa.net\/nossosriachos\/tiririca\/bibliografia\/\" class=\"more-link\">Continue lendo<span class=\"screen-reader-text\"> &#8220;Bibliografia&#8221;<\/span><\/a><\/p>\n","protected":false},"author":1,"featured_media":0,"parent":0,"menu_order":0,"comment_status":"closed","ping_status":"closed","template":"","meta":{"footnotes":""},"class_list":["post-628","page","type-page","status-publish","hentry"],"_links":{"self":[{"href":"http:\/\/nossacasa.net\/nossosriachos\/tiririca\/wp-json\/wp\/v2\/pages\/628","targetHints":{"allow":["GET"]}}],"collection":[{"href":"http:\/\/nossacasa.net\/nossosriachos\/tiririca\/wp-json\/wp\/v2\/pages"}],"about":[{"href":"http:\/\/nossacasa.net\/nossosriachos\/tiririca\/wp-json\/wp\/v2\/types\/page"}],"author":[{"embeddable":true,"href":"http:\/\/nossacasa.net\/nossosriachos\/tiririca\/wp-json\/wp\/v2\/users\/1"}],"replies":[{"embeddable":true,"href":"http:\/\/nossacasa.net\/nossosriachos\/tiririca\/wp-json\/wp\/v2\/comments?post=628"}],"version-history":[{"count":12,"href":"http:\/\/nossacasa.net\/nossosriachos\/tiririca\/wp-json\/wp\/v2\/pages\/628\/revisions"}],"predecessor-version":[{"id":733,"href":"http:\/\/nossacasa.net\/nossosriachos\/tiririca\/wp-json\/wp\/v2\/pages\/628\/revisions\/733"}],"wp:attachment":[{"href":"http:\/\/nossacasa.net\/nossosriachos\/tiririca\/wp-json\/wp\/v2\/media?parent=628"}],"curies":[{"name":"wp","href":"https:\/\/api.w.org\/{rel}","templated":true}]}}