{"id":634,"date":"2019-07-28T15:31:37","date_gmt":"2019-07-28T18:31:37","guid":{"rendered":"http:\/\/nossacasa.net\/nossosriachos\/tiririca\/?page_id=634"},"modified":"2019-07-28T16:19:12","modified_gmt":"2019-07-28T19:19:12","slug":"acao-1-1-1","status":"publish","type":"page","link":"http:\/\/nossacasa.net\/nossosriachos\/tiririca\/acao-1-1-1\/","title":{"rendered":"A\u00e7\u00e3o 1.1.1."},"content":{"rendered":"<div style=\"text-align: justify;\">\n<strong>Parceria com a Secretaria Municipal de Meio Ambiente, Recursos H\u00eddricos e Sustentabilidade &#8211; SMARHS<\/strong><br \/>\nA Secretaria de Meio Ambiente, Recursos H\u00eddricos e Sustentabilidade de Niter\u00f3i (SMARHS), dentro de suas atribui\u00e7\u00f5es legais e dos Objetivos dos Desenvolvimento Sustent\u00e1vel, comprometida com suas a\u00e7\u00f5es em garantir o direito ao meio ambiente ecologicamente equilibrado e sadio a todos,  oferece coordena\u00e7\u00e3o capacitada para a\u00e7\u00f5es de interven\u00e7\u00e3o ambiental com intuito de entender a cidade como um ecossistema urbano constituindo uma ferramenta facilitadora na busca por pol\u00edticas p\u00fablicas e proposi\u00e7\u00f5es de solu\u00e7\u00f5es.<\/p>\n<p>Em reuni\u00e3o realizada em reuni\u00e3o realizada na Secretaria de Meio Ambiente, Recursos H\u00eddricos e Sustentabilidade de Niter\u00f3i (SMARHS) em 6 de maio de 2019, o Secret\u00e1rio Eurico Toledo recebeu c\u00f3pia de nosso projeto e concordou em participar e apoiar o Coletivo C\u00f3rrego da Tiririca. Foi indicado o subsecret\u00e1rio municipal de Meio Ambiente, Recursos H\u00eddricos e Sustentabilidade de Niter\u00f3i, Gabriel Mello Cunha, para acompanhamento direto do Projeto.<\/p>\n<p><a href=\"http:\/\/nossacasa.net\/nossosriachos\/tiririca\/wp-content\/uploads\/sites\/12\/2019\/07\/Eurico.mp3\">Mensagem do Secret\u00e1rio Eurico Toledo <\/a><\/p>\n<p>Na ocasi\u00e3o foi ainda proposta e aceita, a inclus\u00e3o de uma a\u00e7\u00e3o de mutir\u00e3o para recupera\u00e7\u00e3o da mata ciliar da margem esquerda do C\u00f3rrego da Tiririca durante as comemora\u00e7\u00f5es da Semana de Meio Ambiente.<\/p>\n<figure id=\"attachment_635\" aria-describedby=\"caption-attachment-635\" style=\"width: 1032px\" class=\"wp-caption aligncenter\"><img loading=\"lazy\" decoding=\"async\" src=\"http:\/\/nossacasa.net\/nossosriachos\/tiririca\/wp-content\/uploads\/sites\/12\/2019\/07\/figura12.jpg\" alt=\"\" width=\"1032\" height=\"581\" class=\"size-full wp-image-635\" srcset=\"http:\/\/nossacasa.net\/nossosriachos\/tiririca\/wp-content\/uploads\/sites\/12\/2019\/07\/figura12.jpg 1032w, http:\/\/nossacasa.net\/nossosriachos\/tiririca\/wp-content\/uploads\/sites\/12\/2019\/07\/figura12-300x169.jpg 300w, http:\/\/nossacasa.net\/nossosriachos\/tiririca\/wp-content\/uploads\/sites\/12\/2019\/07\/figura12-768x432.jpg 768w, http:\/\/nossacasa.net\/nossosriachos\/tiririca\/wp-content\/uploads\/sites\/12\/2019\/07\/figura12-1024x576.jpg 1024w\" sizes=\"auto, (max-width: 767px) 89vw, (max-width: 1000px) 54vw, (max-width: 1071px) 543px, 580px\" \/><figcaption id=\"caption-attachment-635\" class=\"wp-caption-text\">Reuni\u00e3o na SMARHS, de representantes do Coletivo C\u00f3rrego da Tiririca e o Secret\u00e1rio Eurico Toledo e o Subsecret\u00e1rio Gabriel Cunha.<\/figcaption><\/figure>\n","protected":false},"excerpt":{"rendered":"<p>Parceria com a Secretaria Municipal de Meio Ambiente, Recursos H\u00eddricos e Sustentabilidade &#8211; SMARHS A Secretaria de Meio Ambiente, Recursos H\u00eddricos e Sustentabilidade de Niter\u00f3i (SMARHS), dentro de suas atribui\u00e7\u00f5es legais e dos Objetivos dos Desenvolvimento Sustent\u00e1vel, comprometida com suas a\u00e7\u00f5es em garantir o direito ao meio ambiente ecologicamente equilibrado e sadio a todos, oferece &hellip; <\/p>\n<p class=\"link-more\"><a href=\"http:\/\/nossacasa.net\/nossosriachos\/tiririca\/acao-1-1-1\/\" class=\"more-link\">Continue lendo<span class=\"screen-reader-text\"> &#8220;A\u00e7\u00e3o 1.1.1.&#8221;<\/span><\/a><\/p>\n","protected":false},"author":1,"featured_media":0,"parent":0,"menu_order":0,"comment_status":"closed","ping_status":"closed","template":"","meta":{"footnotes":""},"class_list":["post-634","page","type-page","status-publish","hentry"],"_links":{"self":[{"href":"http:\/\/nossacasa.net\/nossosriachos\/tiririca\/wp-json\/wp\/v2\/pages\/634","targetHints":{"allow":["GET"]}}],"collection":[{"href":"http:\/\/nossacasa.net\/nossosriachos\/tiririca\/wp-json\/wp\/v2\/pages"}],"about":[{"href":"http:\/\/nossacasa.net\/nossosriachos\/tiririca\/wp-json\/wp\/v2\/types\/page"}],"author":[{"embeddable":true,"href":"http:\/\/nossacasa.net\/nossosriachos\/tiririca\/wp-json\/wp\/v2\/users\/1"}],"replies":[{"embeddable":true,"href":"http:\/\/nossacasa.net\/nossosriachos\/tiririca\/wp-json\/wp\/v2\/comments?post=634"}],"version-history":[{"count":3,"href":"http:\/\/nossacasa.net\/nossosriachos\/tiririca\/wp-json\/wp\/v2\/pages\/634\/revisions"}],"predecessor-version":[{"id":651,"href":"http:\/\/nossacasa.net\/nossosriachos\/tiririca\/wp-json\/wp\/v2\/pages\/634\/revisions\/651"}],"wp:attachment":[{"href":"http:\/\/nossacasa.net\/nossosriachos\/tiririca\/wp-json\/wp\/v2\/media?parent=634"}],"curies":[{"name":"wp","href":"https:\/\/api.w.org\/{rel}","templated":true}]}}