{"id":639,"date":"2019-07-28T15:37:12","date_gmt":"2019-07-28T18:37:12","guid":{"rendered":"http:\/\/nossacasa.net\/nossosriachos\/tiririca\/?page_id=639"},"modified":"2019-07-28T15:37:12","modified_gmt":"2019-07-28T18:37:12","slug":"acao-1-1-2","status":"publish","type":"page","link":"http:\/\/nossacasa.net\/nossosriachos\/tiririca\/acao-1-1-2\/","title":{"rendered":"A\u00e7\u00e3o 1.1.2."},"content":{"rendered":"<div style=\"text-align: justify;\">\n<strong>Apoio do Corpo de Bombeiro 4\u00ba GMar \u2013Itaipu <\/strong><br \/>\nUma reuni\u00e3o solicitada ao Tenente-Coronel Julio Melo, Comandante do Corpo de Bombeiro 4\u00ba GMar \u2013Itaipu foi marcada para o dia 12 de maio de 2019. Por motivos de for\u00e7a maior o Tenente-Coronel Julio n\u00e3o pode estar presente e indicou o subcomandante Major Michel Cipolati para receber os representantes do Coletivo C\u00f3rrego do Colibri.<\/p>\n<figure id=\"attachment_640\" aria-describedby=\"caption-attachment-640\" style=\"width: 1032px\" class=\"wp-caption aligncenter\"><img loading=\"lazy\" decoding=\"async\" src=\"http:\/\/nossacasa.net\/nossosriachos\/tiririca\/wp-content\/uploads\/sites\/12\/2019\/07\/figura13.jpg\" alt=\"\" width=\"1032\" height=\"581\" class=\"size-full wp-image-640\" srcset=\"http:\/\/nossacasa.net\/nossosriachos\/tiririca\/wp-content\/uploads\/sites\/12\/2019\/07\/figura13.jpg 1032w, http:\/\/nossacasa.net\/nossosriachos\/tiririca\/wp-content\/uploads\/sites\/12\/2019\/07\/figura13-300x169.jpg 300w, http:\/\/nossacasa.net\/nossosriachos\/tiririca\/wp-content\/uploads\/sites\/12\/2019\/07\/figura13-768x432.jpg 768w, http:\/\/nossacasa.net\/nossosriachos\/tiririca\/wp-content\/uploads\/sites\/12\/2019\/07\/figura13-1024x576.jpg 1024w\" sizes=\"auto, (max-width: 767px) 89vw, (max-width: 1000px) 54vw, (max-width: 1071px) 543px, 580px\" \/><figcaption id=\"caption-attachment-640\" class=\"wp-caption-text\">Reuni\u00e3o no Bombeiros de Itaip\u00fa, de representantes do Coletivo C\u00f3rrego da Tiririca com o Subcomandante Major Michel Cipolati (Foto: Luisa)<\/figcaption><\/figure>\n<p>Pela proximidade da corpora\u00e7\u00e3o ao local de interven\u00e7\u00e3o do Projeto foi solicitado o apoio e participa\u00e7\u00e3o dos bombeiros. O Major Cipolati deu v\u00e1rias contribui\u00e7\u00f5es para o enriquecimento do projeto e se prop\u00f4s na medida do poss\u00edvel comunicar ao grupo qualquer altera\u00e7\u00e3o na \u00e1rea de implanta\u00e7\u00e3o do Projeto. CBMERJ possui duas Unidades: 4\u00b0 Grupamento Mar\u00edtimo e o Destacamento de Bombeiro Militar 3\/3. O Maj Cipolatti, Subcomandante do 4\u00b0GMar, foi autorizado pelo Comandante do Grupamento, Ten Cel J\u00falio Melo a representar o 4\u00b0 Grupamento Mar\u00edtimo. <\/p>\n<p>O Sargento Peres foi indicado como o representante do DBM, no grupo do Coletivo C\u00f3rrego da Tiririca e de realizar a divulga\u00e7\u00e3o\/comunica\u00e7\u00e3o com os militares da Unidade. V\u00e3o apoiar o Projeto fazendo a divulga\u00e7\u00e3o dos mutir\u00f5es e convidando os militares para participarem como volunt\u00e1rios. Ainda, pretendem participar do mutir\u00e3o de forma oficial, organizada pelo Grupamento, por\u00e9m, dependemos das condi\u00e7\u00f5es do servi\u00e7o no dia (condi\u00e7\u00f5es do mar, efetivo do dia e outras condi\u00e7\u00f5es de disponibilidade interna da corpora\u00e7\u00e3o). A Corpora\u00e7\u00e3o ir\u00e1 tamb\u00e9m disponibilizar espa\u00e7o para colocar as mudas na v\u00e9spera do mutir\u00e3o, por estar pr\u00f3xima ao C\u00f3rrego.\n<\/p><\/div>\n","protected":false},"excerpt":{"rendered":"<p>Apoio do Corpo de Bombeiro 4\u00ba GMar \u2013Itaipu Uma reuni\u00e3o solicitada ao Tenente-Coronel Julio Melo, Comandante do Corpo de Bombeiro 4\u00ba GMar \u2013Itaipu foi marcada para o dia 12 de maio de 2019. Por motivos de for\u00e7a maior o Tenente-Coronel Julio n\u00e3o pode estar presente e indicou o subcomandante Major Michel Cipolati para receber os &hellip; <\/p>\n<p class=\"link-more\"><a href=\"http:\/\/nossacasa.net\/nossosriachos\/tiririca\/acao-1-1-2\/\" class=\"more-link\">Continue lendo<span class=\"screen-reader-text\"> &#8220;A\u00e7\u00e3o 1.1.2.&#8221;<\/span><\/a><\/p>\n","protected":false},"author":1,"featured_media":0,"parent":0,"menu_order":0,"comment_status":"closed","ping_status":"closed","template":"","meta":{"footnotes":""},"class_list":["post-639","page","type-page","status-publish","hentry"],"_links":{"self":[{"href":"http:\/\/nossacasa.net\/nossosriachos\/tiririca\/wp-json\/wp\/v2\/pages\/639","targetHints":{"allow":["GET"]}}],"collection":[{"href":"http:\/\/nossacasa.net\/nossosriachos\/tiririca\/wp-json\/wp\/v2\/pages"}],"about":[{"href":"http:\/\/nossacasa.net\/nossosriachos\/tiririca\/wp-json\/wp\/v2\/types\/page"}],"author":[{"embeddable":true,"href":"http:\/\/nossacasa.net\/nossosriachos\/tiririca\/wp-json\/wp\/v2\/users\/1"}],"replies":[{"embeddable":true,"href":"http:\/\/nossacasa.net\/nossosriachos\/tiririca\/wp-json\/wp\/v2\/comments?post=639"}],"version-history":[{"count":1,"href":"http:\/\/nossacasa.net\/nossosriachos\/tiririca\/wp-json\/wp\/v2\/pages\/639\/revisions"}],"predecessor-version":[{"id":641,"href":"http:\/\/nossacasa.net\/nossosriachos\/tiririca\/wp-json\/wp\/v2\/pages\/639\/revisions\/641"}],"wp:attachment":[{"href":"http:\/\/nossacasa.net\/nossosriachos\/tiririca\/wp-json\/wp\/v2\/media?parent=639"}],"curies":[{"name":"wp","href":"https:\/\/api.w.org\/{rel}","templated":true}]}}