{"id":644,"date":"2019-07-28T16:00:28","date_gmt":"2019-07-28T19:00:28","guid":{"rendered":"http:\/\/nossacasa.net\/nossosriachos\/tiririca\/?page_id=644"},"modified":"2019-07-28T17:26:33","modified_gmt":"2019-07-28T20:26:33","slug":"acao-1-1-3","status":"publish","type":"page","link":"http:\/\/nossacasa.net\/nossosriachos\/tiririca\/acao-1-1-3\/","title":{"rendered":"A\u00e7\u00e3o 1.1.3."},"content":{"rendered":"<div style=\"text-align: justify;\">\n<strong>Apoio do Administra\u00e7\u00e3o Regional da Regi\u00e3o Oce\u00e2nica<\/strong><\/p>\n<p>Representantes do \u201c<strong>Coletivo C\u00f3rrego da Tiririca<\/strong>\u201d reuniram-se hoje, com o Sr. Carlos Boechat \u2013 <strong>administrador da Regi\u00e3o Oce\u00e2nica<\/strong>, na sede dos Bombeiros, para tratar dos seguintes assuntos referentes ao Projeto C\u00f3rrego da Tiririca (Colibris): (1) Defini\u00e7\u00e3o dos limites da Av. Boa Vista conforme os planos de urbaniza\u00e7\u00e3o.; (2)Demarca\u00e7\u00e3o destes limites se poss\u00edvel com roletes de eucalipto em lugar de marcos de concreto; (3)Fornecimento de folhas e galhos triturados para cobertura da \u00e1rea em recupera\u00e7\u00e3o; (4) Avaliar a possibilidade de n\u00e3o usar maquinas pesadas na limpeza do c\u00f3rrego, por causar desmoronamentos da margem e perda da vegeta\u00e7\u00e3o; (5) Estabelecer uma vereda para passagem de pedestres por toda a margem do c\u00f3rrego at\u00e9 os limites da \u00e1rea alagada e (6) Autoriza\u00e7\u00e3o para fixa\u00e7\u00e3o de uma placa sobre o projeto.<br \/>\n<figure class=\"wp-block-embed wp-block-embed-youtube is-type-video is-provider-youtube epyt-figure\"><div class=\"wp-block-embed__wrapper\"><iframe loading=\"lazy\"  id=\"_ytid_70839\"  width=\"525\" height=\"394\"  data-origwidth=\"525\" data-origheight=\"394\" src=\"https:\/\/www.youtube.com\/embed\/16P2YYxjhfg?enablejsapi=1&autoplay=0&cc_load_policy=0&cc_lang_pref=&iv_load_policy=1&loop=0&rel=1&fs=1&playsinline=0&autohide=2&theme=dark&color=red&controls=1&disablekb=0&\" class=\"__youtube_prefs__  no-lazyload\" title=\"YouTube player\"  allow=\"fullscreen; accelerometer; autoplay; clipboard-write; encrypted-media; gyroscope; picture-in-picture; web-share\" referrerpolicy=\"strict-origin-when-cross-origin\" allowfullscreen data-no-lazy=\"1\" data-skipgform_ajax_framebjll=\"\"><\/iframe><\/div><\/figure><br \/>\nAs sugest\u00f5es e solicita\u00e7\u00f5es foram todas bem aceitas. Vai haver grande empenho para que se consiga algumas destas solicita\u00e7\u00f5es ainda antes do Mutir\u00e3o do dia 7.<br \/>\nNa ocasi\u00e3o o Sr Boechat enviou uma <a href=\"http:\/\/nossacasa.net\/nossosriachos\/tiririca\/wp-content\/uploads\/sites\/12\/2019\/07\/Boechat-online-audio-converter.com_.mp3\">mensagem de \u00e1udio<\/a> para grupo pelo whatspp.\n<\/div>\n","protected":false},"excerpt":{"rendered":"<p>Apoio do Administra\u00e7\u00e3o Regional da Regi\u00e3o Oce\u00e2nica Representantes do \u201cColetivo C\u00f3rrego da Tiririca\u201d reuniram-se hoje, com o Sr. Carlos Boechat \u2013 administrador da Regi\u00e3o Oce\u00e2nica, na sede dos Bombeiros, para tratar dos seguintes assuntos referentes ao Projeto C\u00f3rrego da Tiririca (Colibris): (1) Defini\u00e7\u00e3o dos limites da Av. Boa Vista conforme os planos de urbaniza\u00e7\u00e3o.; (2)Demarca\u00e7\u00e3o &hellip; <\/p>\n<p class=\"link-more\"><a href=\"http:\/\/nossacasa.net\/nossosriachos\/tiririca\/acao-1-1-3\/\" class=\"more-link\">Continue lendo<span class=\"screen-reader-text\"> &#8220;A\u00e7\u00e3o 1.1.3.&#8221;<\/span><\/a><\/p>\n","protected":false},"author":1,"featured_media":0,"parent":0,"menu_order":0,"comment_status":"closed","ping_status":"closed","template":"","meta":{"footnotes":""},"class_list":["post-644","page","type-page","status-publish","hentry"],"_links":{"self":[{"href":"http:\/\/nossacasa.net\/nossosriachos\/tiririca\/wp-json\/wp\/v2\/pages\/644","targetHints":{"allow":["GET"]}}],"collection":[{"href":"http:\/\/nossacasa.net\/nossosriachos\/tiririca\/wp-json\/wp\/v2\/pages"}],"about":[{"href":"http:\/\/nossacasa.net\/nossosriachos\/tiririca\/wp-json\/wp\/v2\/types\/page"}],"author":[{"embeddable":true,"href":"http:\/\/nossacasa.net\/nossosriachos\/tiririca\/wp-json\/wp\/v2\/users\/1"}],"replies":[{"embeddable":true,"href":"http:\/\/nossacasa.net\/nossosriachos\/tiririca\/wp-json\/wp\/v2\/comments?post=644"}],"version-history":[{"count":4,"href":"http:\/\/nossacasa.net\/nossosriachos\/tiririca\/wp-json\/wp\/v2\/pages\/644\/revisions"}],"predecessor-version":[{"id":653,"href":"http:\/\/nossacasa.net\/nossosriachos\/tiririca\/wp-json\/wp\/v2\/pages\/644\/revisions\/653"}],"wp:attachment":[{"href":"http:\/\/nossacasa.net\/nossosriachos\/tiririca\/wp-json\/wp\/v2\/media?parent=644"}],"curies":[{"name":"wp","href":"https:\/\/api.w.org\/{rel}","templated":true}]}}