{"id":654,"date":"2019-07-28T19:42:27","date_gmt":"2019-07-28T22:42:27","guid":{"rendered":"http:\/\/nossacasa.net\/nossosriachos\/tiririca\/?page_id=654"},"modified":"2019-07-28T19:59:11","modified_gmt":"2019-07-28T22:59:11","slug":"objetivo-especifico-2","status":"publish","type":"page","link":"http:\/\/nossacasa.net\/nossosriachos\/tiririca\/objetivo-especifico-2\/","title":{"rendered":"Objetivo especifico 2"},"content":{"rendered":"<div style=\"text-align: justify;\">\n<strong>Realiza\u00e7\u00e3o de mutir\u00f5es para plantio pelo sistema da Agricultura Sintr\u00f3pica.<\/strong><\/p>\n<p><strong>PRIMEIRO MUTIR\u00c3O<\/strong><br \/>\n<img loading=\"lazy\" decoding=\"async\" src=\"http:\/\/nossacasa.net\/nossosriachos\/tiririca\/wp-content\/uploads\/sites\/12\/2019\/07\/Mutir\u00e3o_1-2019-05-21-at-16.37.51.jpeg\" alt=\"\" width=\"1280\" height=\"1280\" class=\"aligncenter size-full wp-image-658\" srcset=\"http:\/\/nossacasa.net\/nossosriachos\/tiririca\/wp-content\/uploads\/sites\/12\/2019\/07\/Mutir\u00e3o_1-2019-05-21-at-16.37.51.jpeg 1280w, http:\/\/nossacasa.net\/nossosriachos\/tiririca\/wp-content\/uploads\/sites\/12\/2019\/07\/Mutir\u00e3o_1-2019-05-21-at-16.37.51-150x150.jpeg 150w, http:\/\/nossacasa.net\/nossosriachos\/tiririca\/wp-content\/uploads\/sites\/12\/2019\/07\/Mutir\u00e3o_1-2019-05-21-at-16.37.51-300x300.jpeg 300w, http:\/\/nossacasa.net\/nossosriachos\/tiririca\/wp-content\/uploads\/sites\/12\/2019\/07\/Mutir\u00e3o_1-2019-05-21-at-16.37.51-768x768.jpeg 768w, http:\/\/nossacasa.net\/nossosriachos\/tiririca\/wp-content\/uploads\/sites\/12\/2019\/07\/Mutir\u00e3o_1-2019-05-21-at-16.37.51-1024x1024.jpeg 1024w, http:\/\/nossacasa.net\/nossosriachos\/tiririca\/wp-content\/uploads\/sites\/12\/2019\/07\/Mutir\u00e3o_1-2019-05-21-at-16.37.51-100x100.jpeg 100w, http:\/\/nossacasa.net\/nossosriachos\/tiririca\/wp-content\/uploads\/sites\/12\/2019\/07\/Mutir\u00e3o_1-2019-05-21-at-16.37.51-50x50.jpeg 50w\" sizes=\"auto, (max-width: 767px) 89vw, (max-width: 1000px) 54vw, (max-width: 1071px) 543px, 580px\" \/><br \/>\n<figure class=\"wp-block-embed wp-block-embed-youtube is-type-video is-provider-youtube epyt-figure\"><div class=\"wp-block-embed__wrapper\"><iframe loading=\"lazy\"  id=\"_ytid_15442\"  width=\"525\" height=\"394\"  data-origwidth=\"525\" data-origheight=\"394\" src=\"https:\/\/www.youtube.com\/embed\/nL7Sm1k4Fl0?enablejsapi=1&autoplay=0&cc_load_policy=0&cc_lang_pref=&iv_load_policy=1&loop=0&rel=1&fs=1&playsinline=0&autohide=2&theme=dark&color=red&controls=1&disablekb=0&\" class=\"__youtube_prefs__  no-lazyload\" title=\"YouTube player\"  allow=\"fullscreen; accelerometer; autoplay; clipboard-write; encrypted-media; gyroscope; picture-in-picture; web-share\" referrerpolicy=\"strict-origin-when-cross-origin\" allowfullscreen data-no-lazy=\"1\" data-skipgform_ajax_framebjll=\"\"><\/iframe><\/div><\/figure><\/p>\n<p><strong>SEGUNDO MUTIR\u00c3O<\/strong><br \/>\n<img loading=\"lazy\" decoding=\"async\" src=\"http:\/\/nossacasa.net\/nossosriachos\/tiririca\/wp-content\/uploads\/sites\/12\/2019\/06\/MUTIRAO_7JUN_STORIE_HOJE.jpg\" alt=\"\" width=\"1920\" height=\"3260\" class=\"aligncenter size-full wp-image-484\" srcset=\"http:\/\/nossacasa.net\/nossosriachos\/tiririca\/wp-content\/uploads\/sites\/12\/2019\/06\/MUTIRAO_7JUN_STORIE_HOJE.jpg 1920w, http:\/\/nossacasa.net\/nossosriachos\/tiririca\/wp-content\/uploads\/sites\/12\/2019\/06\/MUTIRAO_7JUN_STORIE_HOJE-177x300.jpg 177w, http:\/\/nossacasa.net\/nossosriachos\/tiririca\/wp-content\/uploads\/sites\/12\/2019\/06\/MUTIRAO_7JUN_STORIE_HOJE-768x1304.jpg 768w, http:\/\/nossacasa.net\/nossosriachos\/tiririca\/wp-content\/uploads\/sites\/12\/2019\/06\/MUTIRAO_7JUN_STORIE_HOJE-603x1024.jpg 603w\" sizes=\"auto, (max-width: 767px) 89vw, (max-width: 1000px) 54vw, (max-width: 1071px) 543px, 580px\" \/><br \/>\n<figure class=\"wp-block-embed wp-block-embed-youtube is-type-video is-provider-youtube epyt-figure\"><div class=\"wp-block-embed__wrapper\"><iframe loading=\"lazy\"  id=\"_ytid_91168\"  width=\"525\" height=\"394\"  data-origwidth=\"525\" data-origheight=\"394\" src=\"https:\/\/www.youtube.com\/embed\/6oyFRPd2cqA?enablejsapi=1&autoplay=0&cc_load_policy=0&cc_lang_pref=&iv_load_policy=1&loop=0&rel=1&fs=1&playsinline=0&autohide=2&theme=dark&color=red&controls=1&disablekb=0&\" class=\"__youtube_prefs__  no-lazyload\" title=\"YouTube player\"  allow=\"fullscreen; accelerometer; autoplay; clipboard-write; encrypted-media; gyroscope; picture-in-picture; web-share\" referrerpolicy=\"strict-origin-when-cross-origin\" allowfullscreen data-no-lazy=\"1\" data-skipgform_ajax_framebjll=\"\"><\/iframe><\/div><\/figure><\/p>\n<p><a href=\"http:\/\/nossacasa.net\/nossosriachos\/tiririca\/2019\/07\/26\/mutirao-3\/\"><strong>TERCEIRO MUTIR\u00c3O<\/strong><\/a><br \/>\n<img loading=\"lazy\" decoding=\"async\" src=\"http:\/\/nossacasa.net\/nossosriachos\/tiririca\/wp-content\/uploads\/sites\/12\/2019\/06\/INSTA-MUTIRAO_19JUL.jpg\" alt=\"\" width=\"1240\" height=\"1240\" class=\"aligncenter size-full wp-image-541\" srcset=\"http:\/\/nossacasa.net\/nossosriachos\/tiririca\/wp-content\/uploads\/sites\/12\/2019\/06\/INSTA-MUTIRAO_19JUL.jpg 1240w, http:\/\/nossacasa.net\/nossosriachos\/tiririca\/wp-content\/uploads\/sites\/12\/2019\/06\/INSTA-MUTIRAO_19JUL-150x150.jpg 150w, http:\/\/nossacasa.net\/nossosriachos\/tiririca\/wp-content\/uploads\/sites\/12\/2019\/06\/INSTA-MUTIRAO_19JUL-300x300.jpg 300w, http:\/\/nossacasa.net\/nossosriachos\/tiririca\/wp-content\/uploads\/sites\/12\/2019\/06\/INSTA-MUTIRAO_19JUL-768x768.jpg 768w, http:\/\/nossacasa.net\/nossosriachos\/tiririca\/wp-content\/uploads\/sites\/12\/2019\/06\/INSTA-MUTIRAO_19JUL-1024x1024.jpg 1024w, http:\/\/nossacasa.net\/nossosriachos\/tiririca\/wp-content\/uploads\/sites\/12\/2019\/06\/INSTA-MUTIRAO_19JUL-100x100.jpg 100w, http:\/\/nossacasa.net\/nossosriachos\/tiririca\/wp-content\/uploads\/sites\/12\/2019\/06\/INSTA-MUTIRAO_19JUL-50x50.jpg 50w\" sizes=\"auto, (max-width: 767px) 89vw, (max-width: 1000px) 54vw, (max-width: 1071px) 543px, 580px\" \/><\/p>\n<\/div>\n","protected":false},"excerpt":{"rendered":"<p>Realiza\u00e7\u00e3o de mutir\u00f5es para plantio pelo sistema da Agricultura Sintr\u00f3pica. PRIMEIRO MUTIR\u00c3O SEGUNDO MUTIR\u00c3O TERCEIRO MUTIR\u00c3O<\/p>\n","protected":false},"author":1,"featured_media":0,"parent":0,"menu_order":0,"comment_status":"closed","ping_status":"closed","template":"","meta":{"footnotes":""},"class_list":["post-654","page","type-page","status-publish","hentry"],"_links":{"self":[{"href":"http:\/\/nossacasa.net\/nossosriachos\/tiririca\/wp-json\/wp\/v2\/pages\/654","targetHints":{"allow":["GET"]}}],"collection":[{"href":"http:\/\/nossacasa.net\/nossosriachos\/tiririca\/wp-json\/wp\/v2\/pages"}],"about":[{"href":"http:\/\/nossacasa.net\/nossosriachos\/tiririca\/wp-json\/wp\/v2\/types\/page"}],"author":[{"embeddable":true,"href":"http:\/\/nossacasa.net\/nossosriachos\/tiririca\/wp-json\/wp\/v2\/users\/1"}],"replies":[{"embeddable":true,"href":"http:\/\/nossacasa.net\/nossosriachos\/tiririca\/wp-json\/wp\/v2\/comments?post=654"}],"version-history":[{"count":4,"href":"http:\/\/nossacasa.net\/nossosriachos\/tiririca\/wp-json\/wp\/v2\/pages\/654\/revisions"}],"predecessor-version":[{"id":659,"href":"http:\/\/nossacasa.net\/nossosriachos\/tiririca\/wp-json\/wp\/v2\/pages\/654\/revisions\/659"}],"wp:attachment":[{"href":"http:\/\/nossacasa.net\/nossosriachos\/tiririca\/wp-json\/wp\/v2\/media?parent=654"}],"curies":[{"name":"wp","href":"https:\/\/api.w.org\/{rel}","templated":true}]}}