{"id":7676,"date":"2025-03-20T17:25:19","date_gmt":"2025-03-20T20:25:19","guid":{"rendered":"http:\/\/nossacasa.net\/nossosriachos\/tiririca\/?page_id=7676"},"modified":"2025-09-05T14:15:17","modified_gmt":"2025-09-05T17:15:17","slug":"cadastro-de-flora","status":"publish","type":"page","link":"http:\/\/nossacasa.net\/nossosriachos\/tiririca\/cadastro-de-flora\/","title":{"rendered":"Cadastro de Flora"},"content":{"rendered":"<p style=\"text-align: center\">Cadastro das \u00e1rvores<\/p>\n<p><a href=\"http:\/\/nossacasa.net\/nossosriachos\/tiririca\/a001\/\">A001 &#8211; Grumixama<\/a><br \/>\n<a href=\"http:\/\/nossacasa.net\/nossosriachos\/tiririca\/a002\/\">A002 &#8211; Aroeira<\/a><br \/>\n<a href=\"http:\/\/nossacasa.net\/nossosriachos\/tiririca\/a003\/\">A003 &#8211; Timbauva<\/a><br \/>\n<a href=\"http:\/\/nossacasa.net\/nossosriachos\/tiririca\/a004\/\">A004 &#8211; Caj\u00fa<\/a><br \/>\n<a href=\"http:\/\/nossacasa.net\/nossosriachos\/tiririca\/a005\/\">A005 &#8211; Jeriv\u00e1<\/a><br \/>\n<a href=\"http:\/\/nossacasa.net\/nossosriachos\/tiririca\/a006\/\">A006 &#8211; Babosa-branca<\/a><br \/>\n<a href=\"http:\/\/nossacasa.net\/nossosriachos\/tiririca\/a007\/\">A007 &#8211; Pau-rei<\/a><br \/>\n<a href=\"http:\/\/nossacasa.net\/nossosriachos\/tiririca\/a008\/\">A008 &#8211; Paineira<\/a><br \/>\n<a href=\"http:\/\/nossacasa.net\/nossosriachos\/tiririca\/a009\/\">A009 &#8211; Tento-vermelho<\/a><br \/>\n<a href=\"http:\/\/nossacasa.net\/nossosriachos\/tiririca\/a010\/\">A010 &#8211; Pau-d&#8217;alho<\/a><br \/>\n<a href=\"http:\/\/nossacasa.net\/nossosriachos\/tiririca\/a011\/\">A011 &#8211; Chich\u00e1-fedorento<\/a><br \/>\n<a href=\"http:\/\/nossacasa.net\/nossosriachos\/tiririca\/a012\/\">A012 &#8211; Jambo-vermelho<\/a><br \/>\n<a href=\"http:\/\/nossacasa.net\/nossosriachos\/tiririca\/a013\/\">A013 &#8211; Emba\u00faba<\/a><br \/>\n<a href=\"http:\/\/nossacasa.net\/nossosriachos\/tiririca\/a014\/\">A014 &#8211; Jamel\u00e3o<\/a><br \/>\n<a href=\"http:\/\/nossacasa.net\/nossosriachos\/tiririca\/a015\/\">A015 &#8211; Seriguela<\/a><br \/>\n<a href=\"http:\/\/nossacasa.net\/nossosriachos\/tiririca\/a016\/\">A016 &#8211; Pitangueira<\/a><br \/>\n<a href=\"http:\/\/nossacasa.net\/nossosriachos\/tiririca\/a017\/\">A017 &#8211; Crindi\u00fava<\/a><br \/>\n<a href=\"http:\/\/nossacasa.net\/nossosriachos\/tiririca\/a018\/\">A018 &#8211; Abiu-amarelo<\/a><br \/>\n<a href=\"http:\/\/nossacasa.net\/nossosriachos\/tiririca\/a019\/\">A019 &#8211; Arauc\u00e1ria<\/a><br \/>\n<a href=\"http:\/\/nossacasa.net\/nossosriachos\/tiririca\/a020\/\">A020 &#8211; N\u00easpera<\/a><br \/>\n<a href=\"http:\/\/nossacasa.net\/nossosriachos\/tiririca\/a021\/\">A021 &#8211; Canudo-de-pito<\/a><br \/>\n<a href=\"http:\/\/nossacasa.net\/nossosriachos\/tiririca\/a022\/\">A022 &#8211; Faveiro<\/a><\/p>\n","protected":false},"excerpt":{"rendered":"<p>Cadastro das \u00e1rvores A001 &#8211; Grumixama A002 &#8211; Aroeira A003 &#8211; Timbauva A004 &#8211; Caj\u00fa A005 &#8211; Jeriv\u00e1 A006 &#8211; Babosa-branca A007 &#8211; Pau-rei A008 &#8211; Paineira A009 &#8211; Tento-vermelho A010 &#8211; Pau-d&#8217;alho A011 &#8211; Chich\u00e1-fedorento A012 &#8211; Jambo-vermelho A013 &#8211; Emba\u00faba A014 &#8211; Jamel\u00e3o A015 &#8211; Seriguela A016 &#8211; Pitangueira A017 &#8211; Crindi\u00fava A018 &hellip; <\/p>\n<p class=\"link-more\"><a href=\"http:\/\/nossacasa.net\/nossosriachos\/tiririca\/cadastro-de-flora\/\" class=\"more-link\">Continue lendo<span class=\"screen-reader-text\"> &#8220;Cadastro de Flora&#8221;<\/span><\/a><\/p>\n","protected":false},"author":1,"featured_media":0,"parent":0,"menu_order":0,"comment_status":"closed","ping_status":"closed","template":"","meta":{"footnotes":""},"class_list":["post-7676","page","type-page","status-publish","hentry"],"_links":{"self":[{"href":"http:\/\/nossacasa.net\/nossosriachos\/tiririca\/wp-json\/wp\/v2\/pages\/7676","targetHints":{"allow":["GET"]}}],"collection":[{"href":"http:\/\/nossacasa.net\/nossosriachos\/tiririca\/wp-json\/wp\/v2\/pages"}],"about":[{"href":"http:\/\/nossacasa.net\/nossosriachos\/tiririca\/wp-json\/wp\/v2\/types\/page"}],"author":[{"embeddable":true,"href":"http:\/\/nossacasa.net\/nossosriachos\/tiririca\/wp-json\/wp\/v2\/users\/1"}],"replies":[{"embeddable":true,"href":"http:\/\/nossacasa.net\/nossosriachos\/tiririca\/wp-json\/wp\/v2\/comments?post=7676"}],"version-history":[{"count":18,"href":"http:\/\/nossacasa.net\/nossosriachos\/tiririca\/wp-json\/wp\/v2\/pages\/7676\/revisions"}],"predecessor-version":[{"id":8959,"href":"http:\/\/nossacasa.net\/nossosriachos\/tiririca\/wp-json\/wp\/v2\/pages\/7676\/revisions\/8959"}],"wp:attachment":[{"href":"http:\/\/nossacasa.net\/nossosriachos\/tiririca\/wp-json\/wp\/v2\/media?parent=7676"}],"curies":[{"name":"wp","href":"https:\/\/api.w.org\/{rel}","templated":true}]}}