{"id":8621,"date":"2025-09-02T16:14:41","date_gmt":"2025-09-02T19:14:41","guid":{"rendered":"http:\/\/nossacasa.net\/nossosriachos\/tiririca\/?page_id=8621"},"modified":"2025-09-10T16:00:54","modified_gmt":"2025-09-10T19:00:54","slug":"catalogo-de-mudas","status":"publish","type":"page","link":"http:\/\/nossacasa.net\/nossosriachos\/tiririca\/catalogo-de-mudas\/","title":{"rendered":"Cat\u00e1logo de Mudas"},"content":{"rendered":"<table>\n<tr>\n<th>Fotos Pr\u00f3prias<\/th>\n<th>Fotos da Internet<\/th>\n<\/tr>\n<tr>\n<td><a href=\"http:\/\/nossacasa.net\/nossosriachos\/tiririca\/amendoim-bravo\/\"><strong>AMENDOIM BRAVO<\/strong><\/a><\/td>\n<td><a href=\"http:\/\/nossacasa.net\/nossosriachos\/tiririca\/abiu-do-mato\/\"><strong>ABIU DO MATO<\/strong><\/a><\/td>\n<\/tr>\n<tr>\n<td><a href=\"http:\/\/nossacasa.net\/nossosriachos\/tiririca\/angelim-morcego\/\"><strong>ANGELIM MORCEGO<\/strong><br \/>\n<\/a><\/td>\n<td><a href=\"http:\/\/nossacasa.net\/nossosriachos\/tiririca\/abiu-verde\/\"><strong>ABIU VERDE<\/strong><\/a><\/td>\n<\/td>\n<\/tr>\n<tr>\n<td><a href=\"http:\/\/nossacasa.net\/nossosriachos\/tiririca\/araca-pera\/\"><strong>ARA\u00c7\u00c1 PERA<\/strong><\/a><\/td>\n<td><a href=\"http:\/\/nossacasa.net\/nossosriachos\/tiririca\/alecrim-de-campina\/\"><strong>ALECRIM DE CAMPINA<\/strong><\/a><\/td>\n<\/tr>\n<tr>\n<td><a href=\"http:\/\/nossacasa.net\/nossosriachos\/tiririca\/bacupari\/\"><strong>BACUPARI<\/strong><\/a><\/td>\n<td><a href=\"http:\/\/nossacasa.net\/nossosriachos\/tiririca\/anduacu\/\"><strong>ANDUA\u00c7U<\/strong><\/a><\/td>\n<\/tr>\n<tr>\n<td><a href=\"http:\/\/nossacasa.net\/nossosriachos\/tiririca\/cabeludinha\/\"><strong>CABELUDINHA<\/strong><\/a><\/td>\n<td><a href=\"http:\/\/nossacasa.net\/nossosriachos\/tiririca\/araca-amarelo\/\"><strong>ARA\u00c7\u00c1 AMARELO<\/strong><\/a><\/td>\n<\/tr>\n<tr>\n<td><a href=\"http:\/\/nossacasa.net\/nossosriachos\/tiririca\/cambuca\/\"><strong>CAMBUC\u00c1<\/strong><\/a><\/td>\n<td><a href=\"http:\/\/nossacasa.net\/nossosriachos\/tiririca\/araticum-cagao\/\"><strong>ARATICUM CAG\u00c3O<\/strong><\/a><\/td>\n<\/tr>\n<tr>\n<td><a href=\"http:\/\/nossacasa.net\/nossosriachos\/tiririca\/canela-branca\/\"><strong>CANELA BRANCA<\/strong><\/a><\/td>\n<td><a href=\"http:\/\/nossacasa.net\/nossosriachos\/tiririca\/araticum-miudo\/\"><strong>ARATICUM MI\u00daDO<\/strong><br \/>\n    <\/tr>\n<tr>\n<td><a href=\"http:\/\/nossacasa.net\/nossosriachos\/tiririca\/caja-mirim\/\"><strong>CAJ\u00c1 MIRIM<\/strong><\/a><\/td>\n<td><a href=\"http:\/\/nossacasa.net\/nossosriachos\/tiririca\/baru\/\"><strong>BARU<\/strong><\/a><\/td>\n<p><\/a><\/td>\n<\/tr>\n<tr>\n<td><a href=\"http:\/\/nossacasa.net\/nossosriachos\/tiririca\/carobinha\/\"><strong>CAROBINHA<\/strong><\/a><\/td>\n<td><a href=\"http:\/\/nossacasa.net\/nossosriachos\/tiririca\/biriba\/\"><strong>BIRIB\u00c1<\/strong><\/a><\/td>\n<\/tr>\n<tr>\n<td><a href=\"http:\/\/nossacasa.net\/nossosriachos\/tiririca\/carrapeta\/\"><strong>CARRAPETA<\/strong><\/a><\/td>\n<td><a href=\"http:\/\/nossacasa.net\/nossosriachos\/tiririca\/brauna-sangue-de-burro\/\"><strong>BRA\u00daNA SANGUE DE BURRO<\/strong><\/a><\/td>\n<\/tr>\n<tr>\n<td><a href=\"http:\/\/nossacasa.net\/nossosriachos\/tiririca\/cassia-ferruginea\/\"><strong>C\u00c1SSIA FERRUG\u00cdNEA<\/strong><strong><\/strong><\/a><\/td>\n<td><a href=\"http:\/\/nossacasa.net\/nossosriachos\/tiririca\/camboata\/\"><strong>CAMBOAT\u00c1<\/strong><\/a><\/td>\n<\/tr>\n<tr>\n<td><a href=\"http:\/\/nossacasa.net\/nossosriachos\/tiririca\/castanha-do-maranhao\/\"><strong>CASTANHA DO MARANH\u00c3O<\/strong><\/a><\/td>\n<td><a href=\"http:\/\/nossacasa.net\/nossosriachos\/tiririca\/camboata-mirim\/\"><strong>CAMBOAT\u00c1 MIRIM<\/strong><br \/>\n    <\/tr>\n<tr>\n<td><a href=\"http:\/\/nossacasa.net\/nossosriachos\/tiririca\/figo-do-mato\/\"><strong>FIGO DO MATO<\/strong><\/a><\/td>\n<td><a href=\"http:\/\/nossacasa.net\/nossosriachos\/tiririca\/cambuca\/\"><strong>CAMBUC\u00c1<\/strong><\/a><\/td>\n<p><\/a><\/td>\n<tr>\n<td><a href=\"http:\/\/nossacasa.net\/nossosriachos\/tiririca\/goncalo-alves\/\"><strong>GON\u00c7ALO ALVES<\/strong><\/a><\/td>\n<td><a href=\"http:\/\/nossacasa.net\/nossosriachos\/tiririca\/capixingui\/\"><strong>CAPIXINGUI<\/strong><\/a><\/td>\n<\/tr>\n<tr>\n<td><a href=\"http:\/\/nossacasa.net\/nossosriachos\/tiririca\/grumixama\/\"><strong>GRUMIXAMA<\/strong><\/a><\/td>\n<td><a href=\"http:\/\/nossacasa.net\/nossosriachos\/tiririca\/cassia-siamea\/\"><strong>C\u00c1SSIA SIMEA<\/strong><\/a><br \/>\n    <\/tr>\n<tr>\n<td><a href=\"http:\/\/nossacasa.net\/nossosriachos\/tiririca\/inga-do-rio\/\"><strong>ING\u00c1 DO RIO<\/strong><\/a><\/td>\n<td><a href=\"http:\/\/nossacasa.net\/nossosriachos\/tiririca\/cedro\/\"><strong>CEDRO<\/strong><\/a><\/td>\n<\/tr>\n<tr>\n<td><a href=\"http:\/\/nossacasa.net\/nossosriachos\/tiririca\/marica\/\"><strong>MARIC\u00c1<\/strong><\/a><\/td>\n<td><a href=\"http:\/\/nossacasa.net\/nossosriachos\/tiririca\/cereja-de-joinville\/\"><strong>CEREJA DE JOINVILLE<\/strong><\/a><\/td>\n<\/tr>\n<tr>\n<td><a href=\"http:\/\/nossacasa.net\/nossosriachos\/tiririca\/paineira-com-espinho\/\"><strong>PAINEIRA COM ESPINHO<\/strong><\/a><\/td>\n<td><a href=\"http:\/\/nossacasa.net\/nossosriachos\/tiririca\/guamirim\/\"><strong>GUAMIRIM<\/strong><\/a><\/td>\n<\/tr>\n<tr>\n<td><a href=\"http:\/\/nossacasa.net\/nossosriachos\/tiririca\/paineira-rosa\/\"><strong>PAINEIRA ROSA<\/strong><\/a><\/td>\n<td><a href=\"http:\/\/nossacasa.net\/nossosriachos\/tiririca\/guaquica\/\"><strong>GUAQUICA<\/strong><\/a><\/td>\n<\/tr>\n<tr>\n<td><a href=\"http:\/\/nossacasa.net\/nossosriachos\/tiririca\/palmito-jussara\/\"><strong>PALMITO JUSSARA<\/strong><\/a><\/td>\n<td><a href=\"http:\/\/nossacasa.net\/nossosriachos\/tiririca\/imbirucu-grande\/\"><strong>IMBIRU\u00c7U GRANDE<\/strong><\/a><\/td>\n<\/tr>\n<tr>\n<td><a href=\"http:\/\/nossacasa.net\/nossosriachos\/tiririca\/pitomba-da-bahia\/\"><strong>PITOMBA DA BAHIA<\/strong><\/a><\/td>\n<td><a href=\"http:\/\/nossacasa.net\/nossosriachos\/tiririca\/jatoba\/\"><strong>JATOB\u00c1<\/strong><\/a><\/td>\n<\/tr>\n<tr>\n<td><a href=\"http:\/\/nossacasa.net\/nossosriachos\/tiririca\/pau-cigarra\/\"><strong>PAU CIGARRA<\/strong><\/a><\/td>\n<td><a href=\"http:\/\/nossacasa.net\/nossosriachos\/tiririca\/leiteira-esperta\/\"><strong>LEITEIRA-ESPERTA<\/strong><\/a><\/td>\n<\/tr>\n<tr>\n<td><a href=\"http:\/\/nossacasa.net\/nossosriachos\/tiririca\/sobrasil\/\"><strong>SOBRASIL<\/strong><\/a><\/td>\n<td><a href=\"http:\/\/nossacasa.net\/nossosriachos\/tiririca\/mamao-jacatia\/\"><strong>MAM\u00c3O JACATI\u00c1<\/strong><\/a><br \/>\n    <\/tr>\n<tr>\n<td><a href=\"http:\/\/nossacasa.net\/nossosriachos\/tiririca\/taruma-branco\/\"><strong>TARUM\u00c3 BRANCO<\/strong><\/a>\n <\/td>\n<td><a href=\"http:\/\/nossacasa.net\/nossosriachos\/tiririca\/maria-preta\/\"><strong>MARIA PRETA<\/strong><\/a><br \/>\n    <\/tr>\n<tr>\n<td><a href=\"http:\/\/nossacasa.net\/nossosriachos\/tiririca\/taruma\/\"><strong>TARUM\u00c3<\/strong><\/a><\/td>\n<\/td>\n<td><a href=\"http:\/\/nossacasa.net\/nossosriachos\/tiririca\/oiti\/\"><strong>OITI<\/strong><\/a><\/td>\n<tr>\n<td> <\/td>\n<td><a href=\"http:\/\/nossacasa.net\/nossosriachos\/tiririca\/pau-formiga\/\"><strong>PAU FORMIGA<\/strong><\/a><\/td>\n<\/tr>\n<tr>\n<td> <\/td>\n<td><a href=\"http:\/\/nossacasa.net\/nossosriachos\/tiririca\/pau-brasil\/\"><strong>PAU BRASIL<\/strong><\/a><\/td>\n<\/tr>\n<tr>\n<td> <\/td>\n<td><a href=\"http:\/\/nossacasa.net\/nossosriachos\/tiririca\/pau-jacare\/\"><strong>PAU JACAR\u00c9<\/strong><\/a><\/td>\n<\/tr>\n<tr>\n<td> <\/td>\n<td><a href=\"http:\/\/nossacasa.net\/nossosriachos\/tiririca\/saboneteiro\/\"><strong>SABONETEIRO<\/strong><\/a><\/td>\n<\/tr>\n<tr>\n<td> <\/td>\n<td><a href=\"http:\/\/nossacasa.net\/nossosriachos\/tiririca\/sanandu\/\"><strong>SANANDU<\/strong><\/a><\/td>\n<\/tr>\n<tr>\n<td> <\/td>\n<td><a href=\"http:\/\/nossacasa.net\/nossosriachos\/tiririca\/sapucainha\/\"><strong>SAPUCAINHA<\/strong><\/a><\/td>\n<\/tr>\n<tr>\n<td> <\/td>\n<td><a href=\"http:\/\/nossacasa.net\/nossosriachos\/tiririca\/sibipuruna\/\"><strong>SIBIPURUNA<\/strong><\/a><\/td>\n<\/tr>\n<tr>\n<td> <\/td>\n<td><a href=\"http:\/\/nossacasa.net\/nossosriachos\/tiririca\/trapia\/\"><strong>TRAPIA<\/strong><\/a><\/td>\n<\/tr>\n<\/table>\n","protected":false},"excerpt":{"rendered":"<p>Fotos Pr\u00f3prias Fotos da Internet AMENDOIM BRAVO ABIU DO MATO ANGELIM MORCEGO ABIU VERDE ARA\u00c7\u00c1 PERA ALECRIM DE CAMPINA BACUPARI ANDUA\u00c7U CABELUDINHA ARA\u00c7\u00c1 AMARELO CAMBUC\u00c1 ARATICUM CAG\u00c3O CANELA BRANCA ARATICUM MI\u00daDO CAJ\u00c1 MIRIM BARU CAROBINHA BIRIB\u00c1 CARRAPETA BRA\u00daNA SANGUE DE BURRO C\u00c1SSIA FERRUG\u00cdNEA CAMBOAT\u00c1 CASTANHA DO MARANH\u00c3O CAMBOAT\u00c1 MIRIM FIGO DO MATO CAMBUC\u00c1 GON\u00c7ALO ALVES &hellip; <\/p>\n<p class=\"link-more\"><a href=\"http:\/\/nossacasa.net\/nossosriachos\/tiririca\/catalogo-de-mudas\/\" class=\"more-link\">Continue lendo<span class=\"screen-reader-text\"> &#8220;Cat\u00e1logo de Mudas&#8221;<\/span><\/a><\/p>\n","protected":false},"author":1,"featured_media":0,"parent":0,"menu_order":0,"comment_status":"closed","ping_status":"closed","template":"","meta":{"footnotes":""},"class_list":["post-8621","page","type-page","status-publish","hentry"],"_links":{"self":[{"href":"http:\/\/nossacasa.net\/nossosriachos\/tiririca\/wp-json\/wp\/v2\/pages\/8621","targetHints":{"allow":["GET"]}}],"collection":[{"href":"http:\/\/nossacasa.net\/nossosriachos\/tiririca\/wp-json\/wp\/v2\/pages"}],"about":[{"href":"http:\/\/nossacasa.net\/nossosriachos\/tiririca\/wp-json\/wp\/v2\/types\/page"}],"author":[{"embeddable":true,"href":"http:\/\/nossacasa.net\/nossosriachos\/tiririca\/wp-json\/wp\/v2\/users\/1"}],"replies":[{"embeddable":true,"href":"http:\/\/nossacasa.net\/nossosriachos\/tiririca\/wp-json\/wp\/v2\/comments?post=8621"}],"version-history":[{"count":73,"href":"http:\/\/nossacasa.net\/nossosriachos\/tiririca\/wp-json\/wp\/v2\/pages\/8621\/revisions"}],"predecessor-version":[{"id":8625,"href":"http:\/\/nossacasa.net\/nossosriachos\/tiririca\/wp-json\/wp\/v2\/pages\/8621\/revisions\/8625"}],"wp:attachment":[{"href":"http:\/\/nossacasa.net\/nossosriachos\/tiririca\/wp-json\/wp\/v2\/media?parent=8621"}],"curies":[{"name":"wp","href":"https:\/\/api.w.org\/{rel}","templated":true}]}}