{"id":30,"date":"2017-07-21T15:03:07","date_gmt":"2017-07-21T18:03:07","guid":{"rendered":"http:\/\/www.nossacasa.net\/nossosriachos\/?page_id=30"},"modified":"2018-08-29T12:14:40","modified_gmt":"2018-08-29T15:14:40","slug":"acoes","status":"publish","type":"page","link":"http:\/\/nossacasa.net\/nossosriachos\/acoes\/","title":{"rendered":"A\u00e7\u00f5es"},"content":{"rendered":"<div style=\"text-align: justify;\"><strong>CONSERVA\u00c7\u00c3O<\/strong><br \/>\n<a href=\"http:\/\/nossacasa.net\/nossosriachos\/pan-pema\/\" target=\"_blank\" rel=\"noopener\"><span style=\"font-size: large;\"><b>PAN PEMA<\/b><\/span><\/a><br \/>\nParticipa\u00e7\u00e3o do <strong>Instituto nossosriachos<\/strong> no Plano de A\u00e7\u00e3o Nacional para a Conserva\u00e7\u00e3o das Esp\u00e9cies de Peixes e Eglas Amea\u00e7adas de Extin\u00e7\u00e3o da Mata Atl\u00e2ntica \u2013 <strong>PAN PEMA<\/strong> coordenado pelo CEPTA-ICMBio, visando cinco esp\u00e9cies da lista de amea\u00e7adas: <em><strong>Trichogenes claviger<\/strong><\/em>, <em><strong>Rachoviscus graciliceps<\/strong><\/em>, <em><strong>Mimagoniates sylvicola<\/strong><\/em>, <em><strong>Acentronicthys leptos<\/strong><\/em> e <em><strong>Ituglanis cayensis<\/strong><\/em>. Com atua\u00e7\u00e3o em tr\u00eas \u00e1reas regionais: regi\u00e3o da sub-bacia do c\u00f3rrego Picada Comprida no munic\u00edpio de Castelo (ES); regi\u00e3o da REBIO C\u00f3rrego Grande no munic\u00edpio de Concei\u00e7\u00e3o da Barra (ES) e regi\u00e3o de Cumuruxatiba munic\u00edpio de Prado(BA).<\/p>\n<p><strong>PROJETOS DE PESQUISA<\/strong><br \/>\n<a href=\"http:\/\/nossacasa.net\/nossosriachos\/biobahia\" target=\"_blank\" rel=\"noopener\"><span style=\"font-size: large;\"><b>BioBahia<\/b><\/span><\/a><br \/>\nUma avalia\u00e7\u00e3o da ictiofauna dos sistemas h\u00eddricos poucos explorados do extremo sul da Bahia visando conhecer a diversidade de peixes de \u00e1gua doce na regi\u00e3o e investigar a hist\u00f3ria dos rios, sob a \u00f3tica da biogeografia.<a href=\"http:\/\/nossacasa.net\/nossosriachos\/biodiverses\" target=\"_blank\" rel=\"noopener\"><span style=\"font-size: large;\"><\/p>\n<p><b>BIOdiversES<\/b><\/span><\/a><br \/>\nAmplia\u00e7\u00e3o do conhecimento sobre os peixes de riacho do Esp\u00edrito Santo, definindo a distribui\u00e7\u00e3o geogr\u00e1fica e localizando \u00e1reas de endemismo das esp\u00e9cies.<\/p>\n<p><span style=\"font-size: large;\"><b>DiversidadES<\/b><\/span><br \/>\nProjetos de avalia\u00e7\u00e3o da efetividade de Unidades de Conserva\u00e7\u00e3o no Estado do Esp\u00edrito Santo para a prote\u00e7\u00e3o da biodiversidade, sob a \u00f3tica de peixes de \u00e1gua doce, insetos aqu\u00e1ticos e mam\u00edferos de pequeno e m\u00e9dio porte.<\/p>\n<p><strong>DIFUS\u00c3O CIENT\u00cdFICA<\/strong><br \/>\n<a href=\"http:\/\/nossacasa.net\/nossosriachos\/bioconhecer\" target=\"_blank\" rel=\"noopener\"><span style=\"font-size: large;\"><b>BIOconhER<\/b><\/span><\/a><br \/>\nProjetos voltados para a difus\u00e3o cient\u00edfica entre a popula\u00e7\u00e3o, principalmente estudantes de ensino m\u00e9dio e b\u00e1sico.<\/p>\n<p><strong>ENSINO<\/strong><br \/>\n<a href=\"http:\/\/nossacasa.net\/nossosriachos\/pos\" target=\"_blank\" rel=\"noopener\"><span style=\"font-size: large;\"><b>P\u00f3s Gradua\u00e7\u00e3o<\/b><\/span><\/a><br \/>\nPPGBAN &#8211; Programa de P\u00f3s-Gradua\u00e7\u00e3o em Ci\u00eancias Biol\u00f3gicas do Departamento de Ci\u00eancias Biol\u00f3gicas do Centro de Ci\u00eancias Humanas e Naturais da Universidade Federal do Esp\u00edrito Santo.<\/p>\n<\/div>\n","protected":false},"excerpt":{"rendered":"<p>CONSERVA\u00c7\u00c3O PAN PEMA Participa\u00e7\u00e3o do Instituto nossosriachos no Plano de A\u00e7\u00e3o Nacional para a Conserva\u00e7\u00e3o das Esp\u00e9cies de Peixes e Eglas Amea\u00e7adas de Extin\u00e7\u00e3o da Mata Atl\u00e2ntica \u2013 PAN PEMA coordenado pelo CEPTA-ICMBio, visando cinco esp\u00e9cies da lista de amea\u00e7adas: Trichogenes claviger, Rachoviscus graciliceps, Mimagoniates sylvicola, Acentronicthys leptos e Ituglanis cayensis. Com atua\u00e7\u00e3o em tr\u00eas &hellip; <\/p>\n<p class=\"link-more\"><a href=\"http:\/\/nossacasa.net\/nossosriachos\/acoes\/\" class=\"more-link\">Continue lendo<span class=\"screen-reader-text\"> &#8220;A\u00e7\u00f5es&#8221;<\/span><\/a><\/p>\n","protected":false},"author":1,"featured_media":133,"parent":0,"menu_order":0,"comment_status":"closed","ping_status":"closed","template":"","meta":{"footnotes":""},"class_list":["post-30","page","type-page","status-publish","has-post-thumbnail","hentry"],"_links":{"self":[{"href":"http:\/\/nossacasa.net\/nossosriachos\/wp-json\/wp\/v2\/pages\/30","targetHints":{"allow":["GET"]}}],"collection":[{"href":"http:\/\/nossacasa.net\/nossosriachos\/wp-json\/wp\/v2\/pages"}],"about":[{"href":"http:\/\/nossacasa.net\/nossosriachos\/wp-json\/wp\/v2\/types\/page"}],"author":[{"embeddable":true,"href":"http:\/\/nossacasa.net\/nossosriachos\/wp-json\/wp\/v2\/users\/1"}],"replies":[{"embeddable":true,"href":"http:\/\/nossacasa.net\/nossosriachos\/wp-json\/wp\/v2\/comments?post=30"}],"version-history":[{"count":14,"href":"http:\/\/nossacasa.net\/nossosriachos\/wp-json\/wp\/v2\/pages\/30\/revisions"}],"predecessor-version":[{"id":543,"href":"http:\/\/nossacasa.net\/nossosriachos\/wp-json\/wp\/v2\/pages\/30\/revisions\/543"}],"wp:featuredmedia":[{"embeddable":true,"href":"http:\/\/nossacasa.net\/nossosriachos\/wp-json\/wp\/v2\/media\/133"}],"wp:attachment":[{"href":"http:\/\/nossacasa.net\/nossosriachos\/wp-json\/wp\/v2\/media?parent=30"}],"curies":[{"name":"wp","href":"https:\/\/api.w.org\/{rel}","templated":true}]}}