{"id":360,"date":"2018-05-07T17:36:12","date_gmt":"2018-05-07T20:36:12","guid":{"rendered":"http:\/\/nossacasa.net\/nossosriachos\/?page_id=360"},"modified":"2018-10-06T14:31:17","modified_gmt":"2018-10-06T17:31:17","slug":"bem-vindos","status":"publish","type":"page","link":"http:\/\/nossacasa.net\/nossosriachos\/","title":{"rendered":"Bem-vindos"},"content":{"rendered":"<div style=\"text-align:justify\">\n<img loading=\"lazy\" decoding=\"async\" src=\"http:\/\/nossacasa.net\/nossosriachos\/wp-content\/uploads\/2018\/08\/NOSSOSRIACHOS-1COR-copy-280x300.png\" alt=\"\" width=\"280\" height=\"300\" class=\"alignleft size-medium wp-image-417\" srcset=\"http:\/\/nossacasa.net\/nossosriachos\/wp-content\/uploads\/2018\/08\/NOSSOSRIACHOS-1COR-copy-280x300.png 280w, http:\/\/nossacasa.net\/nossosriachos\/wp-content\/uploads\/2018\/08\/NOSSOSRIACHOS-1COR-copy-768x823.png 768w, http:\/\/nossacasa.net\/nossosriachos\/wp-content\/uploads\/2018\/08\/NOSSOSRIACHOS-1COR-copy-955x1024.png 955w, http:\/\/nossacasa.net\/nossosriachos\/wp-content\/uploads\/2018\/08\/NOSSOSRIACHOS-1COR-copy.png 1746w\" sizes=\"auto, (max-width: 280px) 100vw, 280px\" \/>O <strong>Instituto nossosriachos<\/strong> teve in\u00edcio em julho de 2004, com a proposta de realiza\u00e7\u00e3o do <a href=\"http:\/\/nossacasa.net\/nossosriachos\/biobahia\" rel=\"noopener\" target=\"_blank\">Projeto BioBahia<\/a>. Com objetivo de avaliar da ictiofauna dos sistemas h\u00eddricos poucos explorados do extremo sul da Bahia. Conhecer a diversidade de peixes de \u00e1gua doce na regi\u00e3o e investigar a hist\u00f3ria dos rios. Em 24 de julho de 2004 foi realizada uma expedi\u00e7\u00e3o de <a href=\"http:\/\/nossacasa.net\/nossosriachos\/biobahia\/reconhecimento\/\" rel=\"noopener\" target=\"_blank\">reconhecimento<\/a> da regi\u00e3o. A <a href=\"http:\/\/nossacasa.net\/nossosriachos\/biobahia\/coleta-em-22-10-2004\/\" rel=\"noopener\" target=\"_blank\">fase 1<\/a> deste projeto come\u00e7a com as coletas de Outubro de 2004 e e a <a href=\"http:\/\/nossacasa.net\/nossosriachos\/biobahia\/coleta-de-31-12-2006\/\" rel=\"noopener\" target=\"_blank\">fase 2<\/a> com as coletas de Dezembro de 2006.<\/p>\n<p>Em 2008 iniciamos a primeira fase do projeto <a href=\"http:\/\/nossacasa.net\/nossosriachos\/biodiverses\" rel=\"noopener\" target=\"_blank\">BIOdiversES<\/a>. Com objetivo de ampliar o conhecimento sobre os peixes de riacho do Esp\u00edrito Santo, definindo a distribui\u00e7\u00e3o geogr\u00e1fica e localizando \u00e1reas de endemismo das esp\u00e9cies. Nesta fase foram realizadas amostragens nas regi\u00f5es Centro-oeste e Sudoeste do ES e na regi\u00e3o serrana entre Lombardia e Fund\u00e3o em 2009. E Noroeste e Sudeste do ES em 2010.<br \/>\nA fase II iniciada em 2011 complementou as regi\u00f5es ainda com poucas amostragens recentes: C\u00f3rrego Valsugana e Rio do vale do Cana\u00e3 em 2011 e Bacia do rio Barra Seca em 2013.<\/p>\n<p>Em 2011 em parceria com a UFES foi iniciado o projeto <a href=\"http:\/\/nossacasa.net\/nossosriachos\/diversidades\/\" rel=\"noopener\" target=\"_blank\">DiversidadES<\/a> &#8220;Efetividade de Unidades de Conserva\u00e7\u00e3o no Estado do Esp\u00edrito Santo para a prote\u00e7\u00e3o da biodiversidade&#8221;. Apesar das dezenas de UCs criadas no ES, a maioria possui \u00e1reas pequenas ou est\u00e1 em categorias em que a prote\u00e7\u00e3o n\u00e3o \u00e9 muito eficaz, de maneira que poucas aparentemente podem proteger de maneira efetiva a biodiversidade. Em fun\u00e7\u00e3o disto, surge uma pergunta, para a qual ainda n\u00e3o temos uma boa resposta: os maiores e mais bem protegidos remanescentes de Mata Atl\u00e2ntica no ES s\u00e3o efetivos na prote\u00e7\u00e3o da biodiversidade? A busca desta resposta \u00e9 de grande import\u00e2ncia para a avalia\u00e7\u00e3o do nosso atual sistema de \u00e1reas protegidas e para a tomada de decis\u00f5es que ajudem na conserva\u00e7\u00e3o da diversidade biol\u00f3gica do Estado.Para responder, pelo menos em parte, a essa pergunta, foi apresentado um projeto que procurou diagnosticar a efetividade das principais UCs no ES, usando grupos faun\u00edsticos sens\u00edveis \u00e0s altera\u00e7\u00f5es ambientais ou \u00e0 fragmenta\u00e7\u00e3o florestal. Foi proposto a realiza\u00e7\u00e3o de um diagn\u00f3stico, com base em dados hist\u00f3ricos e atuais, da fauna de insetos aqu\u00e1ticos, peixes de riachos e mam\u00edferos de m\u00e9dio a grande porte em oito unidades de conserva\u00e7\u00e3o distribu\u00eddas de norte ao sul<br \/>\ndo Estado.<\/p>\n<p>Em 2014 inicia o \u201cDistribui\u00e7\u00e3o e Endemismo de Peixes de \u00c1gua Doce ao Sul da Mata Atl\u00e2ntica Nordeste\u201d como um caminho de sintetiza\u00e7\u00e3o e amplia\u00e7\u00e3o dos trabalhos realizados nos anos anteriores. Em 2015 esta proposta foi ampliada para toda Ecorregi\u00e3o Mata Atl\u00e2ntica Nordeste com o &#8220;PROJETO DISTRIBUI\u00c7\u00c3O E ENDEMISMO DE PEIXES NA ECORREGI\u00c3O MATA ATL\u00c2NTICA NORDESTE\u201d, que se estendeu at\u00e9 2017.<\/p>\n<p>Em 2018 em decorr\u00eancia desta vasta experi\u00eancia adquirida com mais de dez anos trabalhando com os peixinhos de riachos da Mata Atl\u00e2ntica e entendendo que a conserva\u00e7\u00e3o da esp\u00e9cies est\u00e1 intimamente ligada a conserva\u00e7\u00e3o dos habitat e que esta \u00e9 consequ\u00eancia da forma como o ser humano usa os espa\u00e7os para seu pr\u00f3prio bem estar,  o <strong>Instituto nossosriachos<\/strong> passa a direcionar suas a\u00e7\u00f5es para uma amplia\u00e7\u00e3o na constru\u00e7\u00e3o de parcerias com outros setores envolvidos com a quest\u00e3o da conserva\u00e7\u00e3o na Mata Atl\u00e2ntica.<\/p>\n","protected":false},"excerpt":{"rendered":"<p>O Instituto nossosriachos teve in\u00edcio em julho de 2004, com a proposta de realiza\u00e7\u00e3o do Projeto BioBahia. Com objetivo de avaliar da ictiofauna dos sistemas h\u00eddricos poucos explorados do extremo sul da Bahia. Conhecer a diversidade de peixes de \u00e1gua doce na regi\u00e3o e investigar a hist\u00f3ria dos rios. Em 24 de julho de 2004 &hellip; <\/p>\n<p class=\"link-more\"><a href=\"http:\/\/nossacasa.net\/nossosriachos\/\" class=\"more-link\">Continue lendo<span class=\"screen-reader-text\"> &#8220;Bem-vindos&#8221;<\/span><\/a><\/p>\n","protected":false},"author":1,"featured_media":0,"parent":0,"menu_order":0,"comment_status":"closed","ping_status":"closed","template":"","meta":{"footnotes":""},"class_list":["post-360","page","type-page","status-publish","hentry"],"_links":{"self":[{"href":"http:\/\/nossacasa.net\/nossosriachos\/wp-json\/wp\/v2\/pages\/360","targetHints":{"allow":["GET"]}}],"collection":[{"href":"http:\/\/nossacasa.net\/nossosriachos\/wp-json\/wp\/v2\/pages"}],"about":[{"href":"http:\/\/nossacasa.net\/nossosriachos\/wp-json\/wp\/v2\/types\/page"}],"author":[{"embeddable":true,"href":"http:\/\/nossacasa.net\/nossosriachos\/wp-json\/wp\/v2\/users\/1"}],"replies":[{"embeddable":true,"href":"http:\/\/nossacasa.net\/nossosriachos\/wp-json\/wp\/v2\/comments?post=360"}],"version-history":[{"count":21,"href":"http:\/\/nossacasa.net\/nossosriachos\/wp-json\/wp\/v2\/pages\/360\/revisions"}],"predecessor-version":[{"id":578,"href":"http:\/\/nossacasa.net\/nossosriachos\/wp-json\/wp\/v2\/pages\/360\/revisions\/578"}],"wp:attachment":[{"href":"http:\/\/nossacasa.net\/nossosriachos\/wp-json\/wp\/v2\/media?parent=360"}],"curies":[{"name":"wp","href":"https:\/\/api.w.org\/{rel}","templated":true}]}}