{"id":39,"date":"2017-07-21T19:04:24","date_gmt":"2017-07-21T22:04:24","guid":{"rendered":"http:\/\/www.nossacasa.net\/nossosriachos\/?page_id=39"},"modified":"2018-08-17T17:51:43","modified_gmt":"2018-08-17T20:51:43","slug":"equipe","status":"publish","type":"page","link":"http:\/\/nossacasa.net\/nossosriachos\/equipe\/","title":{"rendered":"Equipe (Participantes das A\u00e7\u00f5es)"},"content":{"rendered":"<div style=\"text-align: justify;\">\n<img loading=\"lazy\" decoding=\"async\" class=\"alignleft size-full wp-image-94\" src=\"http:\/\/www.nossacasa.net\/nossosriachos\/wp-content\/uploads\/2017\/07\/luisa.jpg\" alt=\"\" width=\"160\" height=\"150\"><b>Luisa Maria Sarmento-Soares<\/b><br \/>\nCoordenadora do Projeto e Pesquisadora no Instituto Nacional da Mata Atl\u00e2ntica<br \/>\n<a href=\"http:\/\/lattes.cnpq.br\/5100696102233268 \" target=\"_blank\" rel=\"noopener\">Curr\u00edculo<\/a><\/p>\n<p><img loading=\"lazy\" decoding=\"async\" class=\"alignleft size-full wp-image-95\" src=\"http:\/\/www.nossacasa.net\/nossosriachos\/wp-content\/uploads\/2017\/07\/ronaldo.jpg\" alt=\"\" width=\"160\" height=\"150\"><b>Ronaldo Fernando Martins-Pinheiro<\/b><br \/>\nPesquisador no Instituto Nacional da Mata Atl\u00e2ntica<br \/>\n<a href=\"http:\/\/lattes.cnpq.br\/1806784858173521\" target=\"_blank\" rel=\"noopener\">Curr\u00edculo<\/a><\/p>\n<p><img loading=\"lazy\" decoding=\"async\" src=\"http:\/\/www.nossacasa.net\/nossosriachos\/wp-content\/uploads\/2017\/07\/arion.jpg\" alt=\"\" width=\"160\" height=\"150\" class=\"alignleft size-full wp-image-96\" \/><b>Arion Tulio Aranda<\/b><br \/>\nBi\u00f3logo, Gestor de Cole\u00e7\u00f5es Cient\u00edficas no Instituto Oswaldo Cruz- IOC\/Fiocruz<br \/>\n<a href=\"http:\/\/lattes.cnpq.br\/2641393658108330\" target=\"_blank\" rel=\"noopener\">Curr\u00edculo<\/a><\/p>\n<p><img loading=\"lazy\" decoding=\"async\" src=\"http:\/\/www.nossacasa.net\/nossosriachos\/wp-content\/uploads\/2017\/07\/carine.jpg\" alt=\"\" width=\"160\" height=\"150\" class=\"alignleft size-full wp-image-97\" \/><b>Carine Cavalcante Chamon<\/b><br \/>\nPesquisadora na USP &#8211; Museu de Zoologia<br \/>\n<a href=\"http:\/\/lattes.cnpq.br\/6917927460947313\" target=\"_blank\" rel=\"noopener\">Curr\u00edculo<\/a><\/p>\n<p><img loading=\"lazy\" decoding=\"async\" src=\"http:\/\/www.nossacasa.net\/nossosriachos\/wp-content\/uploads\/2017\/07\/rosana.jpg\" alt=\"\" width=\"160\" height=\"150\" class=\"alignleft size-full wp-image-99\" \/><b>Rosana Mazzoni Buchas<\/b><br \/>\nBolsista de Produtividade em Pesquisa do CNPqEcologia\/UERJ<br \/>\n<a href=\"http:\/\/lattes.cnpq.br\/4973806715016726\" target=\"_blank\" rel=\"noopener\">Curr\u00edculo<\/a><\/p>\n<p><img loading=\"lazy\" decoding=\"async\" src=\"http:\/\/www.nossacasa.net\/nossosriachos\/wp-content\/uploads\/2017\/07\/rogerio.jpg\" alt=\"\" width=\"160\" height=\"150\" class=\"alignleft size-full wp-image-100\" \/><b>Rog\u00e9rio Luiz Teixeira<\/b><br \/>\nPesquisador no Museu de Biologia Prof. Mello Leit\u00e3o<br \/>\n<a href=\"http:\/\/lattes.cnpq.br\/6005367862494901 \" target=\"_blank\" rel=\"noopener\">Curr\u00edculo<\/a><\/p>\n<p><img loading=\"lazy\" decoding=\"async\" src=\"http:\/\/www.nossacasa.net\/nossosriachos\/wp-content\/uploads\/2017\/07\/marcelo.jpg\" alt=\"\" width=\"160\" height=\"150\" class=\"alignleft size-full wp-image-101\" \/><b>Marcelo Ribeiro de Britto<\/b><br \/>\nPesquisador no Museu Nacional\/UFRJ<br \/>\n<a href=\"http:\/\/lattes.cnpq.br\/1404779120165713\" target=\"_blank\" rel=\"noopener\">Curr\u00edculo<\/a><\/p>\n<p><img loading=\"lazy\" decoding=\"async\" src=\"http:\/\/www.nossacasa.net\/nossosriachos\/wp-content\/uploads\/2017\/07\/fabio.jpg\" alt=\"\" width=\"160\" height=\"150\" class=\"alignleft size-full wp-image-102\" \/><b>Fabio Muller dos Reis de Salles Pupo<\/b><br \/>\nMestrando no Museu Nacional\/UFRJ<br \/>\n<a href=\"http:\/\/lattes.cnpq.br\/6941764613871579\" target=\"_blank\" rel=\"noopener\">Curr\u00edculo<\/a><\/p>\n<p><img loading=\"lazy\" decoding=\"async\" src=\"http:\/\/www.nossacasa.net\/nossosriachos\/wp-content\/uploads\/2017\/07\/margareth.jpg\" alt=\"\" width=\"160\" height=\"150\" class=\"alignleft size-full wp-image-103\" \/><b>Maria Margareth Cancian Roldi<\/b><br \/>\nEstagi\u00e1ria no Museu de Biologia Prof. Mello Leit\u00e3o<br \/>\n<a href=\"http:\/\/lattes.cnpq.br\/9341478562203578\" target=\"_blank\" rel=\"noopener\">Curr\u00edculo<\/a><\/p>\n<p><img loading=\"lazy\" decoding=\"async\" src=\"http:\/\/www.nossacasa.net\/nossosriachos\/wp-content\/uploads\/2017\/07\/mari.jpg\" alt=\"\" width=\"160\" height=\"150\" class=\"alignleft size-full wp-image-104\" \/><b>Maridiesse Morais Lopes<\/b><br \/>\nEstagi\u00e1ria no Museu de Biologia Prof. Mello Leit\u00e3o<br \/>\n<a href=\"http:\/\/lattes.cnpq.br\/9549262376137774\" target=\"_blank\" rel=\"noopener\">Curr\u00edculo<\/a><\/p>\n<p><img loading=\"lazy\" decoding=\"async\" src=\"http:\/\/www.nossacasa.net\/nossosriachos\/wp-content\/uploads\/2017\/07\/mikael.jpg\" alt=\"\" width=\"160\" height=\"150\" class=\"alignleft size-full wp-image-105\" \/><b>Mikael Mansur Martinelli<\/b><br \/>\nBi\u00f3logo no Museu de Biologia Prof. Mello Leit\u00e3o<br \/>\n<a href=\"http:\/\/lattes.cnpq.br\/0605249527890186\" target=\"_blank\" rel=\"noopener\">Curr\u00edculo<\/a><\/p>\n<p><img loading=\"lazy\" decoding=\"async\" src=\"http:\/\/www.nossacasa.net\/nossosriachos\/wp-content\/uploads\/2017\/07\/raphael.jpg\" alt=\"\" width=\"160\" height=\"150\" class=\"alignleft size-full wp-image-107\" \/><b>Raphael Becalli Soares<\/b><br \/>\nEstagi\u00e1rio no Museu de Biologia Prof. Mello Leit\u00e3o<br \/>\n<a href=\"http:\/\/lattes.cnpq.br\/3657362398491185\" target=\"_blank\" rel=\"noopener\">Curr\u00edculo<\/a><\/p>\n<p><img loading=\"lazy\" decoding=\"async\" src=\"http:\/\/www.nossacasa.net\/nossosriachos\/wp-content\/uploads\/2017\/07\/dani.jpg\" alt=\"\" width=\"160\" height=\"150\" class=\"alignleft size-full wp-image-108\" \/><b>Daniele Nascimento Oliveira<\/b><br \/>\nEstagi\u00e1ria no Museu de Biologia Prof. Mello Leit\u00e3o<br \/>\n<a href=\"http:\/\/lattes.cnpq.br\/6793039367392614\" target=\"_blank\" rel=\"noopener\">Curr\u00edculo<\/a><\/p>\n<p><img loading=\"lazy\" decoding=\"async\" src=\"http:\/\/www.nossacasa.net\/nossosriachos\/wp-content\/uploads\/2017\/07\/diones.jpg\" alt=\"\" width=\"160\" height=\"150\" class=\"alignleft size-full wp-image-109\" \/><b>Diones Mendon\u00e7a L\u00fcttig<\/b><br \/>\nEstagi\u00e1rio no Museu de Biologia Prof. Mello Leit\u00e3o<br \/>\n<a href=\"http:\/\/lattes.cnpq.br\/0920615673394254\" target=\"_blank\" rel=\"noopener\">Curr\u00edculo<\/a><\/p>\n<p><img loading=\"lazy\" decoding=\"async\" src=\"http:\/\/www.nossacasa.net\/nossosriachos\/wp-content\/uploads\/2017\/07\/valeria.jpg\" alt=\"\" width=\"100\" height=\"94\" class=\"alignleft size-full wp-image-110\" \/><b>Val\u00e9ria Reis Bada<\/b><br \/>\nEstagi\u00e1ria no Museu de Biologia Prof. Mello Leit\u00e3o<br \/>\n<a href=\"http:\/\/lattes.cnpq.br\/8834132688082193\" target=\"_blank\" rel=\"noopener\">Curr\u00edculo<\/a><\/p>\n<p><img loading=\"lazy\" decoding=\"async\" src=\"http:\/\/www.nossacasa.net\/nossosriachos\/wp-content\/uploads\/2017\/07\/jackson.jpg\" alt=\"\" width=\"100\" height=\"94\" class=\"alignleft size-full wp-image-111\" \/><b>Jackson Gurtler<\/b><br \/>\nEstagi\u00e1rio no Museu de Biologia Prof. Mello Leit\u00e3o<br \/>\n<a href=\"http:\/\/lattes.cnpq.br\/7269508188188508\" target=\"_blank\" rel=\"noopener\">Curr\u00edculo<\/a><\/p>\n<p><img loading=\"lazy\" decoding=\"async\" src=\"http:\/\/www.nossacasa.net\/nossosriachos\/wp-content\/uploads\/2017\/07\/cristina.jpg\" alt=\"\" width=\"100\" height=\"94\" class=\"alignleft size-full wp-image-112\" \/><b>Cristina Jaques<\/b><br \/>\nEstagi\u00e1ria no Museu de Biologia Prof. Mello Leit\u00e3o<br \/>\n<a href=\"http:\/\/\" target=\"_blank\" rel=\"noopener\">Curr\u00edculo<\/a>\n<\/div>\n","protected":false},"excerpt":{"rendered":"<p>Luisa Maria Sarmento-Soares Coordenadora do Projeto e Pesquisadora no Instituto Nacional da Mata Atl\u00e2ntica Curr\u00edculo Ronaldo Fernando Martins-Pinheiro Pesquisador no Instituto Nacional da Mata Atl\u00e2ntica Curr\u00edculo Arion Tulio Aranda Bi\u00f3logo, Gestor de Cole\u00e7\u00f5es Cient\u00edficas no Instituto Oswaldo Cruz- IOC\/Fiocruz Curr\u00edculo Carine Cavalcante Chamon Pesquisadora na USP &#8211; Museu de Zoologia Curr\u00edculo Rosana Mazzoni Buchas Bolsista &hellip; <\/p>\n<p class=\"link-more\"><a href=\"http:\/\/nossacasa.net\/nossosriachos\/equipe\/\" class=\"more-link\">Continue lendo<span class=\"screen-reader-text\"> &#8220;Equipe (Participantes das A\u00e7\u00f5es)&#8221;<\/span><\/a><\/p>\n","protected":false},"author":1,"featured_media":124,"parent":0,"menu_order":0,"comment_status":"closed","ping_status":"closed","template":"","meta":{"footnotes":""},"class_list":["post-39","page","type-page","status-publish","has-post-thumbnail","hentry"],"_links":{"self":[{"href":"http:\/\/nossacasa.net\/nossosriachos\/wp-json\/wp\/v2\/pages\/39","targetHints":{"allow":["GET"]}}],"collection":[{"href":"http:\/\/nossacasa.net\/nossosriachos\/wp-json\/wp\/v2\/pages"}],"about":[{"href":"http:\/\/nossacasa.net\/nossosriachos\/wp-json\/wp\/v2\/types\/page"}],"author":[{"embeddable":true,"href":"http:\/\/nossacasa.net\/nossosriachos\/wp-json\/wp\/v2\/users\/1"}],"replies":[{"embeddable":true,"href":"http:\/\/nossacasa.net\/nossosriachos\/wp-json\/wp\/v2\/comments?post=39"}],"version-history":[{"count":19,"href":"http:\/\/nossacasa.net\/nossosriachos\/wp-json\/wp\/v2\/pages\/39\/revisions"}],"predecessor-version":[{"id":454,"href":"http:\/\/nossacasa.net\/nossosriachos\/wp-json\/wp\/v2\/pages\/39\/revisions\/454"}],"wp:featuredmedia":[{"embeddable":true,"href":"http:\/\/nossacasa.net\/nossosriachos\/wp-json\/wp\/v2\/media\/124"}],"wp:attachment":[{"href":"http:\/\/nossacasa.net\/nossosriachos\/wp-json\/wp\/v2\/media?parent=39"}],"curies":[{"name":"wp","href":"https:\/\/api.w.org\/{rel}","templated":true}]}}