{"id":536,"date":"2018-08-28T16:19:19","date_gmt":"2018-08-28T19:19:19","guid":{"rendered":"http:\/\/nossacasa.net\/nossosriachos\/?page_id=536"},"modified":"2018-08-29T12:14:17","modified_gmt":"2018-08-29T15:14:17","slug":"conservacao-acoes","status":"publish","type":"page","link":"http:\/\/nossacasa.net\/nossosriachos\/conservacao-acoes\/","title":{"rendered":"Conserva\u00e7\u00e3o"},"content":{"rendered":"<p><a href=\"http:\/\/nossacasa.net\/nossosriachos\/pan-pema\/\" target=\"_blank\" rel=\"noopener\"><span style=\"font-size: large;\"><b>PAN PEMA<\/b><\/span><\/a><br \/>\nParticipa\u00e7\u00e3o do <strong>Instituto nossosriachos<\/strong> no Plano de A\u00e7\u00e3o Nacional para a Conserva\u00e7\u00e3o das Esp\u00e9cies de Peixes e Eglas Amea\u00e7adas de Extin\u00e7\u00e3o da Mata Atl\u00e2ntica \u2013 <strong>PAN PEMA<\/strong> coordenado pelo CEPTA-ICMBio, visando cinco esp\u00e9cies da lista de amea\u00e7adas: <em><strong>Trichogenes claviger<\/strong><\/em>, <em><strong>Rachoviscus graciliceps<\/strong><\/em>, <em><strong>Mimagoniates sylvicola<\/strong><\/em>, <em><strong>Acentronicthys leptos<\/strong><\/em> e <em><strong>Ituglanis cayensis<\/strong><\/em>. Com atua\u00e7\u00e3o em tr\u00eas \u00e1reas regionais: regi\u00e3o da sub-bacia do c\u00f3rrego Picada Comprida no munic\u00edpio de Castelo (ES); regi\u00e3o da REBIO C\u00f3rrego Grande no munic\u00edpio de Concei\u00e7\u00e3o da Barra (ES) e regi\u00e3o de Cumuruxatiba munic\u00edpio de Prado(BA).<\/p>\n","protected":false},"excerpt":{"rendered":"<p>PAN PEMA Participa\u00e7\u00e3o do Instituto nossosriachos no Plano de A\u00e7\u00e3o Nacional para a Conserva\u00e7\u00e3o das Esp\u00e9cies de Peixes e Eglas Amea\u00e7adas de Extin\u00e7\u00e3o da Mata Atl\u00e2ntica \u2013 PAN PEMA coordenado pelo CEPTA-ICMBio, visando cinco esp\u00e9cies da lista de amea\u00e7adas: Trichogenes claviger, Rachoviscus graciliceps, Mimagoniates sylvicola, Acentronicthys leptos e Ituglanis cayensis. Com atua\u00e7\u00e3o em tr\u00eas \u00e1reas &hellip; <\/p>\n<p class=\"link-more\"><a href=\"http:\/\/nossacasa.net\/nossosriachos\/conservacao-acoes\/\" class=\"more-link\">Continue lendo<span class=\"screen-reader-text\"> &#8220;Conserva\u00e7\u00e3o&#8221;<\/span><\/a><\/p>\n","protected":false},"author":1,"featured_media":539,"parent":0,"menu_order":0,"comment_status":"closed","ping_status":"closed","template":"","meta":{"footnotes":""},"class_list":["post-536","page","type-page","status-publish","has-post-thumbnail","hentry"],"_links":{"self":[{"href":"http:\/\/nossacasa.net\/nossosriachos\/wp-json\/wp\/v2\/pages\/536","targetHints":{"allow":["GET"]}}],"collection":[{"href":"http:\/\/nossacasa.net\/nossosriachos\/wp-json\/wp\/v2\/pages"}],"about":[{"href":"http:\/\/nossacasa.net\/nossosriachos\/wp-json\/wp\/v2\/types\/page"}],"author":[{"embeddable":true,"href":"http:\/\/nossacasa.net\/nossosriachos\/wp-json\/wp\/v2\/users\/1"}],"replies":[{"embeddable":true,"href":"http:\/\/nossacasa.net\/nossosriachos\/wp-json\/wp\/v2\/comments?post=536"}],"version-history":[{"count":3,"href":"http:\/\/nossacasa.net\/nossosriachos\/wp-json\/wp\/v2\/pages\/536\/revisions"}],"predecessor-version":[{"id":561,"href":"http:\/\/nossacasa.net\/nossosriachos\/wp-json\/wp\/v2\/pages\/536\/revisions\/561"}],"wp:featuredmedia":[{"embeddable":true,"href":"http:\/\/nossacasa.net\/nossosriachos\/wp-json\/wp\/v2\/media\/539"}],"wp:attachment":[{"href":"http:\/\/nossacasa.net\/nossosriachos\/wp-json\/wp\/v2\/media?parent=536"}],"curies":[{"name":"wp","href":"https:\/\/api.w.org\/{rel}","templated":true}]}}