{"id":542,"date":"2018-08-29T12:02:07","date_gmt":"2018-08-29T15:02:07","guid":{"rendered":"http:\/\/nossacasa.net\/nossosriachos\/?page_id=542"},"modified":"2018-10-05T10:43:58","modified_gmt":"2018-10-05T13:43:58","slug":"projetos-de-pesquisas-acoes","status":"publish","type":"page","link":"http:\/\/nossacasa.net\/nossosriachos\/projetos-de-pesquisas-acoes\/","title":{"rendered":"Projetos de Pesquisas"},"content":{"rendered":"<p><a href=\"http:\/\/nossacasa.net\/nossosriachos\/biobahia\" target=\"_blank\" rel=\"noopener\"><span style=\"font-size: large;\"><b>BioBahia<\/b><\/span><\/a><br \/>\nUma avalia\u00e7\u00e3o da ictiofauna dos sistemas h\u00eddricos poucos explorados do extremo sul da Bahia visando conhecer a diversidade de peixes de \u00e1gua doce na regi\u00e3o e investigar a hist\u00f3ria dos rios, sob a \u00f3tica da biogeografia.<a href=\"http:\/\/nossacasa.net\/nossosriachos\/biodiverses\" target=\"_blank\" rel=\"noopener\"><span style=\"font-size: large;\"><\/p>\n<p><b><a href=\"http:\/\/nossacasa.net\/nossosriachos\/biodiverses\" rel=\"noopener\" target=\"_blank\">BIOdiversES<\/a><\/b><\/span><\/a><br \/>\nAmplia\u00e7\u00e3o do conhecimento sobre os peixes de riacho do Esp\u00edrito Santo, definindo a distribui\u00e7\u00e3o geogr\u00e1fica e localizando \u00e1reas de endemismo das esp\u00e9cies.<\/p>\n<p><span style=\"font-size: large;\"><b><a href=\"http:\/\/nossacasa.net\/nossosriachos\/diversidades\/\" rel=\"noopener\" target=\"_blank\">DiversidadES<\/a><\/b><\/span><br \/>\nProjetos de avalia\u00e7\u00e3o da efetividade de Unidades de Conserva\u00e7\u00e3o no Estado do Esp\u00edrito Santo para a prote\u00e7\u00e3o da biodiversidade, sob a \u00f3tica de peixes de \u00e1gua doce, insetos aqu\u00e1ticos e mam\u00edferos de pequeno e m\u00e9dio porte.<\/p>\n","protected":false},"excerpt":{"rendered":"<p>BioBahia Uma avalia\u00e7\u00e3o da ictiofauna dos sistemas h\u00eddricos poucos explorados do extremo sul da Bahia visando conhecer a diversidade de peixes de \u00e1gua doce na regi\u00e3o e investigar a hist\u00f3ria dos rios, sob a \u00f3tica da biogeografia. BIOdiversES Amplia\u00e7\u00e3o do conhecimento sobre os peixes de riacho do Esp\u00edrito Santo, definindo a distribui\u00e7\u00e3o geogr\u00e1fica e localizando &hellip; <\/p>\n<p class=\"link-more\"><a href=\"http:\/\/nossacasa.net\/nossosriachos\/projetos-de-pesquisas-acoes\/\" class=\"more-link\">Continue lendo<span class=\"screen-reader-text\"> &#8220;Projetos de Pesquisas&#8221;<\/span><\/a><\/p>\n","protected":false},"author":1,"featured_media":539,"parent":0,"menu_order":0,"comment_status":"closed","ping_status":"closed","template":"","meta":{"footnotes":""},"class_list":["post-542","page","type-page","status-publish","has-post-thumbnail","hentry"],"_links":{"self":[{"href":"http:\/\/nossacasa.net\/nossosriachos\/wp-json\/wp\/v2\/pages\/542","targetHints":{"allow":["GET"]}}],"collection":[{"href":"http:\/\/nossacasa.net\/nossosriachos\/wp-json\/wp\/v2\/pages"}],"about":[{"href":"http:\/\/nossacasa.net\/nossosriachos\/wp-json\/wp\/v2\/types\/page"}],"author":[{"embeddable":true,"href":"http:\/\/nossacasa.net\/nossosriachos\/wp-json\/wp\/v2\/users\/1"}],"replies":[{"embeddable":true,"href":"http:\/\/nossacasa.net\/nossosriachos\/wp-json\/wp\/v2\/comments?post=542"}],"version-history":[{"count":6,"href":"http:\/\/nossacasa.net\/nossosriachos\/wp-json\/wp\/v2\/pages\/542\/revisions"}],"predecessor-version":[{"id":568,"href":"http:\/\/nossacasa.net\/nossosriachos\/wp-json\/wp\/v2\/pages\/542\/revisions\/568"}],"wp:featuredmedia":[{"embeddable":true,"href":"http:\/\/nossacasa.net\/nossosriachos\/wp-json\/wp\/v2\/media\/539"}],"wp:attachment":[{"href":"http:\/\/nossacasa.net\/nossosriachos\/wp-json\/wp\/v2\/media?parent=542"}],"curies":[{"name":"wp","href":"https:\/\/api.w.org\/{rel}","templated":true}]}}