{"id":549,"date":"2018-08-29T12:08:32","date_gmt":"2018-08-29T15:08:32","guid":{"rendered":"http:\/\/nossacasa.net\/nossosriachos\/?page_id=549"},"modified":"2018-08-29T12:10:10","modified_gmt":"2018-08-29T15:10:10","slug":"difusao-cientifica-acoes","status":"publish","type":"page","link":"http:\/\/nossacasa.net\/nossosriachos\/difusao-cientifica-acoes\/","title":{"rendered":"Difus\u00e3o cient\u00edfica"},"content":{"rendered":"<p><a href=\"http:\/\/nossacasa.net\/nossosriachos\/bioconhecer\" target=\"_blank\" rel=\"noopener\"><span style=\"font-size: large;\"><b>BIOconher<\/b><\/span><\/a><br \/>\nProjetos voltados para a difus\u00e3o cient\u00edfica entre a popula\u00e7\u00e3o, principalmente estudantes de ensino m\u00e9dio e b\u00e1sico.<\/p>\n","protected":false},"excerpt":{"rendered":"<p>BIOconher Projetos voltados para a difus\u00e3o cient\u00edfica entre a popula\u00e7\u00e3o, principalmente estudantes de ensino m\u00e9dio e b\u00e1sico.<\/p>\n","protected":false},"author":1,"featured_media":539,"parent":0,"menu_order":0,"comment_status":"closed","ping_status":"closed","template":"","meta":{"footnotes":""},"class_list":["post-549","page","type-page","status-publish","has-post-thumbnail","hentry"],"_links":{"self":[{"href":"http:\/\/nossacasa.net\/nossosriachos\/wp-json\/wp\/v2\/pages\/549","targetHints":{"allow":["GET"]}}],"collection":[{"href":"http:\/\/nossacasa.net\/nossosriachos\/wp-json\/wp\/v2\/pages"}],"about":[{"href":"http:\/\/nossacasa.net\/nossosriachos\/wp-json\/wp\/v2\/types\/page"}],"author":[{"embeddable":true,"href":"http:\/\/nossacasa.net\/nossosriachos\/wp-json\/wp\/v2\/users\/1"}],"replies":[{"embeddable":true,"href":"http:\/\/nossacasa.net\/nossosriachos\/wp-json\/wp\/v2\/comments?post=549"}],"version-history":[{"count":4,"href":"http:\/\/nossacasa.net\/nossosriachos\/wp-json\/wp\/v2\/pages\/549\/revisions"}],"predecessor-version":[{"id":553,"href":"http:\/\/nossacasa.net\/nossosriachos\/wp-json\/wp\/v2\/pages\/549\/revisions\/553"}],"wp:featuredmedia":[{"embeddable":true,"href":"http:\/\/nossacasa.net\/nossosriachos\/wp-json\/wp\/v2\/media\/539"}],"wp:attachment":[{"href":"http:\/\/nossacasa.net\/nossosriachos\/wp-json\/wp\/v2\/media?parent=549"}],"curies":[{"name":"wp","href":"https:\/\/api.w.org\/{rel}","templated":true}]}}