{"id":554,"date":"2018-08-29T12:11:10","date_gmt":"2018-08-29T15:11:10","guid":{"rendered":"http:\/\/nossacasa.net\/nossosriachos\/?page_id=554"},"modified":"2020-03-08T16:07:31","modified_gmt":"2020-03-08T19:07:31","slug":"ensino-acoes","status":"publish","type":"page","link":"http:\/\/nossacasa.net\/nossosriachos\/ensino-acoes\/","title":{"rendered":"Ensino"},"content":{"rendered":"<p><a href=\"http:\/\/nossacasa.net\/nossosriachos\/pos\" target=\"_blank\" rel=\"noopener noreferrer\"><span style=\"font-size: large;\"><b>P\u00f3s Gradua\u00e7\u00e3o<\/b><\/span><\/a><br \/>\nPPGEcolEvol -Programa de P\u00f3s-Gradua\u00e7\u00e3o em Ecologia e Evolu\u00e7\u00e3o da Universidade Estadual de Feira de Santana.<br \/>\nPPGBAN &#8211; Programa de P\u00f3s-Gradua\u00e7\u00e3o em Ci\u00eancias Biol\u00f3gicas do Departamento de Ci\u00eancias Biol\u00f3gicas do Centro de Ci\u00eancias Humanas e Naturais da Universidade Federal do Esp\u00edrito Santo.<\/p>\n<hr \/>\n<hr \/>\n<p><strong>Orienta\u00e7\u00e3o de Doutorado<\/strong><\/p>\n<hr \/>\n<p><strong>Maridiesse Morais Lopes<\/strong><br \/>\n<a href=\"http:\/\/www.nossacasa.net\/pdf\/Lopes_2020.pdf\" rel=\"noopener noreferrer\" target=\"_blank\">Revis\u00e3o taxon\u00f4mica do g\u00eanero Imparfinis sensu stricto (Siluriformes: Heptapteridae)<\/a><br \/>\nTese submetida ao Programa de P\u00f3s-Gradua\u00e7\u00e3o em Ci\u00eancias Biol\u00f3gicas (Biologia Animal) da Universidade Federal do Esp\u00edrito Santo como requisito parcial para a obten\u00e7\u00e3o do grau de Doutora em Biologia Animal<\/p>\n<hr \/>\n<p>Orientadora: Dra. Luisa Maria Sarmento Soares Filho<br \/>\nCoorientador: Dr. Luiz Fernando Duboc da Silva<\/p>\n<hr \/>\n<p><strong>Orienta\u00e7\u00e3o de Mestrado<\/strong><\/p>\n<hr \/>\n<p><strong>Felipe Vieira Guimar\u00e3es<\/strong><br \/>\n<a href=\"http:\/\/www.nossacasa.net\/pdf\/Guimar%C3%A3es_2020.pdf\" rel=\"noopener noreferrer\" target=\"_blank\">Ictiofauna da REBIO C\u00f3rrego Grande e seus entornos: Comunidades e conserva\u00e7\u00e3o dos ambientes aqu\u00e1ticos<\/a><br \/>\nDisserta\u00e7\u00e3o submetida ao Programa de P\u00f3s-Gradua\u00e7\u00e3o em Ci\u00eancias Biol\u00f3gicas (Biologia Animal) da Universidade Federal do Esp\u00edrito Santo como requisito parcial para a obten\u00e7\u00e3o do grau de Mestre em Biologia Animal<\/p>\n<hr \/>\n<p>Orientadora: Dra. Luisa Maria Sarmento Soares Filho<br \/>\nCoorientador: Dr. Luiz Fernando Duboc da Silva<\/p>\n<hr \/>\n<p><strong>Marcella Bueno Ribeiro<\/strong><\/p>\n<hr \/>\n<p><a href=\"http:\/\/www.nossacasa.net\/pdf\/Ribeiro_2020.pdf\" rel=\"noopener noreferrer\" target=\"_blank\">Assembleias e Padr\u00f5es Alimentares dos Peixes da Reserva Biol\u00f3gica do C\u00f3rrego Grande, Concei\u00e7\u00e3o da Barra, Esp\u00edrito Santo, Brasil<\/a><br \/>\nDisserta\u00e7\u00e3o submetida ao Programa de P\u00f3s-Gradua\u00e7\u00e3o em Ci\u00eancias Biol\u00f3gicas (Biologia Animal) da Universidade Federal<br \/>\ndo Esp\u00edrito Santo como requisito parcial para obten\u00e7\u00e3o do grau de Mestre em Biologia Animal.<\/p>\n<hr \/>\n<p>Orientadora: Dra. Luisa Maria Sarmento Soares Filho<\/p>\n<hr \/>\n<p><strong>Maridiesse Morais Lopes<\/strong><br \/>\n<a href=\"http:\/\/www.nossacasa.net\/pdf\/Lopes_2015.pdf\" rel=\"noopener noreferrer\" target=\"_blank\">Redescri\u00e7\u00e3o, osteologia craniana e limites de distribui\u00e7\u00e3o geogr\u00e1fica de <em>Characidium<\/em> timbuiense Travassos, 1946 (Characiformes: Crenuchidae), com descri\u00e7\u00e3o de tr\u00eas esp\u00e9cies novas.<\/a><br \/>\nDisserta\u00e7\u00e3o submetida ao Programa de P\u00f3s-Gradua\u00e7\u00e3o em Ci\u00eancias Biol\u00f3gicas (Biologia Animal) da Universidade Federal do Esp\u00edrito Santo como requisito parcial para a obten\u00e7\u00e3o do grau de Mestre em Biologia Animal.<\/p>\n<hr \/>\n<p>Orientadora: Dra. Luisa Maria Sarmento Soares Filho<\/p>\n<hr \/>\n","protected":false},"excerpt":{"rendered":"<p>P\u00f3s Gradua\u00e7\u00e3o PPGEcolEvol -Programa de P\u00f3s-Gradua\u00e7\u00e3o em Ecologia e Evolu\u00e7\u00e3o da Universidade Estadual de Feira de Santana. PPGBAN &#8211; Programa de P\u00f3s-Gradua\u00e7\u00e3o em Ci\u00eancias Biol\u00f3gicas do Departamento de Ci\u00eancias Biol\u00f3gicas do Centro de Ci\u00eancias Humanas e Naturais da Universidade Federal do Esp\u00edrito Santo. Orienta\u00e7\u00e3o de Doutorado Maridiesse Morais Lopes Revis\u00e3o taxon\u00f4mica do g\u00eanero Imparfinis sensu &hellip; <\/p>\n<p class=\"link-more\"><a href=\"http:\/\/nossacasa.net\/nossosriachos\/ensino-acoes\/\" class=\"more-link\">Continue lendo<span class=\"screen-reader-text\"> &#8220;Ensino&#8221;<\/span><\/a><\/p>\n","protected":false},"author":1,"featured_media":539,"parent":0,"menu_order":0,"comment_status":"closed","ping_status":"closed","template":"","meta":{"footnotes":""},"class_list":["post-554","page","type-page","status-publish","has-post-thumbnail","hentry"],"_links":{"self":[{"href":"http:\/\/nossacasa.net\/nossosriachos\/wp-json\/wp\/v2\/pages\/554","targetHints":{"allow":["GET"]}}],"collection":[{"href":"http:\/\/nossacasa.net\/nossosriachos\/wp-json\/wp\/v2\/pages"}],"about":[{"href":"http:\/\/nossacasa.net\/nossosriachos\/wp-json\/wp\/v2\/types\/page"}],"author":[{"embeddable":true,"href":"http:\/\/nossacasa.net\/nossosriachos\/wp-json\/wp\/v2\/users\/1"}],"replies":[{"embeddable":true,"href":"http:\/\/nossacasa.net\/nossosriachos\/wp-json\/wp\/v2\/comments?post=554"}],"version-history":[{"count":8,"href":"http:\/\/nossacasa.net\/nossosriachos\/wp-json\/wp\/v2\/pages\/554\/revisions"}],"predecessor-version":[{"id":693,"href":"http:\/\/nossacasa.net\/nossosriachos\/wp-json\/wp\/v2\/pages\/554\/revisions\/693"}],"wp:featuredmedia":[{"embeddable":true,"href":"http:\/\/nossacasa.net\/nossosriachos\/wp-json\/wp\/v2\/media\/539"}],"wp:attachment":[{"href":"http:\/\/nossacasa.net\/nossosriachos\/wp-json\/wp\/v2\/media?parent=554"}],"curies":[{"name":"wp","href":"https:\/\/api.w.org\/{rel}","templated":true}]}}