{"id":602,"date":"2019-02-11T10:12:45","date_gmt":"2019-02-11T12:12:45","guid":{"rendered":"http:\/\/nossacasa.net\/nossosriachos\/?page_id=602"},"modified":"2020-02-18T14:53:45","modified_gmt":"2020-02-18T17:53:45","slug":"projetos-e-relatorios","status":"publish","type":"page","link":"http:\/\/nossacasa.net\/nossosriachos\/projetos-e-relatorios\/","title":{"rendered":"Projetos e Relat\u00f3rios"},"content":{"rendered":"<div style=\"text-align: justify;\">\n22.\u00a0&#8220;<strong>Manejo e monitoramento dos recursos h\u00eddricos nas unidades de conserva\u00e7\u00e3o federais e seus entorno, no extremo norte do Esp\u00edrito Santo.<\/strong> &#8211; Proposta apresentada para Edital da Funda\u00e7\u00e3o Botic\u00e1rio em 2019. (<a href=\"http:\/\/www.nossacasa.net\/nossosriachos\/doc\/Boticario_2019.pdf\">pdf)<\/a><\/p>\n<p>21.\u00a0&#8220;<strong>Distribui\u00e7\u00e3o e endemismo de peixes na ecorregi\u00e3o Mata Atl\u00e2ntica Nordeste &#8211; Conserva\u00e7\u00e3o da \u00e1gua doce&#8221; 2017-2018<\/strong> &#8211; apresentado como proposta para continua\u00e7\u00e3o de bolsa PCI-DA &#8211; Sarmento-Soares L.M. Apresentado em 12 de junho de 2018. (<a href=\"http:\/\/www.nossacasa.net\/nossosriachos\/doc\/PCI-DA-2018_Proposta.pdf\">pdf)<\/a><\/p>\n<p>20.\u00a0&#8220;<strong>Distribui\u00e7\u00e3o e endemismo de peixes na ecorregi\u00e3o Mata Atl\u00e2ntica Nordeste &#8211; Conserva\u00e7\u00e3o da \u00e1gua doce&#8221; 2017-2018<\/strong> &#8211; Relat\u00f3rio relativo a bolsa PCI-DA &#8211; Sarmento-Soares L.M. Apresentado em 20 de fevereiro de 2018. (<a href=\"http:\/\/www.nossacasa.net\/nossosriachos\/doc\/PCI-DA-2016_2018_Relat\u00f3rio.pdf\">pdf<\/a>)<\/p>\n<p>19. <strong>&#8220;Distribui\u00e7\u00e3o e endemismo de peixes na ecorregi\u00e3o Mata Atl\u00e2ntica Nordeste&#8221; &#8211; 2015-2016<\/strong>\u00a0Relat\u00f3rio apresentado relativo a bolsa PCI-E &#8211; Sarmento-Soares L.M. Apresentado em 20 de novembro de 2016.\u00a0 (<a href=\"http:\/\/www.nossacasa.net\/nossosriachos\/doc\/PCI-E1-2015_2016_Relat\u00f3rio.pdf\">pdf<\/a>)<\/p>\n<p>18. &#8220;<strong>Distribui\u00e7\u00e3o e endemismo de peixes na ecorregi\u00e3o Mata Atl\u00e2ntica Nordeste &#8211; Conserva\u00e7\u00e3o da \u00e1gua doce<\/strong>&#8221; &#8211; Proposta apresentada para obten\u00e7\u00e3o de bolsa PCI-DA &#8211; Sarmento-Soares L.M. Apresentado em 5 de junho de 2016. (<a href=\"http:\/\/www.nossacasa.net\/nossosriachos\/doc\/PCI-DA-2016_2017_Proposta.pdf\">pdf<\/a>)<\/p>\n<p>17.\u00a0&#8220;<strong>Distribui\u00e7\u00e3o e endemismo de peixes na ecorregi\u00e3o Mata Atl\u00e2ntica Nordeste&#8221; -Plano de trabalho para 2015 &#8211; 2016<\/strong> &#8211; apresentado como proposta para continua\u00e7\u00e3o de bolsa PCI-E &#8211; Sarmento-Soares L.M. Apresentado em 24 de setembro de 2015. (<a href=\"http:\/\/www.nossacasa.net\/nossosriachos\/doc\/PCI-E1-2015_2016-Proposta.pdf\">pdf<\/a>)<\/p>\n<p>16.\u00a0&#8220;<strong>Distribui\u00e7\u00e3o e endemismo de peixes de \u00e1gua doce ao sul da Mata Atl\u00e2ntica Nordeste&#8221; &#8211; 2014 &#8211; 2015<\/strong> &#8211; Relat\u00f3rio apresentado relativo a bolsa PCI de Sarmento-Soares L.M. Apresentado em 21 de novembro de 2015. (<a href=\"http:\/\/www.nossacasa.net\/nossosriachos\/doc\/PCI-E1-2014_2015_Relat\u00f3rio.pdf\">pdf<\/a>)<\/p>\n<p>15.\u00a0&#8220;<strong>Distribui\u00e7\u00e3o e endemismo de peixes de \u00e1gua doce ao sul da Mata Atl\u00e2ntica Nordeste&#8221; &#8211; 2014 &#8211; 2015<\/strong> &#8211; Projeto apresentado como proposta para obten\u00e7\u00e3o de bolsa PCI-E &#8211; Sarmento-Soares L.M. Apresentado em 20 de setembro de 2014. (<a href=\"http:\/\/www.nossacasa.net\/nossosriachos\/doc\/PCI-E1-2014_2015_Proposta.pdf\">pdf<\/a>)<\/p>\n<p>14. <strong>Rela\u00e7\u00e3o de lotes de peixes de \u00e1gua doce do Esp\u00edrito Santo dispon\u00edveis nos bancos de dados p\u00fablicos das principais cole\u00e7\u00f5es icti\u00f3logicas do pa\u00eds considerados nos Projetos <em>BIOdiversES<\/em> e <em>DiversidadES<\/em><\/strong> Sarmento-Soares, L.M. &amp; Martins-Pinheiro, R.F. Novembro de 2012. (<a href=\"http:\/\/www.nossacasa.net\/nossosriachos\/doc\/anexo_b.pdf\" target=\"_blank\" rel=\"noreferrer noopener\">pdf<\/a>)<\/p>\n<p>13. <strong>Rela\u00e7\u00e3o de lotes de peixes de \u00e1gua doce coletados no Esp\u00edrito Santo durante os Projetos <em>BIOdiversES<\/em> e <em>DiversidadES<\/em><\/strong> Sarmento-Soares, L.M. &amp; Martins-Pinheiro, R.F. Novembro de 2012. (<a href=\"http:\/\/www.nossacasa.net\/nossosriachos\/doc\/anexo_a.pdf\" target=\"_blank\" rel=\"noreferrer noopener\">pdf<\/a>)<\/p>\n<p>12. <strong>Distribui\u00e7\u00e3o e Endemismo de Peixes de Riacho do Esp\u00edrito Santo &#8211; Projeto <em>BIOdiversES<\/em> &#8211; 2008 &#8211; 2010 &#8211; Relat\u00f3rio T\u00e9cnico<\/strong> Sarmento-Soares, L.M. &amp; Martins-Pinheiro, R.F. Novembro de 2012. (<a href=\"http:\/\/www.nossacasa.net\/nossosriachos\/doc\/2010_BioDiversES_Relat\u00f3rio_T\u00e9cnico.pdf\" target=\"_blank\" rel=\"noreferrer noopener\">pdf<\/a>)<\/p>\n<p>11. <strong>Relat\u00f3rio sobre o trabalho de campo realizado na Reserva Biol\u00f3gica de Duas Bocas <em>Projeto DiversidadES<\/em><\/strong> Sarmento-Soares, L.M. &amp; Martins-Pinheiro, R.F. Abril de 2012. (<a href=\"http:\/\/www.nossacasa.net\/nossosriachos\/doc\/2012_Relat\u00f3rio_Duas_Bocas.pdf\" target=\"_blank\" rel=\"noreferrer noopener\">pdf<\/a>)<\/p>\n<p>10. <strong>Relat\u00f3rio sobre o trabalho de campo realizado na Reserva Biol\u00f3gica de Sooretama <em>Projeto DiversidadES<\/em><\/strong> Sarmento-Soares, L.M. &amp; Martins-Pinheiro, R.F. Abril de 2012. (<a href=\"http:\/\/www.nossacasa.net\/nossosriachos\/doc\/2012_Relat\u00f3rio_Sooretama.pdf\" target=\"_blank\" rel=\"noreferrer noopener\">pdf<\/a>)<\/p>\n<p>9. <strong>Relat\u00f3rio sobre o trabalho de campo realizado no Parque Nacional do Capara\u00f3 <em>Projeto DiversidadES<\/em><\/strong> Sarmento-Soares, L.M. &amp; Martins-Pinheiro, R.F. Setembro de 2011. (<a href=\"http:\/\/www.nossacasa.net\/nossosriachos\/doc\/2011_Relat\u00f3rio_Capara\u00f3.pdf\" target=\"_blank\" rel=\"noreferrer noopener\">pdf<\/a>)<\/p>\n<p>8. <strong>Rela\u00e7\u00e3o do material hist\u00f3rico identificado durante o Projeto Biobahia<\/strong>. Luisa Maria Sarmento-Soares &amp; Ronaldo Fernando Martins-Pinheiro. Novembro de 2008. (<a href=\"http:\/\/www.nossacasa.net\/nossosriachos\/doc\/historico_11.pdf\" target=\"_blank\" rel=\"noreferrer noopener\">pdf<\/a>)<\/p>\n<p>7. <strong>Rela\u00e7\u00e3o do material coletado e identificado pelo Projeto Biobahia- fase 1 e 2<\/strong>. Luisa Maria Sarmento-Soares &amp; Ronaldo Fernando Martins-Pinheiro. Novembro de 2008. (<a href=\"http:\/\/www.nossacasa.net\/nossosriachos\/doc\/biobahia_11.pdf\" target=\"_blank\" rel=\"noreferrer noopener\">pdf<\/a>)<\/p>\n<p>6. <strong>Distribui\u00e7\u00e3o e Endemismo de Peixes de Riacho do Esp\u00edrito Santo &#8211; Projeto BIOdiversES<\/strong> &#8211; Projeto de Pesquisa Cient\u00edfica &#8211; 2008 &#8211; 2010 &#8211; Edital Universal Mct\/Cnpq 14-2008. Luisa Maria Sarmento-Soares. Proposta apresentada em 6 de agoto de 2008. (<a href=\"http:\/\/www.nossacasa.net\/nossosriachos\/doc\/biodiverses1.pdf\" target=\"_blank\" rel=\"noreferrer noopener\">pdf<\/a>)<\/p>\n<p>5. <strong>Relat\u00f3rio T\u00e9cnico &#8211; Projeto BioBahia<\/strong> Diversidade, endemismo e an\u00e1lise biogeogr\u00e1fica de siluriformes em sistemas h\u00eddricos pouco explorados no extremo sul da bahia (Osteichthyes: Ostariophysi). P\u00f3s-Doutorado S\u00eanior &#8211; PDS, com a UERJ 2006-2007. (<a href=\"http:\/\/www.nossacasa.net\/nossosriachos\/doc\/Relatorio_Tecnico.pdf\" target=\"_blank\" rel=\"noreferrer noopener\">pdf<\/a>)<\/p>\n<p>4. <strong>Plano de Trabalho &#8211; Projeto BioBahia<\/strong> Diversidade, endemismo e an\u00e1lise biogeogr\u00e1fica de siluriformes em sistemas h\u00eddricos pouco explorados no extremo sul da bahia (Osteichthyes: Ostariophysi). P\u00f3s-Doutorado S\u00eanior &#8211; PDS, com a UERJ, 2007-2008. (<a href=\"http:\/\/www.nossacasa.net\/nossosriachos\/doc\/Plano_de_Trabalho.pdf\" target=\"_blank\" rel=\"noreferrer noopener\">pdf<\/a>)<\/p>\n<p>3. <b>Evaluation of fish fauna<\/b> in less explored aquatic systems of southern Bahia- BioBahia project II. Sarmento-Soares. 2007 (<a href=\"http:\/\/www.nossacasa.net\/nossosriachos\/doc\/06-45_Sarmento_Soares.pdf\" target=\"_blank\" rel=\"noopener noreferrer\">pdf<\/a>)<\/p>\n<p>2. <strong>Projeto BioBahia<\/strong> Diversidade, endemismo e an\u00e1lise biogeogr\u00e1fica de siluriformes em sistemas h\u00eddricos pouco explorados no extremo sul da bahia (Osteichthyes: Ostariophysi). P\u00f3s-Doutorado S\u00eanior &#8211; PDS, com a UERJ, aprovado pelo CNPq em 25\/10\/2006. (<a href=\"http:\/\/www.nossacasa.net\/nossosriachos\/doc\/Projeto_BioBahia.pdf\" target=\"_blank\" rel=\"noreferrer noopener\">pdf<\/a>)<\/p>\n<p>1. <strong>Evaluation of fish fauna<\/strong> in less explored aquatic systems of southern Bahia- BioBahia project I. Sarmento-Soares. 2005. (<a href=\"http:\/\/www.nossacasa.net\/nossosriachos\/doc\/04-15_Sarmento_Soares.pdf\" target=\"_blank\" rel=\"noreferrer noopener\">pdf<\/a>)<\/p>\n<\/div>\n","protected":false},"excerpt":{"rendered":"<p>22.\u00a0&#8220;Manejo e monitoramento dos recursos h\u00eddricos nas unidades de conserva\u00e7\u00e3o federais e seus entorno, no extremo norte do Esp\u00edrito Santo. &#8211; Proposta apresentada para Edital da Funda\u00e7\u00e3o Botic\u00e1rio em 2019. (pdf) 21.\u00a0&#8220;Distribui\u00e7\u00e3o e endemismo de peixes na ecorregi\u00e3o Mata Atl\u00e2ntica Nordeste &#8211; Conserva\u00e7\u00e3o da \u00e1gua doce&#8221; 2017-2018 &#8211; apresentado como proposta para continua\u00e7\u00e3o de bolsa &hellip; <\/p>\n<p class=\"link-more\"><a href=\"http:\/\/nossacasa.net\/nossosriachos\/projetos-e-relatorios\/\" class=\"more-link\">Continue lendo<span class=\"screen-reader-text\"> &#8220;Projetos e Relat\u00f3rios&#8221;<\/span><\/a><\/p>\n","protected":false},"author":1,"featured_media":605,"parent":0,"menu_order":0,"comment_status":"closed","ping_status":"closed","template":"","meta":{"footnotes":""},"class_list":["post-602","page","type-page","status-publish","has-post-thumbnail","hentry"],"_links":{"self":[{"href":"http:\/\/nossacasa.net\/nossosriachos\/wp-json\/wp\/v2\/pages\/602","targetHints":{"allow":["GET"]}}],"collection":[{"href":"http:\/\/nossacasa.net\/nossosriachos\/wp-json\/wp\/v2\/pages"}],"about":[{"href":"http:\/\/nossacasa.net\/nossosriachos\/wp-json\/wp\/v2\/types\/page"}],"author":[{"embeddable":true,"href":"http:\/\/nossacasa.net\/nossosriachos\/wp-json\/wp\/v2\/users\/1"}],"replies":[{"embeddable":true,"href":"http:\/\/nossacasa.net\/nossosriachos\/wp-json\/wp\/v2\/comments?post=602"}],"version-history":[{"count":10,"href":"http:\/\/nossacasa.net\/nossosriachos\/wp-json\/wp\/v2\/pages\/602\/revisions"}],"predecessor-version":[{"id":689,"href":"http:\/\/nossacasa.net\/nossosriachos\/wp-json\/wp\/v2\/pages\/602\/revisions\/689"}],"wp:featuredmedia":[{"embeddable":true,"href":"http:\/\/nossacasa.net\/nossosriachos\/wp-json\/wp\/v2\/media\/605"}],"wp:attachment":[{"href":"http:\/\/nossacasa.net\/nossosriachos\/wp-json\/wp\/v2\/media?parent=602"}],"curies":[{"name":"wp","href":"https:\/\/api.w.org\/{rel}","templated":true}]}}